{"id":6545,"date":"2019-10-19T12:34:03","date_gmt":"2019-10-19T10:34:03","guid":{"rendered":"https:\/\/espiritodacomporta.com\/kontakt-zu-uns\/"},"modified":"2024-06-06T10:23:33","modified_gmt":"2024-06-06T08:23:33","slug":"kontakt-zu-uns","status":"publish","type":"page","link":"https:\/\/espiritodacomporta.com\/de\/kontakt-zu-uns\/","title":{"rendered":"Kontakt zu uns"},"content":{"rendered":"\n<div class=\"wpcf7 no-js\" id=\"wpcf7-f58058-o1\" lang=\"de-DE\" dir=\"ltr\" data-wpcf7-id=\"58058\">\n<div class=\"screen-reader-response\"><p role=\"status\" aria-live=\"polite\" aria-atomic=\"true\"><\/p> <ul><\/ul><\/div>\n<form action=\"\/de\/wp-json\/wp\/v2\/pages\/6545#wpcf7-f58058-o1\" method=\"post\" class=\"wpcf7-form init\" aria-label=\"Contact form\" novalidate=\"novalidate\" data-status=\"init\">\n<fieldset class=\"hidden-fields-container\"><input type=\"hidden\" name=\"_wpcf7\" value=\"58058\" \/><input type=\"hidden\" name=\"_wpcf7_version\" value=\"6.1.5\" \/><input type=\"hidden\" name=\"_wpcf7_locale\" value=\"de_DE\" \/><input type=\"hidden\" name=\"_wpcf7_unit_tag\" value=\"wpcf7-f58058-o1\" \/><input type=\"hidden\" name=\"_wpcf7_container_post\" value=\"0\" \/><input type=\"hidden\" name=\"_wpcf7_posted_data_hash\" value=\"\" \/><input type=\"hidden\" name=\"_wpcf7_recaptcha_response\" value=\"\" \/>\n<\/fieldset>\n<p><span class=\"wpcf7-form-control-wrap\" data-name=\"your-name\"><input size=\"40\" maxlength=\"400\" class=\"wpcf7-form-control wpcf7-text wpcf7-validates-as-required\" aria-required=\"true\" aria-invalid=\"false\" placeholder=\"Nachname\" value=\"\" type=\"text\" name=\"your-name\" \/><\/span><br \/>\n<span class=\"wpcf7-form-control-wrap\" data-name=\"your-firstname\"><input size=\"40\" maxlength=\"400\" class=\"wpcf7-form-control wpcf7-text wpcf7-validates-as-required\" aria-required=\"true\" aria-invalid=\"false\" placeholder=\"Vorname\" value=\"\" type=\"text\" name=\"your-firstname\" \/><\/span><br \/>\n<span class=\"wpcf7-form-control-wrap\" data-name=\"your-email\"><input size=\"40\" maxlength=\"400\" class=\"wpcf7-form-control wpcf7-email wpcf7-validates-as-required wpcf7-text wpcf7-validates-as-email\" aria-required=\"true\" aria-invalid=\"false\" placeholder=\"E-Mail\" value=\"\" type=\"email\" name=\"your-email\" \/><\/span><br \/>\n<span class=\"wpcf7-form-control-wrap\" data-name=\"your-subject\"><input size=\"40\" maxlength=\"400\" class=\"wpcf7-form-control wpcf7-text\" aria-invalid=\"false\" placeholder=\"Betreff\" value=\"\" type=\"text\" name=\"your-subject\" \/><\/span>\n<\/p>\n<p><span class=\"wpcf7-form-control-wrap\" data-name=\"your-message\"><textarea cols=\"40\" rows=\"10\" maxlength=\"2000\" class=\"wpcf7-form-control wpcf7-textarea\" aria-invalid=\"false\" placeholder=\"Nachricht\" name=\"your-message\"><\/textarea><\/span>\n<\/p>\n<p><input class=\"wpcf7-form-control wpcf7-submit has-spinner\" type=\"submit\" value=\"Senden\" \/>\n<\/p><div class=\"wpcf7-response-output\" aria-hidden=\"true\"><\/div>\n<\/form>\n<\/div>\n\n","protected":false},"excerpt":{"rendered":"","protected":false},"author":1,"featured_media":0,"parent":0,"menu_order":0,"comment_status":"closed","ping_status":"closed","template":"views\/page-no-floating-menu.blade.php","meta":{"_acf_changed":false,"inline_featured_image":false,"footnotes":""},"class_list":["post-6545","page","type-page","status-publish","hentry"],"acf":[],"yoast_head":"<!-- This site is optimized with the Yoast SEO Premium plugin v27.2 (Yoast SEO v27.2) - https:\/\/yoast.com\/product\/yoast-seo-premium-wordpress\/ -->\n<title>Espirito da Comporta - Kontakt f\u00fcr Ferienh\u00e4user Comporta Portugal<\/title>\n<meta name=\"description\" content=\"Kontakt zu uns - Vermietung von Ferienh\u00e4usern und Bungalows an den Reisfeldern in Comporta in Portugal.\" \/>\n<meta name=\"robots\" content=\"index, follow, max-snippet:-1, max-image-preview:large, max-video-preview:-1\" \/>\n<link rel=\"canonical\" href=\"https:\/\/espiritodacomporta.com\/de\/kontakt-zu-uns\/\" \/>\n<meta property=\"og:locale\" content=\"de_DE\" \/>\n<meta property=\"og:type\" content=\"article\" \/>\n<meta property=\"og:title\" content=\"Kontakt zu uns\" \/>\n<meta property=\"og:description\" content=\"Kontakt zu uns - Vermietung von Ferienh\u00e4usern und Bungalows an den Reisfeldern in Comporta in Portugal.\" \/>\n<meta property=\"og:url\" content=\"https:\/\/espiritodacomporta.com\/de\/kontakt-zu-uns\/\" \/>\n<meta property=\"og:site_name\" content=\"Live &amp; Feel Comporta Portugal\" \/>\n<meta property=\"article:modified_time\" content=\"2024-06-06T08:23:33+00:00\" \/>\n<meta name=\"twitter:card\" content=\"summary_large_image\" \/>\n<meta name=\"twitter:label1\" content=\"Est. reading time\" \/>\n\t<meta name=\"twitter:data1\" content=\"1 minute\" \/>\n<script type=\"application\/ld+json\" class=\"yoast-schema-graph\">{\"@context\":\"https:\/\/schema.org\",\"@graph\":[{\"@type\":\"WebPage\",\"@id\":\"https:\/\/espiritodacomporta.com\/de\/kontakt-zu-uns\/\",\"url\":\"https:\/\/espiritodacomporta.com\/de\/kontakt-zu-uns\/\",\"name\":\"Espirito da Comporta - Kontakt f\u00fcr Ferienh\u00e4user Comporta Portugal\",\"isPartOf\":{\"@id\":\"https:\/\/espiritodacomporta.com\/de\/#website\"},\"datePublished\":\"2019-10-19T10:34:03+00:00\",\"dateModified\":\"2024-06-06T08:23:33+00:00\",\"description\":\"Kontakt zu uns - Vermietung von Ferienh\u00e4usern und Bungalows an den Reisfeldern in Comporta in Portugal.\",\"breadcrumb\":{\"@id\":\"https:\/\/espiritodacomporta.com\/de\/kontakt-zu-uns\/#breadcrumb\"},\"inLanguage\":\"de-DE\",\"potentialAction\":[{\"@type\":\"ReadAction\",\"target\":[\"https:\/\/espiritodacomporta.com\/de\/kontakt-zu-uns\/\"]}]},{\"@type\":\"BreadcrumbList\",\"@id\":\"https:\/\/espiritodacomporta.com\/de\/kontakt-zu-uns\/#breadcrumb\",\"itemListElement\":[{\"@type\":\"ListItem\",\"position\":1,\"name\":\"Home\",\"item\":\"https:\/\/espiritodacomporta.com\/de\/\"},{\"@type\":\"ListItem\",\"position\":2,\"name\":\"Kontakt zu uns\"}]},{\"@type\":\"WebSite\",\"@id\":\"https:\/\/espiritodacomporta.com\/de\/#website\",\"url\":\"https:\/\/espiritodacomporta.com\/de\/\",\"name\":\"Live & Feel Comporta Portugal\",\"description\":\"\",\"publisher\":{\"@id\":\"https:\/\/espiritodacomporta.com\/de\/#organization\"},\"potentialAction\":[{\"@type\":\"SearchAction\",\"target\":{\"@type\":\"EntryPoint\",\"urlTemplate\":\"https:\/\/espiritodacomporta.com\/de\/?s={search_term_string}\"},\"query-input\":{\"@type\":\"PropertyValueSpecification\",\"valueRequired\":true,\"valueName\":\"search_term_string\"}}],\"inLanguage\":\"de-DE\"},{\"@type\":\"Organization\",\"@id\":\"https:\/\/espiritodacomporta.com\/de\/#organization\",\"name\":\"Espirito da Comporta\",\"url\":\"https:\/\/espiritodacomporta.com\/de\/\",\"logo\":{\"@type\":\"ImageObject\",\"inLanguage\":\"de-DE\",\"@id\":\"https:\/\/espiritodacomporta.com\/de\/#\/schema\/logo\/image\/\",\"url\":\"https:\/\/espiritodacomporta.com\/app\/uploads\/2023\/09\/LOGO-SIGNATURE@4x.png\",\"contentUrl\":\"https:\/\/espiritodacomporta.com\/app\/uploads\/2023\/09\/LOGO-SIGNATURE@4x.png\",\"width\":321,\"height\":385,\"caption\":\"Espirito da Comporta\"},\"image\":{\"@id\":\"https:\/\/espiritodacomporta.com\/de\/#\/schema\/logo\/image\/\"},\"sameAs\":[\"https:\/\/www.instagram.com\/almadacomporta\/\"]}]}<\/script>\n<!-- \/ Yoast SEO Premium plugin. -->","yoast_head_json":{"title":"Espirito da Comporta - Kontakt f\u00fcr Ferienh\u00e4user Comporta Portugal","description":"Kontakt zu uns - Vermietung von Ferienh\u00e4usern und Bungalows an den Reisfeldern in Comporta in Portugal.","robots":{"index":"index","follow":"follow","max-snippet":"max-snippet:-1","max-image-preview":"max-image-preview:large","max-video-preview":"max-video-preview:-1"},"canonical":"https:\/\/espiritodacomporta.com\/de\/kontakt-zu-uns\/","og_locale":"de_DE","og_type":"article","og_title":"Kontakt zu uns","og_description":"Kontakt zu uns - Vermietung von Ferienh\u00e4usern und Bungalows an den Reisfeldern in Comporta in Portugal.","og_url":"https:\/\/espiritodacomporta.com\/de\/kontakt-zu-uns\/","og_site_name":"Live &amp; Feel Comporta Portugal","article_modified_time":"2024-06-06T08:23:33+00:00","twitter_card":"summary_large_image","twitter_misc":{"Est. reading time":"1 minute"},"schema":{"@context":"https:\/\/schema.org","@graph":[{"@type":"WebPage","@id":"https:\/\/espiritodacomporta.com\/de\/kontakt-zu-uns\/","url":"https:\/\/espiritodacomporta.com\/de\/kontakt-zu-uns\/","name":"Espirito da Comporta - Kontakt f\u00fcr Ferienh\u00e4user Comporta Portugal","isPartOf":{"@id":"https:\/\/espiritodacomporta.com\/de\/#website"},"datePublished":"2019-10-19T10:34:03+00:00","dateModified":"2024-06-06T08:23:33+00:00","description":"Kontakt zu uns - Vermietung von Ferienh\u00e4usern und Bungalows an den Reisfeldern in Comporta in Portugal.","breadcrumb":{"@id":"https:\/\/espiritodacomporta.com\/de\/kontakt-zu-uns\/#breadcrumb"},"inLanguage":"de-DE","potentialAction":[{"@type":"ReadAction","target":["https:\/\/espiritodacomporta.com\/de\/kontakt-zu-uns\/"]}]},{"@type":"BreadcrumbList","@id":"https:\/\/espiritodacomporta.com\/de\/kontakt-zu-uns\/#breadcrumb","itemListElement":[{"@type":"ListItem","position":1,"name":"Home","item":"https:\/\/espiritodacomporta.com\/de\/"},{"@type":"ListItem","position":2,"name":"Kontakt zu uns"}]},{"@type":"WebSite","@id":"https:\/\/espiritodacomporta.com\/de\/#website","url":"https:\/\/espiritodacomporta.com\/de\/","name":"Live & Feel Comporta Portugal","description":"","publisher":{"@id":"https:\/\/espiritodacomporta.com\/de\/#organization"},"potentialAction":[{"@type":"SearchAction","target":{"@type":"EntryPoint","urlTemplate":"https:\/\/espiritodacomporta.com\/de\/?s={search_term_string}"},"query-input":{"@type":"PropertyValueSpecification","valueRequired":true,"valueName":"search_term_string"}}],"inLanguage":"de-DE"},{"@type":"Organization","@id":"https:\/\/espiritodacomporta.com\/de\/#organization","name":"Espirito da Comporta","url":"https:\/\/espiritodacomporta.com\/de\/","logo":{"@type":"ImageObject","inLanguage":"de-DE","@id":"https:\/\/espiritodacomporta.com\/de\/#\/schema\/logo\/image\/","url":"https:\/\/espiritodacomporta.com\/app\/uploads\/2023\/09\/LOGO-SIGNATURE@4x.png","contentUrl":"https:\/\/espiritodacomporta.com\/app\/uploads\/2023\/09\/LOGO-SIGNATURE@4x.png","width":321,"height":385,"caption":"Espirito da Comporta"},"image":{"@id":"https:\/\/espiritodacomporta.com\/de\/#\/schema\/logo\/image\/"},"sameAs":["https:\/\/www.instagram.com\/almadacomporta\/"]}]}},"_links":{"self":[{"href":"https:\/\/espiritodacomporta.com\/de\/wp-json\/wp\/v2\/pages\/6545","targetHints":{"allow":["GET"]}}],"collection":[{"href":"https:\/\/espiritodacomporta.com\/de\/wp-json\/wp\/v2\/pages"}],"about":[{"href":"https:\/\/espiritodacomporta.com\/de\/wp-json\/wp\/v2\/types\/page"}],"author":[{"embeddable":true,"href":"https:\/\/espiritodacomporta.com\/de\/wp-json\/wp\/v2\/users\/1"}],"replies":[{"embeddable":true,"href":"https:\/\/espiritodacomporta.com\/de\/wp-json\/wp\/v2\/comments?post=6545"}],"version-history":[{"count":0,"href":"https:\/\/espiritodacomporta.com\/de\/wp-json\/wp\/v2\/pages\/6545\/revisions"}],"wp:attachment":[{"href":"https:\/\/espiritodacomporta.com\/de\/wp-json\/wp\/v2\/media?parent=6545"}],"curies":[{"name":"wp","href":"https:\/\/api.w.org\/{rel}","templated":true}]}}