{"id":6552,"date":"2019-10-19T12:34:10","date_gmt":"2019-10-19T10:34:10","guid":{"rendered":"https:\/\/espiritodacomporta.com\/adressen\/"},"modified":"2019-10-29T11:28:40","modified_gmt":"2019-10-29T09:28:40","slug":"adressen","status":"publish","type":"page","link":"https:\/\/espiritodacomporta.com\/de\/adressen\/","title":{"rendered":"Adressen"},"content":{"rendered":"","protected":false},"excerpt":{"rendered":"","protected":false},"author":1,"featured_media":54631,"parent":0,"menu_order":0,"comment_status":"closed","ping_status":"closed","template":"views\/template-adress-book.blade.php","meta":{"_acf_changed":false,"inline_featured_image":false,"footnotes":""},"class_list":["post-6552","page","type-page","status-publish","has-post-thumbnail","hentry"],"acf":[],"yoast_head":"<!-- This site is optimized with the Yoast SEO Premium plugin v27.2 (Yoast SEO v27.2) - https:\/\/yoast.com\/product\/yoast-seo-premium-wordpress\/ -->\n<title>Die besten Adressen in Comporta, Portugal \u2013 Restaurants, Aktivit\u00e4ten, Shopping<\/title>\n<meta name=\"description\" content=\"Entdecken Sie jetzt die besten Pl\u00e4tze und unsere Lieblingsorte in Comporta, Portugal: Restaurants, Bars und Caf\u00e9s, Aktivit\u00e4ten und Gesch\u00e4fte.\" \/>\n<meta name=\"robots\" content=\"index, follow, max-snippet:-1, max-image-preview:large, max-video-preview:-1\" \/>\n<link rel=\"canonical\" href=\"https:\/\/espiritodacomporta.com\/de\/adressen\/\" \/>\n<meta property=\"og:locale\" content=\"de_DE\" \/>\n<meta property=\"og:type\" content=\"article\" \/>\n<meta property=\"og:title\" content=\"Adressen\" \/>\n<meta property=\"og:description\" content=\"Entdecken Sie jetzt die besten Pl\u00e4tze und unsere Lieblingsorte in Comporta, Portugal: Restaurants, Bars und Caf\u00e9s, Aktivit\u00e4ten und Gesch\u00e4fte.\" \/>\n<meta property=\"og:url\" content=\"https:\/\/espiritodacomporta.com\/de\/adressen\/\" \/>\n<meta property=\"og:site_name\" content=\"Live &amp; Feel Comporta Portugal\" \/>\n<meta property=\"article:modified_time\" content=\"2019-10-29T09:28:40+00:00\" \/>\n<meta name=\"twitter:card\" content=\"summary_large_image\" \/>\n<script type=\"application\/ld+json\" class=\"yoast-schema-graph\">{\"@context\":\"https:\/\/schema.org\",\"@graph\":[{\"@type\":\"WebPage\",\"@id\":\"https:\/\/espiritodacomporta.com\/de\/adressen\/\",\"url\":\"https:\/\/espiritodacomporta.com\/de\/adressen\/\",\"name\":\"Die besten Adressen in Comporta, Portugal \u2013 Restaurants, Aktivit\u00e4ten, Shopping\",\"isPartOf\":{\"@id\":\"https:\/\/espiritodacomporta.com\/de\/#website\"},\"primaryImageOfPage\":{\"@id\":\"https:\/\/espiritodacomporta.com\/de\/adressen\/#primaryimage\"},\"image\":{\"@id\":\"https:\/\/espiritodacomporta.com\/de\/adressen\/#primaryimage\"},\"thumbnailUrl\":\"https:\/\/espiritodacomporta.com\/app\/uploads\/2023\/10\/page-address-book.png\",\"datePublished\":\"2019-10-19T10:34:10+00:00\",\"dateModified\":\"2019-10-29T09:28:40+00:00\",\"description\":\"Entdecken Sie jetzt die besten Pl\u00e4tze und unsere Lieblingsorte in Comporta, Portugal: Restaurants, Bars und Caf\u00e9s, Aktivit\u00e4ten und Gesch\u00e4fte.\",\"breadcrumb\":{\"@id\":\"https:\/\/espiritodacomporta.com\/de\/adressen\/#breadcrumb\"},\"inLanguage\":\"de-DE\",\"potentialAction\":[{\"@type\":\"ReadAction\",\"target\":[\"https:\/\/espiritodacomporta.com\/de\/adressen\/\"]}]},{\"@type\":\"ImageObject\",\"inLanguage\":\"de-DE\",\"@id\":\"https:\/\/espiritodacomporta.com\/de\/adressen\/#primaryimage\",\"url\":\"https:\/\/espiritodacomporta.com\/app\/uploads\/2023\/10\/page-address-book.png\",\"contentUrl\":\"https:\/\/espiritodacomporta.com\/app\/uploads\/2023\/10\/page-address-book.png\",\"width\":1440,\"height\":661},{\"@type\":\"BreadcrumbList\",\"@id\":\"https:\/\/espiritodacomporta.com\/de\/adressen\/#breadcrumb\",\"itemListElement\":[{\"@type\":\"ListItem\",\"position\":1,\"name\":\"Home\",\"item\":\"https:\/\/espiritodacomporta.com\/de\/\"},{\"@type\":\"ListItem\",\"position\":2,\"name\":\"Adressen\"}]},{\"@type\":\"WebSite\",\"@id\":\"https:\/\/espiritodacomporta.com\/de\/#website\",\"url\":\"https:\/\/espiritodacomporta.com\/de\/\",\"name\":\"Live & Feel Comporta Portugal\",\"description\":\"\",\"publisher\":{\"@id\":\"https:\/\/espiritodacomporta.com\/de\/#organization\"},\"potentialAction\":[{\"@type\":\"SearchAction\",\"target\":{\"@type\":\"EntryPoint\",\"urlTemplate\":\"https:\/\/espiritodacomporta.com\/de\/?s={search_term_string}\"},\"query-input\":{\"@type\":\"PropertyValueSpecification\",\"valueRequired\":true,\"valueName\":\"search_term_string\"}}],\"inLanguage\":\"de-DE\"},{\"@type\":\"Organization\",\"@id\":\"https:\/\/espiritodacomporta.com\/de\/#organization\",\"name\":\"Espirito da Comporta\",\"url\":\"https:\/\/espiritodacomporta.com\/de\/\",\"logo\":{\"@type\":\"ImageObject\",\"inLanguage\":\"de-DE\",\"@id\":\"https:\/\/espiritodacomporta.com\/de\/#\/schema\/logo\/image\/\",\"url\":\"https:\/\/espiritodacomporta.com\/app\/uploads\/2023\/09\/LOGO-SIGNATURE@4x.png\",\"contentUrl\":\"https:\/\/espiritodacomporta.com\/app\/uploads\/2023\/09\/LOGO-SIGNATURE@4x.png\",\"width\":321,\"height\":385,\"caption\":\"Espirito da Comporta\"},\"image\":{\"@id\":\"https:\/\/espiritodacomporta.com\/de\/#\/schema\/logo\/image\/\"},\"sameAs\":[\"https:\/\/www.instagram.com\/almadacomporta\/\"]}]}<\/script>\n<!-- \/ Yoast SEO Premium plugin. -->","yoast_head_json":{"title":"Die besten Adressen in Comporta, Portugal \u2013 Restaurants, Aktivit\u00e4ten, Shopping","description":"Entdecken Sie jetzt die besten Pl\u00e4tze und unsere Lieblingsorte in Comporta, Portugal: Restaurants, Bars und Caf\u00e9s, Aktivit\u00e4ten und Gesch\u00e4fte.","robots":{"index":"index","follow":"follow","max-snippet":"max-snippet:-1","max-image-preview":"max-image-preview:large","max-video-preview":"max-video-preview:-1"},"canonical":"https:\/\/espiritodacomporta.com\/de\/adressen\/","og_locale":"de_DE","og_type":"article","og_title":"Adressen","og_description":"Entdecken Sie jetzt die besten Pl\u00e4tze und unsere Lieblingsorte in Comporta, Portugal: Restaurants, Bars und Caf\u00e9s, Aktivit\u00e4ten und Gesch\u00e4fte.","og_url":"https:\/\/espiritodacomporta.com\/de\/adressen\/","og_site_name":"Live &amp; Feel Comporta Portugal","article_modified_time":"2019-10-29T09:28:40+00:00","twitter_card":"summary_large_image","schema":{"@context":"https:\/\/schema.org","@graph":[{"@type":"WebPage","@id":"https:\/\/espiritodacomporta.com\/de\/adressen\/","url":"https:\/\/espiritodacomporta.com\/de\/adressen\/","name":"Die besten Adressen in Comporta, Portugal \u2013 Restaurants, Aktivit\u00e4ten, Shopping","isPartOf":{"@id":"https:\/\/espiritodacomporta.com\/de\/#website"},"primaryImageOfPage":{"@id":"https:\/\/espiritodacomporta.com\/de\/adressen\/#primaryimage"},"image":{"@id":"https:\/\/espiritodacomporta.com\/de\/adressen\/#primaryimage"},"thumbnailUrl":"https:\/\/espiritodacomporta.com\/app\/uploads\/2023\/10\/page-address-book.png","datePublished":"2019-10-19T10:34:10+00:00","dateModified":"2019-10-29T09:28:40+00:00","description":"Entdecken Sie jetzt die besten Pl\u00e4tze und unsere Lieblingsorte in Comporta, Portugal: Restaurants, Bars und Caf\u00e9s, Aktivit\u00e4ten und Gesch\u00e4fte.","breadcrumb":{"@id":"https:\/\/espiritodacomporta.com\/de\/adressen\/#breadcrumb"},"inLanguage":"de-DE","potentialAction":[{"@type":"ReadAction","target":["https:\/\/espiritodacomporta.com\/de\/adressen\/"]}]},{"@type":"ImageObject","inLanguage":"de-DE","@id":"https:\/\/espiritodacomporta.com\/de\/adressen\/#primaryimage","url":"https:\/\/espiritodacomporta.com\/app\/uploads\/2023\/10\/page-address-book.png","contentUrl":"https:\/\/espiritodacomporta.com\/app\/uploads\/2023\/10\/page-address-book.png","width":1440,"height":661},{"@type":"BreadcrumbList","@id":"https:\/\/espiritodacomporta.com\/de\/adressen\/#breadcrumb","itemListElement":[{"@type":"ListItem","position":1,"name":"Home","item":"https:\/\/espiritodacomporta.com\/de\/"},{"@type":"ListItem","position":2,"name":"Adressen"}]},{"@type":"WebSite","@id":"https:\/\/espiritodacomporta.com\/de\/#website","url":"https:\/\/espiritodacomporta.com\/de\/","name":"Live & Feel Comporta Portugal","description":"","publisher":{"@id":"https:\/\/espiritodacomporta.com\/de\/#organization"},"potentialAction":[{"@type":"SearchAction","target":{"@type":"EntryPoint","urlTemplate":"https:\/\/espiritodacomporta.com\/de\/?s={search_term_string}"},"query-input":{"@type":"PropertyValueSpecification","valueRequired":true,"valueName":"search_term_string"}}],"inLanguage":"de-DE"},{"@type":"Organization","@id":"https:\/\/espiritodacomporta.com\/de\/#organization","name":"Espirito da Comporta","url":"https:\/\/espiritodacomporta.com\/de\/","logo":{"@type":"ImageObject","inLanguage":"de-DE","@id":"https:\/\/espiritodacomporta.com\/de\/#\/schema\/logo\/image\/","url":"https:\/\/espiritodacomporta.com\/app\/uploads\/2023\/09\/LOGO-SIGNATURE@4x.png","contentUrl":"https:\/\/espiritodacomporta.com\/app\/uploads\/2023\/09\/LOGO-SIGNATURE@4x.png","width":321,"height":385,"caption":"Espirito da Comporta"},"image":{"@id":"https:\/\/espiritodacomporta.com\/de\/#\/schema\/logo\/image\/"},"sameAs":["https:\/\/www.instagram.com\/almadacomporta\/"]}]}},"_links":{"self":[{"href":"https:\/\/espiritodacomporta.com\/de\/wp-json\/wp\/v2\/pages\/6552","targetHints":{"allow":["GET"]}}],"collection":[{"href":"https:\/\/espiritodacomporta.com\/de\/wp-json\/wp\/v2\/pages"}],"about":[{"href":"https:\/\/espiritodacomporta.com\/de\/wp-json\/wp\/v2\/types\/page"}],"author":[{"embeddable":true,"href":"https:\/\/espiritodacomporta.com\/de\/wp-json\/wp\/v2\/users\/1"}],"replies":[{"embeddable":true,"href":"https:\/\/espiritodacomporta.com\/de\/wp-json\/wp\/v2\/comments?post=6552"}],"version-history":[{"count":0,"href":"https:\/\/espiritodacomporta.com\/de\/wp-json\/wp\/v2\/pages\/6552\/revisions"}],"wp:featuredmedia":[{"embeddable":true,"href":"https:\/\/espiritodacomporta.com\/de\/wp-json\/wp\/v2\/media\/54631"}],"wp:attachment":[{"href":"https:\/\/espiritodacomporta.com\/de\/wp-json\/wp\/v2\/media?parent=6552"}],"curies":[{"name":"wp","href":"https:\/\/api.w.org\/{rel}","templated":true}]}}