{"id":7319,"date":"2019-10-30T11:34:13","date_gmt":"2019-10-30T09:34:13","guid":{"rendered":"https:\/\/espiritodacomporta.com\/datenschutzerklaerung\/"},"modified":"2019-10-30T11:34:23","modified_gmt":"2019-10-30T09:34:23","slug":"datenschutzerklaerung","status":"publish","type":"page","link":"https:\/\/espiritodacomporta.com\/de\/datenschutzerklaerung\/","title":{"rendered":"Datenschutzerkl\u00e4rung"},"content":{"rendered":"\n<h2 class=\"wp-block-heading\">Wer wir sind<\/h2>\n\n<p>Unsere Website-Adresse lautet: http:\/\/example.com.<\/p>\n\n<h2 class=\"wp-block-heading\">Welche personenbezogenen Daten wir zu welchem Zweck speichern<\/h2>\n\n<h3 class=\"wp-block-heading\">Kommentare<\/h3>\n\n<p>Wenn Besucher Kommentare auf der Website hinterlassen, speichern wir die im Kommentarformular angezeigten Daten, sowie die IP-Adresse des Besuchers und die User-Agent-Info des Browsers, um Spam leichter erkennen zu k\u00f6nnen.<\/p>\n\n<p>Eine aus Ihrer E-Mail-Adresse erstellte anonymisierte Zeichenfolge (auch Hash genannt) kann an Gravatar \u00fcbermittelt werden, um festzustellen, ob Sie diesen Dienst nutzen. Die Datenschutzerkl\u00e4rung von Gravatar finden Sie hier: https:\/\/automattic.com\/privacy\/ Nach der Freigabe Ihres Kommentars ist Ihr Profilbild im Rahmen Ihres Kommentars f\u00fcr die \u00d6ffentlichkeit sichtbar.<\/p>\n\n<h3 class=\"wp-block-heading\">Medien<\/h3>\n\n<p>Falls Sie Bilder auf die Website hochladen, sollten Sie m\u00f6glicherweise integrierte Standortdaten (EXIF GPS) vorher entfernen. Besucher der Website k\u00f6nnen Standortdaten aus Bildern auslesen, die sie von der Website herunterladen.<\/p>\n\n<h3 class=\"wp-block-heading\">Kontaktformulare<\/h3>\n\n<h3 class=\"wp-block-heading\">Cookies<\/h3>\n\n<p>Wenn Sie einen Kommentar auf unserer Website hinterlassen, haben Sie die M\u00f6glichkeit, Ihren Namen, Ihre E-Mail-Adresse und Ihre Website in Form von Cookies zu speichern. Dies dient Ihrer Bequemlichkeit, damit Sie Ihre Daten nicht erneut eingeben m\u00fcssen, wenn Sie einen weiteren Kommentar hinterlassen. Diese Cookies werden ein Jahr lang gespeichert.<\/p>\n\n<p>Wenn Sie ein Konto haben und sich auf dieser Website anmelden, setzen wir ein tempor\u00e4res Cookie, um festzustellen, ob Ihr Browser Cookies akzeptiert. Dieses Cookie enth\u00e4lt keine personenbezogenen Daten und wird gel\u00f6scht, wenn Sie Ihren Browser schlie\u00dfen.<\/p>\n\n<p>Wenn Sie sich anmelden, legen wir auch mehrere Cookies an, um Ihre Login-Daten und die Bildschirmanzeigeoptionen Ihrer Wahl zu speichern. Login-Cookies werden zwei Tage und Cookies f\u00fcr Bildschirmanzeigeoptionen ein Jahr lang gespeichert. Wenn Sie \u201eAngemeldet bleiben\u201c ausw\u00e4hlen, bleibt Ihr Login zwei Wochen lang bestehen. Wenn Sie sich aus Ihrem Konto ausloggen, werden die Login-Cookies entfernt.<\/p>\n\n<p>Wenn Sie einen Artikel bearbeiten oder ver\u00f6ffentlichen, wird ein zus\u00e4tzliches Cookie in Ihrem Browser gespeichert. Dieses Cookie enth\u00e4lt keine personenbezogenen Daten und verweist lediglich auf die Beitrags-ID des Artikels, den Sie gerade bearbeitet haben. Es verf\u00e4llt nach einem Tag.<\/p>\n\n<h3 class=\"wp-block-heading\">Eingebettete Inhalte von anderen Websites<\/h3>\n\n<p>Artikel auf dieser Website k\u00f6nnen eingebettete Inhalte enthalten (z. B. Videos, Bilder, Artikel,  usw.). Eingebettete Inhalte von anderen Websites verhalten sich genau so, als h\u00e4tte der Besucher diese anderen Websites besucht.<\/p>\n\n<p>Diese Websites k\u00f6nnen Daten \u00fcber Sie sammeln, Cookies verwenden, zus\u00e4tzliches Tracking durch Dritte einbetten und Ihre Interaktion mit diesen eingebetteten Inhalten \u00fcberwachen, einschlie\u00dflich des Trackings Ihrer Interaktion mit den eingebetteten Inhalten, falls Sie ein Konto bei diesen Websites haben und dort eingeloggt sind.<\/p>\n\n<h3 class=\"wp-block-heading\">Analytics<\/h3>\n\n<h2 class=\"wp-block-heading\">An wen wir Ihre Daten weitergeben<\/h2>\n\n<h2 class=\"wp-block-heading\">Wie lange wir Ihre Daten speichern<\/h2>\n\n<p>Wenn Sie einen Kommentar hinterlassen, werden ihr Kommentar und die zugeh\u00f6rigen Metadaten f\u00fcr unbefristete Zeit gespeichert. Auf diese Weise k\u00f6nnen wir alle Folgekommentare automatisch erkennen und freigeben, ohne dass sie auf Moderation warten m\u00fcssen.<\/p>\n\n<p>F\u00fcr Benutzer, die sich auf unserer Website registrieren (falls vorhanden), speichern wir auch die von ihnen angegebenen personenbezogenen Daten in ihrem Benutzerprofil. Alle Benutzer k\u00f6nnen ihre personenbezogenen Daten jederzeit einsehen, bearbeiten oder l\u00f6schen (mit Ausnahme ihres Benutzernamens, der nicht ge\u00e4ndert werden kann). Website-Administratoren k\u00f6nnen diese Daten ebenfalls einsehen und bearbeiten.<\/p>\n\n<h2 class=\"wp-block-heading\">Welche Rechte haben Sie bez\u00fcglich Ihrer Daten?<\/h2>\n\n<p>Wenn Sie \u00fcber ein Konto auf dieser Website verf\u00fcgen oder Kommentare hinterlassen haben, k\u00f6nnen Sie eine exportierte Datei mit den personenbezogenen Daten anfordern, die wir \u00fcber Sie gespeichert haben, einschlie\u00dflich aller Daten, die Sie uns zur Verf\u00fcgung gestellt haben. Sie k\u00f6nnen uns auch dazu auffordern, alle Daten, die wir zu Ihrer Person gespeichert haben, zu l\u00f6schen. Ausgenommen hiervon sind Daten, zu deren Aufbewahrung wir aus verwaltungstechnischen, rechtlichen oder sicherheitsrelevanten Gr\u00fcnden verpflichtet sind.<\/p>\n\n<h2 class=\"wp-block-heading\">Wohin wir Ihre Daten senden<\/h2>\n\n<p>Kommentare von Besuchern k\u00f6nnen durch einen automatisierten Dienst zur Spam-Erkennung \u00fcberpr\u00fcft werden.<\/p>\n\n<h2 class=\"wp-block-heading\">Ihre Kontaktdaten<\/h2>\n\n<h2 class=\"wp-block-heading\">Zus\u00e4tzliche Informationen<\/h2>\n\n<h3 class=\"wp-block-heading\">Wie wir Ihre Daten sch\u00fctzen<\/h3>\n\n<h3 class=\"wp-block-heading\">Wie wir im Fall eines Datenlecks vorgehen<\/h3>\n\n<h3 class=\"wp-block-heading\">Von welchen Drittparteien wir Daten erhalten<\/h3>\n\n<h3 class=\"wp-block-heading\">Welche automatisierten Verfahren zur Entscheidungsfindung und\/oder Profiling wir im Zusammenhang mit Benutzerdaten durchf\u00fchren.<\/h3>\n\n<h3 class=\"wp-block-heading\"> Branchenweite aufsichtsrechtliche Offenlegungspflichten<\/h3>\n","protected":false},"excerpt":{"rendered":"<p>Wer wir sind Unsere Website-Adresse lautet: http:\/\/example.com. Welche personenbezogenen Daten wir zu welchem Zweck speichern Kommentare Wenn Besucher Kommentare auf der Website hinterlassen, speichern wir die im Kommentarformular angezeigten Daten, sowie die IP-Adresse des Besuchers und die User-Agent-Info des Browsers, um Spam leichter erkennen zu k\u00f6nnen. Eine aus Ihrer E-Mail-Adresse erstellte anonymisierte Zeichenfolge (auch Hash <\/p>\n<div class=\"goto\"><a href=\"https:\/\/espiritodacomporta.com\/de\/datenschutzerklaerung\/\">Erfahren Sie mehr<\/a><\/div>\n","protected":false},"author":1,"featured_media":0,"parent":0,"menu_order":0,"comment_status":"closed","ping_status":"open","template":"","meta":{"_acf_changed":false,"inline_featured_image":false,"footnotes":""},"class_list":["post-7319","page","type-page","status-publish","hentry"],"acf":[],"yoast_head":"<!-- This site is optimized with the Yoast SEO Premium plugin v27.2 (Yoast SEO v27.2) - https:\/\/yoast.com\/product\/yoast-seo-premium-wordpress\/ -->\n<title>Espirito da Comporta - H\u00e4user in Comporta, Portugal - Datenschutzerkl\u00e4rung<\/title>\n<meta name=\"description\" content=\"Espirito da Comporta - H\u00e4user in Comporta, Portugal - Datenschutzerkl\u00e4rung\" \/>\n<meta name=\"robots\" content=\"index, follow, max-snippet:-1, max-image-preview:large, max-video-preview:-1\" \/>\n<link rel=\"canonical\" href=\"https:\/\/espiritodacomporta.com\/de\/datenschutzerklaerung\/\" \/>\n<meta property=\"og:locale\" content=\"de_DE\" \/>\n<meta property=\"og:type\" content=\"article\" \/>\n<meta property=\"og:title\" content=\"Datenschutzerkl\u00e4rung\" \/>\n<meta property=\"og:description\" content=\"Espirito da Comporta - H\u00e4user in Comporta, Portugal - Datenschutzerkl\u00e4rung\" \/>\n<meta property=\"og:url\" content=\"https:\/\/espiritodacomporta.com\/de\/datenschutzerklaerung\/\" \/>\n<meta property=\"og:site_name\" content=\"Live &amp; Feel Comporta Portugal\" \/>\n<meta property=\"article:modified_time\" content=\"2019-10-30T09:34:23+00:00\" \/>\n<meta name=\"twitter:card\" content=\"summary_large_image\" \/>\n<meta name=\"twitter:label1\" content=\"Est. reading time\" \/>\n\t<meta name=\"twitter:data1\" content=\"3 minutes\" \/>\n<script type=\"application\/ld+json\" class=\"yoast-schema-graph\">{\"@context\":\"https:\/\/schema.org\",\"@graph\":[{\"@type\":\"WebPage\",\"@id\":\"https:\/\/espiritodacomporta.com\/de\/datenschutzerklaerung\/\",\"url\":\"https:\/\/espiritodacomporta.com\/de\/datenschutzerklaerung\/\",\"name\":\"Espirito da Comporta - H\u00e4user in Comporta, Portugal - Datenschutzerkl\u00e4rung\",\"isPartOf\":{\"@id\":\"https:\/\/espiritodacomporta.com\/de\/#website\"},\"datePublished\":\"2019-10-30T09:34:13+00:00\",\"dateModified\":\"2019-10-30T09:34:23+00:00\",\"description\":\"Espirito da Comporta - H\u00e4user in Comporta, Portugal - Datenschutzerkl\u00e4rung\",\"breadcrumb\":{\"@id\":\"https:\/\/espiritodacomporta.com\/de\/datenschutzerklaerung\/#breadcrumb\"},\"inLanguage\":\"de-DE\",\"potentialAction\":[{\"@type\":\"ReadAction\",\"target\":[\"https:\/\/espiritodacomporta.com\/de\/datenschutzerklaerung\/\"]}]},{\"@type\":\"BreadcrumbList\",\"@id\":\"https:\/\/espiritodacomporta.com\/de\/datenschutzerklaerung\/#breadcrumb\",\"itemListElement\":[{\"@type\":\"ListItem\",\"position\":1,\"name\":\"Home\",\"item\":\"https:\/\/espiritodacomporta.com\/de\/\"},{\"@type\":\"ListItem\",\"position\":2,\"name\":\"Datenschutzerkl\u00e4rung\"}]},{\"@type\":\"WebSite\",\"@id\":\"https:\/\/espiritodacomporta.com\/de\/#website\",\"url\":\"https:\/\/espiritodacomporta.com\/de\/\",\"name\":\"Live & Feel Comporta Portugal\",\"description\":\"\",\"publisher\":{\"@id\":\"https:\/\/espiritodacomporta.com\/de\/#organization\"},\"potentialAction\":[{\"@type\":\"SearchAction\",\"target\":{\"@type\":\"EntryPoint\",\"urlTemplate\":\"https:\/\/espiritodacomporta.com\/de\/?s={search_term_string}\"},\"query-input\":{\"@type\":\"PropertyValueSpecification\",\"valueRequired\":true,\"valueName\":\"search_term_string\"}}],\"inLanguage\":\"de-DE\"},{\"@type\":\"Organization\",\"@id\":\"https:\/\/espiritodacomporta.com\/de\/#organization\",\"name\":\"Espirito da Comporta\",\"url\":\"https:\/\/espiritodacomporta.com\/de\/\",\"logo\":{\"@type\":\"ImageObject\",\"inLanguage\":\"de-DE\",\"@id\":\"https:\/\/espiritodacomporta.com\/de\/#\/schema\/logo\/image\/\",\"url\":\"https:\/\/espiritodacomporta.com\/app\/uploads\/2023\/09\/LOGO-SIGNATURE@4x.png\",\"contentUrl\":\"https:\/\/espiritodacomporta.com\/app\/uploads\/2023\/09\/LOGO-SIGNATURE@4x.png\",\"width\":321,\"height\":385,\"caption\":\"Espirito da Comporta\"},\"image\":{\"@id\":\"https:\/\/espiritodacomporta.com\/de\/#\/schema\/logo\/image\/\"},\"sameAs\":[\"https:\/\/www.instagram.com\/almadacomporta\/\"]}]}<\/script>\n<!-- \/ Yoast SEO Premium plugin. -->","yoast_head_json":{"title":"Espirito da Comporta - H\u00e4user in Comporta, Portugal - Datenschutzerkl\u00e4rung","description":"Espirito da Comporta - H\u00e4user in Comporta, Portugal - Datenschutzerkl\u00e4rung","robots":{"index":"index","follow":"follow","max-snippet":"max-snippet:-1","max-image-preview":"max-image-preview:large","max-video-preview":"max-video-preview:-1"},"canonical":"https:\/\/espiritodacomporta.com\/de\/datenschutzerklaerung\/","og_locale":"de_DE","og_type":"article","og_title":"Datenschutzerkl\u00e4rung","og_description":"Espirito da Comporta - H\u00e4user in Comporta, Portugal - Datenschutzerkl\u00e4rung","og_url":"https:\/\/espiritodacomporta.com\/de\/datenschutzerklaerung\/","og_site_name":"Live &amp; Feel Comporta Portugal","article_modified_time":"2019-10-30T09:34:23+00:00","twitter_card":"summary_large_image","twitter_misc":{"Est. reading time":"3 minutes"},"schema":{"@context":"https:\/\/schema.org","@graph":[{"@type":"WebPage","@id":"https:\/\/espiritodacomporta.com\/de\/datenschutzerklaerung\/","url":"https:\/\/espiritodacomporta.com\/de\/datenschutzerklaerung\/","name":"Espirito da Comporta - H\u00e4user in Comporta, Portugal - Datenschutzerkl\u00e4rung","isPartOf":{"@id":"https:\/\/espiritodacomporta.com\/de\/#website"},"datePublished":"2019-10-30T09:34:13+00:00","dateModified":"2019-10-30T09:34:23+00:00","description":"Espirito da Comporta - H\u00e4user in Comporta, Portugal - Datenschutzerkl\u00e4rung","breadcrumb":{"@id":"https:\/\/espiritodacomporta.com\/de\/datenschutzerklaerung\/#breadcrumb"},"inLanguage":"de-DE","potentialAction":[{"@type":"ReadAction","target":["https:\/\/espiritodacomporta.com\/de\/datenschutzerklaerung\/"]}]},{"@type":"BreadcrumbList","@id":"https:\/\/espiritodacomporta.com\/de\/datenschutzerklaerung\/#breadcrumb","itemListElement":[{"@type":"ListItem","position":1,"name":"Home","item":"https:\/\/espiritodacomporta.com\/de\/"},{"@type":"ListItem","position":2,"name":"Datenschutzerkl\u00e4rung"}]},{"@type":"WebSite","@id":"https:\/\/espiritodacomporta.com\/de\/#website","url":"https:\/\/espiritodacomporta.com\/de\/","name":"Live & Feel Comporta Portugal","description":"","publisher":{"@id":"https:\/\/espiritodacomporta.com\/de\/#organization"},"potentialAction":[{"@type":"SearchAction","target":{"@type":"EntryPoint","urlTemplate":"https:\/\/espiritodacomporta.com\/de\/?s={search_term_string}"},"query-input":{"@type":"PropertyValueSpecification","valueRequired":true,"valueName":"search_term_string"}}],"inLanguage":"de-DE"},{"@type":"Organization","@id":"https:\/\/espiritodacomporta.com\/de\/#organization","name":"Espirito da Comporta","url":"https:\/\/espiritodacomporta.com\/de\/","logo":{"@type":"ImageObject","inLanguage":"de-DE","@id":"https:\/\/espiritodacomporta.com\/de\/#\/schema\/logo\/image\/","url":"https:\/\/espiritodacomporta.com\/app\/uploads\/2023\/09\/LOGO-SIGNATURE@4x.png","contentUrl":"https:\/\/espiritodacomporta.com\/app\/uploads\/2023\/09\/LOGO-SIGNATURE@4x.png","width":321,"height":385,"caption":"Espirito da Comporta"},"image":{"@id":"https:\/\/espiritodacomporta.com\/de\/#\/schema\/logo\/image\/"},"sameAs":["https:\/\/www.instagram.com\/almadacomporta\/"]}]}},"_links":{"self":[{"href":"https:\/\/espiritodacomporta.com\/de\/wp-json\/wp\/v2\/pages\/7319","targetHints":{"allow":["GET"]}}],"collection":[{"href":"https:\/\/espiritodacomporta.com\/de\/wp-json\/wp\/v2\/pages"}],"about":[{"href":"https:\/\/espiritodacomporta.com\/de\/wp-json\/wp\/v2\/types\/page"}],"author":[{"embeddable":true,"href":"https:\/\/espiritodacomporta.com\/de\/wp-json\/wp\/v2\/users\/1"}],"replies":[{"embeddable":true,"href":"https:\/\/espiritodacomporta.com\/de\/wp-json\/wp\/v2\/comments?post=7319"}],"version-history":[{"count":0,"href":"https:\/\/espiritodacomporta.com\/de\/wp-json\/wp\/v2\/pages\/7319\/revisions"}],"wp:attachment":[{"href":"https:\/\/espiritodacomporta.com\/de\/wp-json\/wp\/v2\/media?parent=7319"}],"curies":[{"name":"wp","href":"https:\/\/api.w.org\/{rel}","templated":true}]}}