{"id":7371,"date":"2019-10-30T23:00:50","date_gmt":"2019-10-30T21:00:50","guid":{"rendered":"https:\/\/espiritodacomporta.com\/das-projekt\/"},"modified":"2024-08-01T16:52:08","modified_gmt":"2024-08-01T14:52:08","slug":"die-story","status":"publish","type":"page","link":"https:\/\/espiritodacomporta.com\/de\/die-story\/","title":{"rendered":"Die geschichte"},"content":{"rendered":"\n<p class=\"is-style-text-intro\">Authentische H\u00e4user, eingebettet in die Natur, mit pers\u00f6nlichem Service und Erlebnissen, damit Sie unvergessliche Momente genie\u00dfen k\u00f6nnen.<\/p>\n\n\n\n<div class=\"wp-block-columns is-layout-flex wp-container-core-columns-is-layout-9d6595d7 wp-block-columns-is-layout-flex\">\n<div class=\"wp-block-column is-layout-flow wp-block-column-is-layout-flow\"><section class=\"homeblocks   \">\n    <section class=\"homeblocks-image \">\n                  <!-- <img decoding=\"async\" src=\"https:\/\/espiritodacomporta.com\/app\/uploads\/2023\/11\/page-the-story-image-1.png\" alt=\"\"> -->\n          <img decoding=\"async\" width=\"594\" height=\"732\" src=\"https:\/\/espiritodacomporta.com\/app\/uploads\/2023\/11\/page-the-story-image-1.png\" class=\"attachment-full size-full\" alt=\"\" loading=\"lazy\" srcset=\"https:\/\/espiritodacomporta.com\/app\/uploads\/2023\/11\/page-the-story-image-1.png 594w, https:\/\/espiritodacomporta.com\/app\/uploads\/2023\/11\/page-the-story-image-1-243x300.png 243w\" sizes=\"auto, (max-width: 594px) 100vw, 594px\" data-attachment-id=\"55082\" data-permalink=\"https:\/\/espiritodacomporta.com\/de\/die-story\/page-the-story-image-1-2\/\" data-orig-file=\"https:\/\/espiritodacomporta.com\/app\/uploads\/2023\/11\/page-the-story-image-1.png\" data-orig-size=\"594,732\" data-comments-opened=\"0\" data-image-meta=\"{&quot;aperture&quot;:&quot;0&quot;,&quot;credit&quot;:&quot;&quot;,&quot;camera&quot;:&quot;&quot;,&quot;caption&quot;:&quot;&quot;,&quot;created_timestamp&quot;:&quot;0&quot;,&quot;copyright&quot;:&quot;&quot;,&quot;focal_length&quot;:&quot;0&quot;,&quot;iso&quot;:&quot;0&quot;,&quot;shutter_speed&quot;:&quot;0&quot;,&quot;title&quot;:&quot;&quot;,&quot;orientation&quot;:&quot;0&quot;}\" data-image-title=\"page-the-story-image-1\" data-image-description=\"\" data-image-caption=\"\" data-medium-file=\"https:\/\/espiritodacomporta.com\/app\/uploads\/2023\/11\/page-the-story-image-1-243x300.png\" data-large-file=\"https:\/\/espiritodacomporta.com\/app\/uploads\/2023\/11\/page-the-story-image-1.png\" \/>\n            <\/section>\n    <section class=\"homeblocks-content\">\n        <div class=\"homeblocks-content-inside\">\n            <h2 class=\"titre1\">Espirito da Comporta<\/h2>\n<p class=\"sous-titre1\">Am Anfang<\/p>\n<p>Am Anfang von Espirito da Comporta stand eine Liebesgeschichte, die Geschichte der Liebe von Charline und Antoine Gurwitch zu Portugal, genauer gesagt zu Comporta. Als Liebhaber dieses Reiseziels mit seinem erhaltenen Charme tauchten sie in seine Geschichte, seine Kultur und seine Lebenskunst ein. Sie begannen mit einem Blog, um alle ihre Adressen auch anderen mitzuteilen. Dann begannen sie zu tr\u00e4umen und sich ihr ideales Ferienhaus vorzustellen. Andere H\u00e4user haben die Kollektion bereichert, immer mit dem gleichen Ziel: den Geist des Ortes zu respektieren und H\u00e4user zu bauen, die echte Gl\u00fccksmomente vermitteln.<\/p>\n<p>Heute erstreckt sich der Geist von Espirito da Comporta \u00fcber eine ganze Reihe von H\u00e4usern und H\u00fctten, die inmitten der Natur liegen, von der Kultur gepr\u00e4gt sind und durch Hoteldienstleistungen bereichert werden. H\u00e4use zum Entdecken und Erleben.<\/p>\n\n\n            \n                    <\/div>\n    <\/section>\n<\/section>\n\n\n<section class=\"homeblocks   \">\n    <section class=\"homeblocks-image  homeblocks-right \">\n                  <!-- <img decoding=\"async\" src=\"https:\/\/espiritodacomporta.com\/app\/uploads\/2023\/12\/story-section-2-nature.png\" alt=\"\"> -->\n          <img decoding=\"async\" width=\"594\" height=\"803\" src=\"https:\/\/espiritodacomporta.com\/app\/uploads\/2023\/12\/story-section-2-nature.png\" class=\"attachment-full size-full\" alt=\"\" loading=\"lazy\" srcset=\"https:\/\/espiritodacomporta.com\/app\/uploads\/2023\/12\/story-section-2-nature.png 594w, https:\/\/espiritodacomporta.com\/app\/uploads\/2023\/12\/story-section-2-nature-222x300.png 222w\" sizes=\"auto, (max-width: 594px) 100vw, 594px\" data-attachment-id=\"55492\" data-permalink=\"https:\/\/espiritodacomporta.com\/de\/die-story\/story-section-2-nature-2\/\" data-orig-file=\"https:\/\/espiritodacomporta.com\/app\/uploads\/2023\/12\/story-section-2-nature.png\" data-orig-size=\"594,803\" data-comments-opened=\"0\" data-image-meta=\"{&quot;aperture&quot;:&quot;0&quot;,&quot;credit&quot;:&quot;&quot;,&quot;camera&quot;:&quot;&quot;,&quot;caption&quot;:&quot;&quot;,&quot;created_timestamp&quot;:&quot;0&quot;,&quot;copyright&quot;:&quot;&quot;,&quot;focal_length&quot;:&quot;0&quot;,&quot;iso&quot;:&quot;0&quot;,&quot;shutter_speed&quot;:&quot;0&quot;,&quot;title&quot;:&quot;&quot;,&quot;orientation&quot;:&quot;0&quot;}\" data-image-title=\"story-section-2-nature\" data-image-description=\"\" data-image-caption=\"\" data-medium-file=\"https:\/\/espiritodacomporta.com\/app\/uploads\/2023\/12\/story-section-2-nature-222x300.png\" data-large-file=\"https:\/\/espiritodacomporta.com\/app\/uploads\/2023\/12\/story-section-2-nature.png\" \/>\n            <\/section>\n    <section class=\"homeblocks-content\">\n        <div class=\"homeblocks-content-inside\">\n            <p class=\"sous-titre1\">Natur im Herzen<\/p>\n<p>Comporta ist ein verborgener Schatz, der lange Zeit von den Stammg\u00e4sten geheim gehalten wurde und sich abseits von der Welt und ihrem Rummel entwickelt hat. Die Reisfelder, die Kiefernw\u00e4lder und die wilden Str\u00e4nde am Atlantik sind heute seine wichtigsten Vorz\u00fcge. Ebenso steht der Respekt vor der Natur im Mittelpunkt unseres gesamten architektonischen Denkens. Unsere H\u00e4user wurden von portugiesischen Architekten mit lokalen Materialien gebaut, f\u00fcgen sich perfekt in die Landschaft ein und lassen die Grenzen zwischen Innen und Au\u00dfen verschwimmen. So k\u00f6nnen unsere G\u00e4ste mitten in der Natur leben, ohne auf Komfort oder Privatsph\u00e4re verzichten zu m\u00fcssen.<\/p>\n<p class=\"sous-titre1\">Die Kunst des Lebens<\/p>\n<p>Comporta ein Reiseziel, das nicht nur f\u00fcr seine Natur, sondern auch f\u00fcr seine Architektur, seine Handwerkskunst und seine Lebensart bekannt ist. Viele Dekorateure haben sich hier inspirieren lassen und ihre Spuren hinterlassen. Hier braucht man nicht anzugeben. Luxus kommt ohne Opulenz aus. Eleganz ist entspannt und ungek\u00fcnstelt. Als Freunde dieser Lebenskunst haben wir alle unsere H\u00e4user mit einer gewissen Selbstverst\u00e4ndlichkeit entworfen, indem wir auf sch\u00f6ne lokale Handwerkskunst, hochwertige Materialien und k\u00fchne, aber niemals willk\u00fcrliche Entscheidungen gesetzt haben. Ein Aufenthalt in einem Haus von Espirito da Comporta bedeutet, dass Sie in einem Haus wohnen, das bereits zu Ihren Erinnerungen geh\u00f6rt.<\/p>\n\n\n            \n                    <\/div>\n    <\/section>\n<\/section>\n\n\n<section class=\"homeblocks   \">\n    <section class=\"homeblocks-image \">\n                  <!-- <img decoding=\"async\" src=\"https:\/\/espiritodacomporta.com\/app\/uploads\/2023\/11\/page-the-story-image-2.png\" alt=\"\"> -->\n          <img decoding=\"async\" width=\"594\" height=\"803\" src=\"https:\/\/espiritodacomporta.com\/app\/uploads\/2023\/11\/page-the-story-image-2.png\" class=\"attachment-full size-full\" alt=\"\" loading=\"lazy\" srcset=\"https:\/\/espiritodacomporta.com\/app\/uploads\/2023\/11\/page-the-story-image-2.png 594w, https:\/\/espiritodacomporta.com\/app\/uploads\/2023\/11\/page-the-story-image-2-222x300.png 222w\" sizes=\"auto, (max-width: 594px) 100vw, 594px\" data-attachment-id=\"55087\" data-permalink=\"https:\/\/espiritodacomporta.com\/de\/die-story\/page-the-story-image-2-2\/\" data-orig-file=\"https:\/\/espiritodacomporta.com\/app\/uploads\/2023\/11\/page-the-story-image-2.png\" data-orig-size=\"594,803\" data-comments-opened=\"0\" data-image-meta=\"{&quot;aperture&quot;:&quot;0&quot;,&quot;credit&quot;:&quot;&quot;,&quot;camera&quot;:&quot;&quot;,&quot;caption&quot;:&quot;&quot;,&quot;created_timestamp&quot;:&quot;0&quot;,&quot;copyright&quot;:&quot;&quot;,&quot;focal_length&quot;:&quot;0&quot;,&quot;iso&quot;:&quot;0&quot;,&quot;shutter_speed&quot;:&quot;0&quot;,&quot;title&quot;:&quot;&quot;,&quot;orientation&quot;:&quot;0&quot;}\" data-image-title=\"page-the-story-image-2\" data-image-description=\"\" data-image-caption=\"\" data-medium-file=\"https:\/\/espiritodacomporta.com\/app\/uploads\/2023\/11\/page-the-story-image-2-222x300.png\" data-large-file=\"https:\/\/espiritodacomporta.com\/app\/uploads\/2023\/11\/page-the-story-image-2.png\" \/>\n            <\/section>\n    <section class=\"homeblocks-content\">\n        <div class=\"homeblocks-content-inside\">\n            <p class=\"sous-titre1\">Unsere Philosophie<\/p>\n<p>Unsere Philosophie lautet, die Privatsph\u00e4re und den Komfort von Privatwohnungen mit echten Hoteldienstleistungen zu vereinen, die an Ihre pers\u00f6nlichen Bed\u00fcrfnisse angepasst sind. Von Ihrer Reservierung bis zum Tag Ihrer Abreise unterst\u00fctzen wir Sie, um Ihren Urlaub zu einem unvergesslichen Erlebnis zu machen.<\/p>\n<p class=\"sous-titre1\">Hin zu einer neuen Art der Gastlichkeit<\/p>\n<p>Espirito da Comporta ist die Verhei\u00dfung, sich auf eine selbstverst\u00e4ndliche und spontane Art wie zu Hause zu f\u00fchlen, zugleich aber den Service eines Hotels zu genie\u00dfen. Es geht um Entschleunigung, es geht darum, mit sich selbst, seinen Lieben und der Natur in Einklang zu leben und sich zu verwandeln. Es ist eine moderne Vision von Gastfreundschaft, angepasst an die Werte unserer Zeit, f\u00fcr die St\u00e4mme von heute, denen Authentizit\u00e4t lieber ist als K\u00fcnstlichkeit, f\u00fcr die das Sein Vorrang vor dem Schein und Komfort keine Opulenz n\u00f6tig hat.<\/p>\n\n\n            \n                    <\/div>\n    <\/section>\n<\/section>\n<\/div>\n<\/div>\n","protected":false},"excerpt":{"rendered":"<p>Authentische H\u00e4user, eingebettet in die Natur, mit pers\u00f6nlichem Service und Erlebnissen, damit Sie unvergessliche Momente genie\u00dfen k\u00f6nnen.<\/p>\n","protected":false},"author":1,"featured_media":54642,"parent":0,"menu_order":0,"comment_status":"closed","ping_status":"closed","template":"","meta":{"_acf_changed":false,"inline_featured_image":false,"footnotes":""},"class_list":["post-7371","page","type-page","status-publish","has-post-thumbnail","hentry"],"acf":[],"yoast_head":"<!-- This site is optimized with the Yoast SEO Premium plugin v27.2 (Yoast SEO v27.2) - https:\/\/yoast.com\/product\/yoast-seo-premium-wordpress\/ -->\n<title>Comporta Portugal \u2013 Errichten von typischen H\u00e4usern - Das Projekt<\/title>\n<meta name=\"description\" content=\"Eine bewahrte Natur, Reisfelder und Pinien, so weit wie das Auge schweifen kann\u2026 Es ist in diesem Paradies, in dem wir uns entschlossen haben, die typischen H\u00fctten Comportas zu bauen.\" \/>\n<meta name=\"robots\" content=\"index, follow, max-snippet:-1, max-image-preview:large, max-video-preview:-1\" \/>\n<link rel=\"canonical\" href=\"https:\/\/espiritodacomporta.com\/de\/die-story\/\" \/>\n<meta property=\"og:locale\" content=\"de_DE\" \/>\n<meta property=\"og:type\" content=\"article\" \/>\n<meta property=\"og:title\" content=\"Die geschichte\" \/>\n<meta property=\"og:description\" content=\"Eine bewahrte Natur, Reisfelder und Pinien, so weit wie das Auge schweifen kann\u2026 Es ist in diesem Paradies, in dem wir uns entschlossen haben, die typischen H\u00fctten Comportas zu bauen.\" \/>\n<meta property=\"og:url\" content=\"https:\/\/espiritodacomporta.com\/de\/die-story\/\" \/>\n<meta property=\"og:site_name\" content=\"Live &amp; Feel Comporta Portugal\" \/>\n<meta property=\"article:modified_time\" content=\"2024-08-01T14:52:08+00:00\" \/>\n<meta property=\"og:image\" content=\"https:\/\/espiritodacomporta.com\/app\/uploads\/2023\/10\/page-the-story.png\" \/>\n\t<meta property=\"og:image:width\" content=\"1440\" \/>\n\t<meta property=\"og:image:height\" content=\"664\" \/>\n\t<meta property=\"og:image:type\" content=\"image\/png\" \/>\n<meta name=\"twitter:card\" content=\"summary_large_image\" \/>\n<meta name=\"twitter:label1\" content=\"Est. reading time\" \/>\n\t<meta name=\"twitter:data1\" content=\"1 minute\" \/>\n<script type=\"application\/ld+json\" class=\"yoast-schema-graph\">{\"@context\":\"https:\/\/schema.org\",\"@graph\":[{\"@type\":\"WebPage\",\"@id\":\"https:\/\/espiritodacomporta.com\/de\/die-story\/\",\"url\":\"https:\/\/espiritodacomporta.com\/de\/die-story\/\",\"name\":\"Comporta Portugal \u2013 Errichten von typischen H\u00e4usern - Das Projekt\",\"isPartOf\":{\"@id\":\"https:\/\/espiritodacomporta.com\/de\/#website\"},\"primaryImageOfPage\":{\"@id\":\"https:\/\/espiritodacomporta.com\/de\/die-story\/#primaryimage\"},\"image\":{\"@id\":\"https:\/\/espiritodacomporta.com\/de\/die-story\/#primaryimage\"},\"thumbnailUrl\":\"https:\/\/espiritodacomporta.com\/app\/uploads\/2023\/10\/page-the-story.png\",\"datePublished\":\"2019-10-30T21:00:50+00:00\",\"dateModified\":\"2024-08-01T14:52:08+00:00\",\"description\":\"Eine bewahrte Natur, Reisfelder und Pinien, so weit wie das Auge schweifen kann\u2026 Es ist in diesem Paradies, in dem wir uns entschlossen haben, die typischen H\u00fctten Comportas zu bauen.\",\"breadcrumb\":{\"@id\":\"https:\/\/espiritodacomporta.com\/de\/die-story\/#breadcrumb\"},\"inLanguage\":\"de-DE\",\"potentialAction\":[{\"@type\":\"ReadAction\",\"target\":[\"https:\/\/espiritodacomporta.com\/de\/die-story\/\"]}]},{\"@type\":\"ImageObject\",\"inLanguage\":\"de-DE\",\"@id\":\"https:\/\/espiritodacomporta.com\/de\/die-story\/#primaryimage\",\"url\":\"https:\/\/espiritodacomporta.com\/app\/uploads\/2023\/10\/page-the-story.png\",\"contentUrl\":\"https:\/\/espiritodacomporta.com\/app\/uploads\/2023\/10\/page-the-story.png\",\"width\":1440,\"height\":664},{\"@type\":\"BreadcrumbList\",\"@id\":\"https:\/\/espiritodacomporta.com\/de\/die-story\/#breadcrumb\",\"itemListElement\":[{\"@type\":\"ListItem\",\"position\":1,\"name\":\"Home\",\"item\":\"https:\/\/espiritodacomporta.com\/de\/\"},{\"@type\":\"ListItem\",\"position\":2,\"name\":\"Die geschichte\"}]},{\"@type\":\"WebSite\",\"@id\":\"https:\/\/espiritodacomporta.com\/de\/#website\",\"url\":\"https:\/\/espiritodacomporta.com\/de\/\",\"name\":\"Live & Feel Comporta Portugal\",\"description\":\"\",\"publisher\":{\"@id\":\"https:\/\/espiritodacomporta.com\/de\/#organization\"},\"potentialAction\":[{\"@type\":\"SearchAction\",\"target\":{\"@type\":\"EntryPoint\",\"urlTemplate\":\"https:\/\/espiritodacomporta.com\/de\/?s={search_term_string}\"},\"query-input\":{\"@type\":\"PropertyValueSpecification\",\"valueRequired\":true,\"valueName\":\"search_term_string\"}}],\"inLanguage\":\"de-DE\"},{\"@type\":\"Organization\",\"@id\":\"https:\/\/espiritodacomporta.com\/de\/#organization\",\"name\":\"Espirito da Comporta\",\"url\":\"https:\/\/espiritodacomporta.com\/de\/\",\"logo\":{\"@type\":\"ImageObject\",\"inLanguage\":\"de-DE\",\"@id\":\"https:\/\/espiritodacomporta.com\/de\/#\/schema\/logo\/image\/\",\"url\":\"https:\/\/espiritodacomporta.com\/app\/uploads\/2023\/09\/LOGO-SIGNATURE@4x.png\",\"contentUrl\":\"https:\/\/espiritodacomporta.com\/app\/uploads\/2023\/09\/LOGO-SIGNATURE@4x.png\",\"width\":321,\"height\":385,\"caption\":\"Espirito da Comporta\"},\"image\":{\"@id\":\"https:\/\/espiritodacomporta.com\/de\/#\/schema\/logo\/image\/\"},\"sameAs\":[\"https:\/\/www.instagram.com\/almadacomporta\/\"]}]}<\/script>\n<!-- \/ Yoast SEO Premium plugin. -->","yoast_head_json":{"title":"Comporta Portugal \u2013 Errichten von typischen H\u00e4usern - Das Projekt","description":"Eine bewahrte Natur, Reisfelder und Pinien, so weit wie das Auge schweifen kann\u2026 Es ist in diesem Paradies, in dem wir uns entschlossen haben, die typischen H\u00fctten Comportas zu bauen.","robots":{"index":"index","follow":"follow","max-snippet":"max-snippet:-1","max-image-preview":"max-image-preview:large","max-video-preview":"max-video-preview:-1"},"canonical":"https:\/\/espiritodacomporta.com\/de\/die-story\/","og_locale":"de_DE","og_type":"article","og_title":"Die geschichte","og_description":"Eine bewahrte Natur, Reisfelder und Pinien, so weit wie das Auge schweifen kann\u2026 Es ist in diesem Paradies, in dem wir uns entschlossen haben, die typischen H\u00fctten Comportas zu bauen.","og_url":"https:\/\/espiritodacomporta.com\/de\/die-story\/","og_site_name":"Live &amp; Feel Comporta Portugal","article_modified_time":"2024-08-01T14:52:08+00:00","og_image":[{"width":1440,"height":664,"url":"https:\/\/espiritodacomporta.com\/app\/uploads\/2023\/10\/page-the-story.png","type":"image\/png"}],"twitter_card":"summary_large_image","twitter_misc":{"Est. reading time":"1 minute"},"schema":{"@context":"https:\/\/schema.org","@graph":[{"@type":"WebPage","@id":"https:\/\/espiritodacomporta.com\/de\/die-story\/","url":"https:\/\/espiritodacomporta.com\/de\/die-story\/","name":"Comporta Portugal \u2013 Errichten von typischen H\u00e4usern - Das Projekt","isPartOf":{"@id":"https:\/\/espiritodacomporta.com\/de\/#website"},"primaryImageOfPage":{"@id":"https:\/\/espiritodacomporta.com\/de\/die-story\/#primaryimage"},"image":{"@id":"https:\/\/espiritodacomporta.com\/de\/die-story\/#primaryimage"},"thumbnailUrl":"https:\/\/espiritodacomporta.com\/app\/uploads\/2023\/10\/page-the-story.png","datePublished":"2019-10-30T21:00:50+00:00","dateModified":"2024-08-01T14:52:08+00:00","description":"Eine bewahrte Natur, Reisfelder und Pinien, so weit wie das Auge schweifen kann\u2026 Es ist in diesem Paradies, in dem wir uns entschlossen haben, die typischen H\u00fctten Comportas zu bauen.","breadcrumb":{"@id":"https:\/\/espiritodacomporta.com\/de\/die-story\/#breadcrumb"},"inLanguage":"de-DE","potentialAction":[{"@type":"ReadAction","target":["https:\/\/espiritodacomporta.com\/de\/die-story\/"]}]},{"@type":"ImageObject","inLanguage":"de-DE","@id":"https:\/\/espiritodacomporta.com\/de\/die-story\/#primaryimage","url":"https:\/\/espiritodacomporta.com\/app\/uploads\/2023\/10\/page-the-story.png","contentUrl":"https:\/\/espiritodacomporta.com\/app\/uploads\/2023\/10\/page-the-story.png","width":1440,"height":664},{"@type":"BreadcrumbList","@id":"https:\/\/espiritodacomporta.com\/de\/die-story\/#breadcrumb","itemListElement":[{"@type":"ListItem","position":1,"name":"Home","item":"https:\/\/espiritodacomporta.com\/de\/"},{"@type":"ListItem","position":2,"name":"Die geschichte"}]},{"@type":"WebSite","@id":"https:\/\/espiritodacomporta.com\/de\/#website","url":"https:\/\/espiritodacomporta.com\/de\/","name":"Live & Feel Comporta Portugal","description":"","publisher":{"@id":"https:\/\/espiritodacomporta.com\/de\/#organization"},"potentialAction":[{"@type":"SearchAction","target":{"@type":"EntryPoint","urlTemplate":"https:\/\/espiritodacomporta.com\/de\/?s={search_term_string}"},"query-input":{"@type":"PropertyValueSpecification","valueRequired":true,"valueName":"search_term_string"}}],"inLanguage":"de-DE"},{"@type":"Organization","@id":"https:\/\/espiritodacomporta.com\/de\/#organization","name":"Espirito da Comporta","url":"https:\/\/espiritodacomporta.com\/de\/","logo":{"@type":"ImageObject","inLanguage":"de-DE","@id":"https:\/\/espiritodacomporta.com\/de\/#\/schema\/logo\/image\/","url":"https:\/\/espiritodacomporta.com\/app\/uploads\/2023\/09\/LOGO-SIGNATURE@4x.png","contentUrl":"https:\/\/espiritodacomporta.com\/app\/uploads\/2023\/09\/LOGO-SIGNATURE@4x.png","width":321,"height":385,"caption":"Espirito da Comporta"},"image":{"@id":"https:\/\/espiritodacomporta.com\/de\/#\/schema\/logo\/image\/"},"sameAs":["https:\/\/www.instagram.com\/almadacomporta\/"]}]}},"_links":{"self":[{"href":"https:\/\/espiritodacomporta.com\/de\/wp-json\/wp\/v2\/pages\/7371","targetHints":{"allow":["GET"]}}],"collection":[{"href":"https:\/\/espiritodacomporta.com\/de\/wp-json\/wp\/v2\/pages"}],"about":[{"href":"https:\/\/espiritodacomporta.com\/de\/wp-json\/wp\/v2\/types\/page"}],"author":[{"embeddable":true,"href":"https:\/\/espiritodacomporta.com\/de\/wp-json\/wp\/v2\/users\/1"}],"replies":[{"embeddable":true,"href":"https:\/\/espiritodacomporta.com\/de\/wp-json\/wp\/v2\/comments?post=7371"}],"version-history":[{"count":0,"href":"https:\/\/espiritodacomporta.com\/de\/wp-json\/wp\/v2\/pages\/7371\/revisions"}],"wp:featuredmedia":[{"embeddable":true,"href":"https:\/\/espiritodacomporta.com\/de\/wp-json\/wp\/v2\/media\/54642"}],"wp:attachment":[{"href":"https:\/\/espiritodacomporta.com\/de\/wp-json\/wp\/v2\/media?parent=7371"}],"curies":[{"name":"wp","href":"https:\/\/api.w.org\/{rel}","templated":true}]}}