{"id":3766,"date":"2019-08-26T11:12:32","date_gmt":"2019-08-26T11:12:32","guid":{"rendered":"https:\/\/espiritodacomporta.com\/3766-2\/"},"modified":"2024-08-01T12:16:44","modified_gmt":"2024-08-01T10:16:44","slug":"3766-2","status":"publish","type":"page","link":"https:\/\/espiritodacomporta.com\/es\/","title":{"rendered":"Comporta Portugal &#8211; Gu\u00eda de estilo de vida"},"content":{"rendered":"","protected":false},"excerpt":{"rendered":"","protected":false},"author":1,"featured_media":0,"parent":0,"menu_order":0,"comment_status":"closed","ping_status":"closed","template":"views\/home-new.blade.php","meta":{"_acf_changed":false,"inline_featured_image":false,"footnotes":""},"class_list":["post-3766","page","type-page","status-publish","hentry"],"acf":[],"yoast_head":"<!-- This site is optimized with the Yoast SEO Premium plugin v27.2 (Yoast SEO v27.2) - https:\/\/yoast.com\/product\/yoast-seo-premium-wordpress\/ -->\n<title>Comporta En Portugal: Descubre Este Para\u00edso Secreto<\/title>\n<meta name=\"description\" content=\"Comporta es un peque\u00f1o para\u00edso colgado entre el mar y campos de arroz. Encontrar\u00e1 en este blog todas las experiencias para vivir en este lugar \u00fanico.\" \/>\n<meta name=\"robots\" content=\"index, follow, max-snippet:-1, max-image-preview:large, max-video-preview:-1\" \/>\n<link rel=\"canonical\" href=\"https:\/\/espiritodacomporta.com\/es\/\" \/>\n<meta property=\"og:locale\" content=\"es_ES\" \/>\n<meta property=\"og:type\" content=\"article\" \/>\n<meta property=\"og:title\" content=\"Comporta Portugal - Gu\u00eda de estilo de vida\" \/>\n<meta property=\"og:description\" content=\"Comporta es un peque\u00f1o para\u00edso colgado entre el mar y campos de arroz. Encontrar\u00e1 en este blog todas las experiencias para vivir en este lugar \u00fanico.\" \/>\n<meta property=\"og:url\" content=\"https:\/\/espiritodacomporta.com\/es\/\" \/>\n<meta property=\"og:site_name\" content=\"Live &amp; Feel Comporta Portugal\" \/>\n<meta property=\"article:modified_time\" content=\"2024-08-01T10:16:44+00:00\" \/>\n<meta name=\"twitter:card\" content=\"summary_large_image\" \/>\n<script type=\"application\/ld+json\" class=\"yoast-schema-graph\">{\"@context\":\"https:\/\/schema.org\",\"@graph\":[{\"@type\":\"WebPage\",\"@id\":\"https:\/\/espiritodacomporta.com\/es\/\",\"url\":\"https:\/\/espiritodacomporta.com\/es\/\",\"name\":\"Comporta En Portugal: Descubre Este Para\u00edso Secreto\",\"isPartOf\":{\"@id\":\"https:\/\/espiritodacomporta.com\/es\/#website\"},\"datePublished\":\"2019-08-26T11:12:32+00:00\",\"dateModified\":\"2024-08-01T10:16:44+00:00\",\"description\":\"Comporta es un peque\u00f1o para\u00edso colgado entre el mar y campos de arroz. Encontrar\u00e1 en este blog todas las experiencias para vivir en este lugar \u00fanico.\",\"breadcrumb\":{\"@id\":\"https:\/\/espiritodacomporta.com\/es\/#breadcrumb\"},\"inLanguage\":\"es\",\"potentialAction\":[{\"@type\":\"ReadAction\",\"target\":[\"https:\/\/espiritodacomporta.com\/es\/\"]}]},{\"@type\":\"BreadcrumbList\",\"@id\":\"https:\/\/espiritodacomporta.com\/es\/#breadcrumb\",\"itemListElement\":[{\"@type\":\"ListItem\",\"position\":1,\"name\":\"Home\",\"item\":\"https:\/\/espiritodacomporta.com\/es\/\"},{\"@type\":\"ListItem\",\"position\":2,\"name\":\"Comporta Portugal &#8211; Gu\u00eda de estilo de vida\"}]},{\"@type\":\"WebSite\",\"@id\":\"https:\/\/espiritodacomporta.com\/es\/#website\",\"url\":\"https:\/\/espiritodacomporta.com\/es\/\",\"name\":\"Live & Feel Comporta Portugal\",\"description\":\"\",\"publisher\":{\"@id\":\"https:\/\/espiritodacomporta.com\/es\/#organization\"},\"potentialAction\":[{\"@type\":\"SearchAction\",\"target\":{\"@type\":\"EntryPoint\",\"urlTemplate\":\"https:\/\/espiritodacomporta.com\/es\/?s={search_term_string}\"},\"query-input\":{\"@type\":\"PropertyValueSpecification\",\"valueRequired\":true,\"valueName\":\"search_term_string\"}}],\"inLanguage\":\"es\"},{\"@type\":\"Organization\",\"@id\":\"https:\/\/espiritodacomporta.com\/es\/#organization\",\"name\":\"Espirito da Comporta\",\"url\":\"https:\/\/espiritodacomporta.com\/es\/\",\"logo\":{\"@type\":\"ImageObject\",\"inLanguage\":\"es\",\"@id\":\"https:\/\/espiritodacomporta.com\/es\/#\/schema\/logo\/image\/\",\"url\":\"https:\/\/espiritodacomporta.com\/app\/uploads\/2023\/09\/LOGO-SIGNATURE@4x.png\",\"contentUrl\":\"https:\/\/espiritodacomporta.com\/app\/uploads\/2023\/09\/LOGO-SIGNATURE@4x.png\",\"width\":321,\"height\":385,\"caption\":\"Espirito da Comporta\"},\"image\":{\"@id\":\"https:\/\/espiritodacomporta.com\/es\/#\/schema\/logo\/image\/\"},\"sameAs\":[\"https:\/\/www.instagram.com\/almadacomporta\/\"]}]}<\/script>\n<!-- \/ Yoast SEO Premium plugin. -->","yoast_head_json":{"title":"Comporta En Portugal: Descubre Este Para\u00edso Secreto","description":"Comporta es un peque\u00f1o para\u00edso colgado entre el mar y campos de arroz. Encontrar\u00e1 en este blog todas las experiencias para vivir en este lugar \u00fanico.","robots":{"index":"index","follow":"follow","max-snippet":"max-snippet:-1","max-image-preview":"max-image-preview:large","max-video-preview":"max-video-preview:-1"},"canonical":"https:\/\/espiritodacomporta.com\/es\/","og_locale":"es_ES","og_type":"article","og_title":"Comporta Portugal - Gu\u00eda de estilo de vida","og_description":"Comporta es un peque\u00f1o para\u00edso colgado entre el mar y campos de arroz. Encontrar\u00e1 en este blog todas las experiencias para vivir en este lugar \u00fanico.","og_url":"https:\/\/espiritodacomporta.com\/es\/","og_site_name":"Live &amp; Feel Comporta Portugal","article_modified_time":"2024-08-01T10:16:44+00:00","twitter_card":"summary_large_image","schema":{"@context":"https:\/\/schema.org","@graph":[{"@type":"WebPage","@id":"https:\/\/espiritodacomporta.com\/es\/","url":"https:\/\/espiritodacomporta.com\/es\/","name":"Comporta En Portugal: Descubre Este Para\u00edso Secreto","isPartOf":{"@id":"https:\/\/espiritodacomporta.com\/es\/#website"},"datePublished":"2019-08-26T11:12:32+00:00","dateModified":"2024-08-01T10:16:44+00:00","description":"Comporta es un peque\u00f1o para\u00edso colgado entre el mar y campos de arroz. Encontrar\u00e1 en este blog todas las experiencias para vivir en este lugar \u00fanico.","breadcrumb":{"@id":"https:\/\/espiritodacomporta.com\/es\/#breadcrumb"},"inLanguage":"es","potentialAction":[{"@type":"ReadAction","target":["https:\/\/espiritodacomporta.com\/es\/"]}]},{"@type":"BreadcrumbList","@id":"https:\/\/espiritodacomporta.com\/es\/#breadcrumb","itemListElement":[{"@type":"ListItem","position":1,"name":"Home","item":"https:\/\/espiritodacomporta.com\/es\/"},{"@type":"ListItem","position":2,"name":"Comporta Portugal &#8211; Gu\u00eda de estilo de vida"}]},{"@type":"WebSite","@id":"https:\/\/espiritodacomporta.com\/es\/#website","url":"https:\/\/espiritodacomporta.com\/es\/","name":"Live & Feel Comporta Portugal","description":"","publisher":{"@id":"https:\/\/espiritodacomporta.com\/es\/#organization"},"potentialAction":[{"@type":"SearchAction","target":{"@type":"EntryPoint","urlTemplate":"https:\/\/espiritodacomporta.com\/es\/?s={search_term_string}"},"query-input":{"@type":"PropertyValueSpecification","valueRequired":true,"valueName":"search_term_string"}}],"inLanguage":"es"},{"@type":"Organization","@id":"https:\/\/espiritodacomporta.com\/es\/#organization","name":"Espirito da Comporta","url":"https:\/\/espiritodacomporta.com\/es\/","logo":{"@type":"ImageObject","inLanguage":"es","@id":"https:\/\/espiritodacomporta.com\/es\/#\/schema\/logo\/image\/","url":"https:\/\/espiritodacomporta.com\/app\/uploads\/2023\/09\/LOGO-SIGNATURE@4x.png","contentUrl":"https:\/\/espiritodacomporta.com\/app\/uploads\/2023\/09\/LOGO-SIGNATURE@4x.png","width":321,"height":385,"caption":"Espirito da Comporta"},"image":{"@id":"https:\/\/espiritodacomporta.com\/es\/#\/schema\/logo\/image\/"},"sameAs":["https:\/\/www.instagram.com\/almadacomporta\/"]}]}},"_links":{"self":[{"href":"https:\/\/espiritodacomporta.com\/es\/wp-json\/wp\/v2\/pages\/3766","targetHints":{"allow":["GET"]}}],"collection":[{"href":"https:\/\/espiritodacomporta.com\/es\/wp-json\/wp\/v2\/pages"}],"about":[{"href":"https:\/\/espiritodacomporta.com\/es\/wp-json\/wp\/v2\/types\/page"}],"author":[{"embeddable":true,"href":"https:\/\/espiritodacomporta.com\/es\/wp-json\/wp\/v2\/users\/1"}],"replies":[{"embeddable":true,"href":"https:\/\/espiritodacomporta.com\/es\/wp-json\/wp\/v2\/comments?post=3766"}],"version-history":[{"count":0,"href":"https:\/\/espiritodacomporta.com\/es\/wp-json\/wp\/v2\/pages\/3766\/revisions"}],"wp:attachment":[{"href":"https:\/\/espiritodacomporta.com\/es\/wp-json\/wp\/v2\/media?parent=3766"}],"curies":[{"name":"wp","href":"https:\/\/api.w.org\/{rel}","templated":true}]}}