{"id":3912,"date":"2019-08-28T14:01:32","date_gmt":"2019-08-28T14:01:32","guid":{"rendered":"https:\/\/espiritodacomporta.com\/legal\/"},"modified":"2024-12-19T16:38:53","modified_gmt":"2024-12-19T14:38:53","slug":"legal","status":"publish","type":"page","link":"https:\/\/espiritodacomporta.com\/es\/legal\/","title":{"rendered":"Legal"},"content":{"rendered":"\n<div class=\"wp-block-columns is-layout-flex wp-container-core-columns-is-layout-9d6595d7 wp-block-columns-is-layout-flex\">\n<div class=\"wp-block-column is-layout-flow wp-block-column-is-layout-flow\">\n<h2 class=\"wp-block-heading has-text-align-center\" id=\"h-ag-property-espirito-da-comporta\">AG Property \/ Espirito da Comporta<\/h2>\n\n\n\n<p class=\"has-text-align-center\">64 Boulevard Beaumarchais<br>75011 Par\u00eds<br>FRANCIA<\/p>\n\n\n\n<p class=\"has-text-align-center\"> <br>Avenida \u00c1lvares Cabral 27 &#8211; 5<br>1250-015 Lisboa<br>PORTUGAL<\/p>\n\n\n\n<h2 class=\"wp-block-heading has-text-align-center\" id=\"h-el-editor-de-esta-pagina-web-es\">El editor de esta p\u00e1gina web es:  <\/h2>\n\n\n\n<p class=\"has-text-align-center\">Charline NOBLET <br> <br>Avenida \u00c1lvares Cabral 27 &#8211; 5<br>1250-015 Lisboa<br>PORTUGAL<br><a href=\"mailto:info@espiritodacomporta.com\" target=\"_blank\" rel=\"noreferrer noopener\">info@espiritodacomporta.com<\/a><\/p>\n\n\n\n<h2 class=\"wp-block-heading has-text-align-center\" id=\"h-ovh-proporciona-el-alojamiento\">OVH proporciona el alojamiento  <\/h2>\n\n\n\n<p class=\"has-text-align-center\">2 rue Kellermann &#8211; 59100 Roubaix Francia  <br>Tel: 0899 701 761 (1,349 \u20ac la llamada impuestos incluidos, y 0,337 \u20ac impuestos incluidos \/ mn)  <\/p>\n\n\n\n<h2 class=\"wp-block-heading has-text-align-center\" id=\"h-diseno\">Dise\u00f1o:  <\/h2>\n\n\n\n<p class=\"has-text-align-center\"><a rel=\"noreferrer noopener\" href=\"https:\/\/ooii.eu\/\" target=\"_blank\">OOII<\/a><strong> <\/strong><\/p>\n\n\n\n<h2 class=\"wp-block-heading has-text-align-center\" id=\"h-desarrollo\">Desarrollo:  <\/h2>\n\n\n\n<p class=\"has-text-align-center\"><a rel=\"noreferrer noopener\" href=\"https:\/\/www.negative-network.com\/en\/\" target=\"_blank\">Negative Network<\/a><\/p>\n\n\n\n<h2 class=\"wp-block-heading has-text-align-center\" id=\"h-captcha\">Captcha<\/h2>\n\n\n\n<p class=\"has-text-align-center\">Este sitio est\u00e1 protegido por reCAPTCHA y la <a href=\"https:\/\/policies.google.com\/privacy\"> Pol\u00edtica de privacidad <\/a> y <a href=\"https:\/\/policies.google.com\/terms\"> Se aplican las Condiciones del servicio <\/a>.<\/p>\n<\/div>\n<\/div>\n","protected":false},"excerpt":{"rendered":"<p>AG Property \/ Espirito da Comporta 64 Boulevard Beaumarchais75011 Par\u00edsFRANCIA Avenida \u00c1lvares Cabral 27 &#8211; 51250-015 LisboaPORTUGAL El editor de esta p\u00e1gina web es: Charline NOBLET Avenida \u00c1lvares Cabral 27 &#8211; 51250-015 LisboaPORTUGALinfo@espiritodacomporta.com OVH proporciona el alojamiento 2 rue Kellermann &#8211; 59100 Roubaix Francia Tel: 0899 701 761 (1,349 \u20ac la llamada impuestos incluidos, y <\/p>\n<div class=\"goto\"><a href=\"https:\/\/espiritodacomporta.com\/es\/legal\/\">Leer m\u00e1s<\/a><\/div>\n","protected":false},"author":1,"featured_media":54637,"parent":0,"menu_order":0,"comment_status":"closed","ping_status":"closed","template":"","meta":{"_acf_changed":false,"inline_featured_image":false,"footnotes":""},"class_list":["post-3912","page","type-page","status-publish","has-post-thumbnail","hentry"],"acf":[],"yoast_head":"<!-- This site is optimized with the Yoast SEO Premium plugin v27.2 (Yoast SEO v27.2) - https:\/\/yoast.com\/product\/yoast-seo-premium-wordpress\/ -->\n<title>Espirito da Comporta - Alberga Comporta Portugal - Legal<\/title>\n<meta name=\"description\" content=\"Comporta Portugal - Alberga Renting Comporta - Informaci\u00f3n legal p\u00e1gina web de Espirito da Comporta\" \/>\n<meta name=\"robots\" content=\"index, follow, max-snippet:-1, max-image-preview:large, max-video-preview:-1\" \/>\n<link rel=\"canonical\" href=\"https:\/\/espiritodacomporta.com\/es\/legal\/\" \/>\n<meta property=\"og:locale\" content=\"es_ES\" \/>\n<meta property=\"og:type\" content=\"article\" \/>\n<meta property=\"og:title\" content=\"Legal\" \/>\n<meta property=\"og:description\" content=\"Comporta Portugal - Alberga Renting Comporta - Informaci\u00f3n legal p\u00e1gina web de Espirito da Comporta\" \/>\n<meta property=\"og:url\" content=\"https:\/\/espiritodacomporta.com\/es\/legal\/\" \/>\n<meta property=\"og:site_name\" content=\"Live &amp; Feel Comporta Portugal\" \/>\n<meta property=\"article:modified_time\" content=\"2024-12-19T14:38:53+00:00\" \/>\n<meta property=\"og:image\" content=\"https:\/\/espiritodacomporta.com\/app\/uploads\/2023\/10\/page-contact.png\" \/>\n\t<meta property=\"og:image:width\" content=\"1440\" \/>\n\t<meta property=\"og:image:height\" content=\"661\" \/>\n\t<meta property=\"og:image:type\" content=\"image\/png\" \/>\n<meta name=\"twitter:card\" content=\"summary_large_image\" \/>\n<meta name=\"twitter:label1\" content=\"Tiempo de lectura\" \/>\n\t<meta name=\"twitter:data1\" content=\"1 minuto\" \/>\n<script type=\"application\/ld+json\" class=\"yoast-schema-graph\">{\"@context\":\"https:\/\/schema.org\",\"@graph\":[{\"@type\":\"WebPage\",\"@id\":\"https:\/\/espiritodacomporta.com\/es\/legal\/\",\"url\":\"https:\/\/espiritodacomporta.com\/es\/legal\/\",\"name\":\"Espirito da Comporta - Alberga Comporta Portugal - Legal\",\"isPartOf\":{\"@id\":\"https:\/\/espiritodacomporta.com\/es\/#website\"},\"primaryImageOfPage\":{\"@id\":\"https:\/\/espiritodacomporta.com\/es\/legal\/#primaryimage\"},\"image\":{\"@id\":\"https:\/\/espiritodacomporta.com\/es\/legal\/#primaryimage\"},\"thumbnailUrl\":\"https:\/\/espiritodacomporta.com\/app\/uploads\/2023\/10\/page-contact.png\",\"datePublished\":\"2019-08-28T14:01:32+00:00\",\"dateModified\":\"2024-12-19T14:38:53+00:00\",\"description\":\"Comporta Portugal - Alberga Renting Comporta - Informaci\u00f3n legal p\u00e1gina web de Espirito da Comporta\",\"breadcrumb\":{\"@id\":\"https:\/\/espiritodacomporta.com\/es\/legal\/#breadcrumb\"},\"inLanguage\":\"es\",\"potentialAction\":[{\"@type\":\"ReadAction\",\"target\":[\"https:\/\/espiritodacomporta.com\/es\/legal\/\"]}]},{\"@type\":\"ImageObject\",\"inLanguage\":\"es\",\"@id\":\"https:\/\/espiritodacomporta.com\/es\/legal\/#primaryimage\",\"url\":\"https:\/\/espiritodacomporta.com\/app\/uploads\/2023\/10\/page-contact.png\",\"contentUrl\":\"https:\/\/espiritodacomporta.com\/app\/uploads\/2023\/10\/page-contact.png\",\"width\":1440,\"height\":661},{\"@type\":\"BreadcrumbList\",\"@id\":\"https:\/\/espiritodacomporta.com\/es\/legal\/#breadcrumb\",\"itemListElement\":[{\"@type\":\"ListItem\",\"position\":1,\"name\":\"Home\",\"item\":\"https:\/\/espiritodacomporta.com\/es\/\"},{\"@type\":\"ListItem\",\"position\":2,\"name\":\"Legal\"}]},{\"@type\":\"WebSite\",\"@id\":\"https:\/\/espiritodacomporta.com\/es\/#website\",\"url\":\"https:\/\/espiritodacomporta.com\/es\/\",\"name\":\"Live & Feel Comporta Portugal\",\"description\":\"\",\"publisher\":{\"@id\":\"https:\/\/espiritodacomporta.com\/es\/#organization\"},\"potentialAction\":[{\"@type\":\"SearchAction\",\"target\":{\"@type\":\"EntryPoint\",\"urlTemplate\":\"https:\/\/espiritodacomporta.com\/es\/?s={search_term_string}\"},\"query-input\":{\"@type\":\"PropertyValueSpecification\",\"valueRequired\":true,\"valueName\":\"search_term_string\"}}],\"inLanguage\":\"es\"},{\"@type\":\"Organization\",\"@id\":\"https:\/\/espiritodacomporta.com\/es\/#organization\",\"name\":\"Espirito da Comporta\",\"url\":\"https:\/\/espiritodacomporta.com\/es\/\",\"logo\":{\"@type\":\"ImageObject\",\"inLanguage\":\"es\",\"@id\":\"https:\/\/espiritodacomporta.com\/es\/#\/schema\/logo\/image\/\",\"url\":\"https:\/\/espiritodacomporta.com\/app\/uploads\/2023\/09\/LOGO-SIGNATURE@4x.png\",\"contentUrl\":\"https:\/\/espiritodacomporta.com\/app\/uploads\/2023\/09\/LOGO-SIGNATURE@4x.png\",\"width\":321,\"height\":385,\"caption\":\"Espirito da Comporta\"},\"image\":{\"@id\":\"https:\/\/espiritodacomporta.com\/es\/#\/schema\/logo\/image\/\"},\"sameAs\":[\"https:\/\/www.instagram.com\/almadacomporta\/\"]}]}<\/script>\n<!-- \/ Yoast SEO Premium plugin. -->","yoast_head_json":{"title":"Espirito da Comporta - Alberga Comporta Portugal - Legal","description":"Comporta Portugal - Alberga Renting Comporta - Informaci\u00f3n legal p\u00e1gina web de Espirito da Comporta","robots":{"index":"index","follow":"follow","max-snippet":"max-snippet:-1","max-image-preview":"max-image-preview:large","max-video-preview":"max-video-preview:-1"},"canonical":"https:\/\/espiritodacomporta.com\/es\/legal\/","og_locale":"es_ES","og_type":"article","og_title":"Legal","og_description":"Comporta Portugal - Alberga Renting Comporta - Informaci\u00f3n legal p\u00e1gina web de Espirito da Comporta","og_url":"https:\/\/espiritodacomporta.com\/es\/legal\/","og_site_name":"Live &amp; Feel Comporta Portugal","article_modified_time":"2024-12-19T14:38:53+00:00","og_image":[{"width":1440,"height":661,"url":"https:\/\/espiritodacomporta.com\/app\/uploads\/2023\/10\/page-contact.png","type":"image\/png"}],"twitter_card":"summary_large_image","twitter_misc":{"Tiempo de lectura":"1 minuto"},"schema":{"@context":"https:\/\/schema.org","@graph":[{"@type":"WebPage","@id":"https:\/\/espiritodacomporta.com\/es\/legal\/","url":"https:\/\/espiritodacomporta.com\/es\/legal\/","name":"Espirito da Comporta - Alberga Comporta Portugal - Legal","isPartOf":{"@id":"https:\/\/espiritodacomporta.com\/es\/#website"},"primaryImageOfPage":{"@id":"https:\/\/espiritodacomporta.com\/es\/legal\/#primaryimage"},"image":{"@id":"https:\/\/espiritodacomporta.com\/es\/legal\/#primaryimage"},"thumbnailUrl":"https:\/\/espiritodacomporta.com\/app\/uploads\/2023\/10\/page-contact.png","datePublished":"2019-08-28T14:01:32+00:00","dateModified":"2024-12-19T14:38:53+00:00","description":"Comporta Portugal - Alberga Renting Comporta - Informaci\u00f3n legal p\u00e1gina web de Espirito da Comporta","breadcrumb":{"@id":"https:\/\/espiritodacomporta.com\/es\/legal\/#breadcrumb"},"inLanguage":"es","potentialAction":[{"@type":"ReadAction","target":["https:\/\/espiritodacomporta.com\/es\/legal\/"]}]},{"@type":"ImageObject","inLanguage":"es","@id":"https:\/\/espiritodacomporta.com\/es\/legal\/#primaryimage","url":"https:\/\/espiritodacomporta.com\/app\/uploads\/2023\/10\/page-contact.png","contentUrl":"https:\/\/espiritodacomporta.com\/app\/uploads\/2023\/10\/page-contact.png","width":1440,"height":661},{"@type":"BreadcrumbList","@id":"https:\/\/espiritodacomporta.com\/es\/legal\/#breadcrumb","itemListElement":[{"@type":"ListItem","position":1,"name":"Home","item":"https:\/\/espiritodacomporta.com\/es\/"},{"@type":"ListItem","position":2,"name":"Legal"}]},{"@type":"WebSite","@id":"https:\/\/espiritodacomporta.com\/es\/#website","url":"https:\/\/espiritodacomporta.com\/es\/","name":"Live & Feel Comporta Portugal","description":"","publisher":{"@id":"https:\/\/espiritodacomporta.com\/es\/#organization"},"potentialAction":[{"@type":"SearchAction","target":{"@type":"EntryPoint","urlTemplate":"https:\/\/espiritodacomporta.com\/es\/?s={search_term_string}"},"query-input":{"@type":"PropertyValueSpecification","valueRequired":true,"valueName":"search_term_string"}}],"inLanguage":"es"},{"@type":"Organization","@id":"https:\/\/espiritodacomporta.com\/es\/#organization","name":"Espirito da Comporta","url":"https:\/\/espiritodacomporta.com\/es\/","logo":{"@type":"ImageObject","inLanguage":"es","@id":"https:\/\/espiritodacomporta.com\/es\/#\/schema\/logo\/image\/","url":"https:\/\/espiritodacomporta.com\/app\/uploads\/2023\/09\/LOGO-SIGNATURE@4x.png","contentUrl":"https:\/\/espiritodacomporta.com\/app\/uploads\/2023\/09\/LOGO-SIGNATURE@4x.png","width":321,"height":385,"caption":"Espirito da Comporta"},"image":{"@id":"https:\/\/espiritodacomporta.com\/es\/#\/schema\/logo\/image\/"},"sameAs":["https:\/\/www.instagram.com\/almadacomporta\/"]}]}},"_links":{"self":[{"href":"https:\/\/espiritodacomporta.com\/es\/wp-json\/wp\/v2\/pages\/3912","targetHints":{"allow":["GET"]}}],"collection":[{"href":"https:\/\/espiritodacomporta.com\/es\/wp-json\/wp\/v2\/pages"}],"about":[{"href":"https:\/\/espiritodacomporta.com\/es\/wp-json\/wp\/v2\/types\/page"}],"author":[{"embeddable":true,"href":"https:\/\/espiritodacomporta.com\/es\/wp-json\/wp\/v2\/users\/1"}],"replies":[{"embeddable":true,"href":"https:\/\/espiritodacomporta.com\/es\/wp-json\/wp\/v2\/comments?post=3912"}],"version-history":[{"count":0,"href":"https:\/\/espiritodacomporta.com\/es\/wp-json\/wp\/v2\/pages\/3912\/revisions"}],"wp:featuredmedia":[{"embeddable":true,"href":"https:\/\/espiritodacomporta.com\/es\/wp-json\/wp\/v2\/media\/54637"}],"wp:attachment":[{"href":"https:\/\/espiritodacomporta.com\/es\/wp-json\/wp\/v2\/media?parent=3912"}],"curies":[{"name":"wp","href":"https:\/\/api.w.org\/{rel}","templated":true}]}}