{"id":4122,"date":"2019-09-02T07:51:04","date_gmt":"2019-09-02T07:51:04","guid":{"rendered":"https:\/\/espiritodacomporta.com\/el-proyecto\/"},"modified":"2024-08-01T16:49:59","modified_gmt":"2024-08-01T14:49:59","slug":"la-historia","status":"publish","type":"page","link":"https:\/\/espiritodacomporta.com\/es\/la-historia\/","title":{"rendered":"La historia"},"content":{"rendered":"\n<p class=\"is-style-text-intro\">Casas aut\u00e9nticas, enclavadas en plena naturaleza, con servicio y experiencias a medida para que pase momentos inolvidables.<\/p>\n\n\n\n<div class=\"wp-block-columns is-layout-flex wp-container-core-columns-is-layout-9d6595d7 wp-block-columns-is-layout-flex\">\n<div class=\"wp-block-column is-layout-flow wp-block-column-is-layout-flow\"><section class=\"homeblocks   \">\n    <section class=\"homeblocks-image \">\n                  <!-- <img decoding=\"async\" src=\"https:\/\/espiritodacomporta.com\/app\/uploads\/2023\/11\/page-the-story-image-1.png\" alt=\"\"> -->\n          <img decoding=\"async\" width=\"594\" height=\"732\" src=\"https:\/\/espiritodacomporta.com\/app\/uploads\/2023\/11\/page-the-story-image-1.png\" class=\"attachment-full size-full\" alt=\"\" loading=\"lazy\" srcset=\"https:\/\/espiritodacomporta.com\/app\/uploads\/2023\/11\/page-the-story-image-1.png 594w, https:\/\/espiritodacomporta.com\/app\/uploads\/2023\/11\/page-the-story-image-1-243x300.png 243w\" sizes=\"auto, (max-width: 594px) 100vw, 594px\" data-attachment-id=\"55083\" data-permalink=\"https:\/\/espiritodacomporta.com\/es\/la-historia\/page-the-story-image-1-2\/\" data-orig-file=\"https:\/\/espiritodacomporta.com\/app\/uploads\/2023\/11\/page-the-story-image-1.png\" data-orig-size=\"594,732\" data-comments-opened=\"0\" data-image-meta=\"{&quot;aperture&quot;:&quot;0&quot;,&quot;credit&quot;:&quot;&quot;,&quot;camera&quot;:&quot;&quot;,&quot;caption&quot;:&quot;&quot;,&quot;created_timestamp&quot;:&quot;0&quot;,&quot;copyright&quot;:&quot;&quot;,&quot;focal_length&quot;:&quot;0&quot;,&quot;iso&quot;:&quot;0&quot;,&quot;shutter_speed&quot;:&quot;0&quot;,&quot;title&quot;:&quot;&quot;,&quot;orientation&quot;:&quot;0&quot;}\" data-image-title=\"page-the-story-image-1\" data-image-description=\"\" data-image-caption=\"\" data-medium-file=\"https:\/\/espiritodacomporta.com\/app\/uploads\/2023\/11\/page-the-story-image-1-243x300.png\" data-large-file=\"https:\/\/espiritodacomporta.com\/app\/uploads\/2023\/11\/page-the-story-image-1.png\" \/>\n            <\/section>\n    <section class=\"homeblocks-content\">\n        <div class=\"homeblocks-content-inside\">\n            <h2 class=\"titre1\">Espirito da Comporta<\/h2>\n<p class=\"sous-titre1\">Al principio<\/p>\n<p>Espirito da Comporta naci\u00f3 de una historia de amor, la de Charline y Antoine Gurwitch por Portugal y, m\u00e1s concretamente, por Comporta. Amantes de este destino de encanto preservado, se sumergieron en su historia, su cultura y su arte de vivir. Primero abrieron un blog para compartir todas sus direcciones. Entonces empezaron a so\u00f1ar a lo grande y a imaginar su casa de vacaciones ideal. Otras casas han venido a enriquecer la colecci\u00f3n con siempre el mismo deseo: respetar el esp\u00edritu del lugar y crear casas propicias para momentos reales.<\/p>\n<p>Hoy, el esp\u00edritu de Espirito da Comporta se extiende por toda una colecci\u00f3n de casas y caba\u00f1as, enclavadas en plena naturaleza, nutridas de cultura y enriquecidas con servicios hoteleros. Propiedades por descubrir y experimentar.<\/p>\n\n\n            \n                    <\/div>\n    <\/section>\n<\/section>\n\n\n<section class=\"homeblocks   \">\n    <section class=\"homeblocks-image  homeblocks-right \">\n                  <!-- <img decoding=\"async\" src=\"https:\/\/espiritodacomporta.com\/app\/uploads\/2023\/12\/story-section-2-nature.png\" alt=\"\"> -->\n          <img decoding=\"async\" width=\"594\" height=\"803\" src=\"https:\/\/espiritodacomporta.com\/app\/uploads\/2023\/12\/story-section-2-nature.png\" class=\"attachment-full size-full\" alt=\"\" loading=\"lazy\" srcset=\"https:\/\/espiritodacomporta.com\/app\/uploads\/2023\/12\/story-section-2-nature.png 594w, https:\/\/espiritodacomporta.com\/app\/uploads\/2023\/12\/story-section-2-nature-222x300.png 222w\" sizes=\"auto, (max-width: 594px) 100vw, 594px\" data-attachment-id=\"55493\" data-permalink=\"https:\/\/espiritodacomporta.com\/es\/la-historia\/story-section-2-nature-2\/\" data-orig-file=\"https:\/\/espiritodacomporta.com\/app\/uploads\/2023\/12\/story-section-2-nature.png\" data-orig-size=\"594,803\" data-comments-opened=\"0\" data-image-meta=\"{&quot;aperture&quot;:&quot;0&quot;,&quot;credit&quot;:&quot;&quot;,&quot;camera&quot;:&quot;&quot;,&quot;caption&quot;:&quot;&quot;,&quot;created_timestamp&quot;:&quot;0&quot;,&quot;copyright&quot;:&quot;&quot;,&quot;focal_length&quot;:&quot;0&quot;,&quot;iso&quot;:&quot;0&quot;,&quot;shutter_speed&quot;:&quot;0&quot;,&quot;title&quot;:&quot;&quot;,&quot;orientation&quot;:&quot;0&quot;}\" data-image-title=\"story-section-2-nature\" data-image-description=\"\" data-image-caption=\"\" data-medium-file=\"https:\/\/espiritodacomporta.com\/app\/uploads\/2023\/12\/story-section-2-nature-222x300.png\" data-large-file=\"https:\/\/espiritodacomporta.com\/app\/uploads\/2023\/12\/story-section-2-nature.png\" \/>\n            <\/section>\n    <section class=\"homeblocks-content\">\n        <div class=\"homeblocks-content-inside\">\n            <p class=\"sous-titre1\">La naturaleza en el coraz\u00f3n<\/p>\n<p>Un tesoro escondido, mantenido en secreto durante mucho tiempo por los asiduos, Comporta se ha desarrollado al margen del mundo y su frenes\u00ed. Los arrozales, el pinar y las playas salvajes que bordean el oc\u00e9ano Atl\u00e1ntico constituyen ahora sus activos esenciales. Del mismo modo, el respeto por la naturaleza est\u00e1 en el centro de todo nuestro pensamiento arquitect\u00f3nico. Construidas por arquitectos portugueses y con materiales locales, nuestras propiedades se integran perfectamente en el paisaje, difuminando los l\u00edmites entre interior y exterior. As\u00ed, nuestros hu\u00e9spedes pueden vivir inmersos en la naturaleza que les rodea, sin renunciar en ning\u00fan momento a la comodidad ni a la intimidad.<\/p>\n<p class=\"sous-titre1\">El arte de vivir<\/p>\n<p>M\u00e1s all\u00e1 de la naturaleza, Comporta es tambi\u00e9n un destino reconocido por su arquitectura, artesan\u00eda y arte de vivir. Muchos decoradores han encontrado all\u00ed su inspiraci\u00f3n y han dejado su huella. Aqu\u00ed no hay necesidad de presumir. El lujo prescinde de la opulencia. La elegancia es relajada, sin artificios. Amantes de este arte de vivir, hemos dise\u00f1ado todas nuestras propiedades con una forma de obviedad centr\u00e1ndonos en la hermosa artesan\u00eda local, los materiales de calidad y ciertas elecciones audaces pero nunca gratuitas. Alojarse en una casa de Espirito da Comporta significa alojarse en una casa que ya pertenece a sus recuerdos.<\/p>\n\n\n            \n                    <\/div>\n    <\/section>\n<\/section>\n\n\n<section class=\"homeblocks   \">\n    <section class=\"homeblocks-image \">\n                  <!-- <img decoding=\"async\" src=\"https:\/\/espiritodacomporta.com\/app\/uploads\/2023\/11\/page-the-story-image-2.png\" alt=\"\"> -->\n          <img decoding=\"async\" width=\"594\" height=\"803\" src=\"https:\/\/espiritodacomporta.com\/app\/uploads\/2023\/11\/page-the-story-image-2.png\" class=\"attachment-full size-full\" alt=\"\" loading=\"lazy\" srcset=\"https:\/\/espiritodacomporta.com\/app\/uploads\/2023\/11\/page-the-story-image-2.png 594w, https:\/\/espiritodacomporta.com\/app\/uploads\/2023\/11\/page-the-story-image-2-222x300.png 222w\" sizes=\"auto, (max-width: 594px) 100vw, 594px\" data-attachment-id=\"55088\" data-permalink=\"https:\/\/espiritodacomporta.com\/es\/la-historia\/page-the-story-image-2-2\/\" data-orig-file=\"https:\/\/espiritodacomporta.com\/app\/uploads\/2023\/11\/page-the-story-image-2.png\" data-orig-size=\"594,803\" data-comments-opened=\"0\" data-image-meta=\"{&quot;aperture&quot;:&quot;0&quot;,&quot;credit&quot;:&quot;&quot;,&quot;camera&quot;:&quot;&quot;,&quot;caption&quot;:&quot;&quot;,&quot;created_timestamp&quot;:&quot;0&quot;,&quot;copyright&quot;:&quot;&quot;,&quot;focal_length&quot;:&quot;0&quot;,&quot;iso&quot;:&quot;0&quot;,&quot;shutter_speed&quot;:&quot;0&quot;,&quot;title&quot;:&quot;&quot;,&quot;orientation&quot;:&quot;0&quot;}\" data-image-title=\"page-the-story-image-2\" data-image-description=\"\" data-image-caption=\"\" data-medium-file=\"https:\/\/espiritodacomporta.com\/app\/uploads\/2023\/11\/page-the-story-image-2-222x300.png\" data-large-file=\"https:\/\/espiritodacomporta.com\/app\/uploads\/2023\/11\/page-the-story-image-2.png\" \/>\n            <\/section>\n    <section class=\"homeblocks-content\">\n        <div class=\"homeblocks-content-inside\">\n            <p class=\"sous-titre1\">Nuestra filosof\u00eda<\/p>\n<p>Nuestra filosof\u00eda es conciliar la intimidad y el confort de las propiedades privadas con aut\u00e9nticos servicios hoteleros que se ajusten a sus necesidades. Desde su reserva hasta el d\u00eda de su partida, le apoyamos para hacer de su estancia una experiencia inolvidable.<\/p>\n<p class=\"sous-titre1\">Hacia un nuevo tipo de hospitalidad<\/p>\n<p>Espirito da Comporta es la promesa de sentirse bien, como en casa, de forma evidente y espont\u00e1nea, mientras se beneficia de los servicios de hotel. Es querer bajar el ritmo, conectar con uno mismo, con sus seres queridos y con la naturaleza, y salir transformado. Es una visi\u00f3n moderna de la hospitalidad, adaptada a los valores de nuestro tiempo, para las tribus de hoy, donde la autenticidad es mejor que el artificio, donde el ser prima sobre el parecer, donde la comodidad prescinde de la opulencia.<\/p>\n\n\n            \n                    <\/div>\n    <\/section>\n<\/section>\n<\/div>\n<\/div>\n","protected":false},"excerpt":{"rendered":"<p>Casas aut\u00e9nticas, enclavadas en plena naturaleza, con servicio y experiencias a medida para que pase momentos inolvidables.<\/p>\n","protected":false},"author":1,"featured_media":54643,"parent":0,"menu_order":0,"comment_status":"closed","ping_status":"closed","template":"","meta":{"_acf_changed":false,"inline_featured_image":false,"footnotes":""},"class_list":["post-4122","page","type-page","status-publish","has-post-thumbnail","hentry"],"acf":[],"yoast_head":"<!-- This site is optimized with the Yoast SEO Premium plugin v27.2 (Yoast SEO v27.2) - https:\/\/yoast.com\/product\/yoast-seo-premium-wordpress\/ -->\n<title>Comporta Portugal - Creaci\u00f3n de Casas T\u00edpicas - El Proyecto<\/title>\n<meta name=\"description\" content=\"Una naturaleza protegida, campos de arroz y pinos hasta donde llega la vista... En este para\u00edso es donde decidimos construir nuestras caba\u00f1as t\u00edpicas de Comporta.\" \/>\n<meta name=\"robots\" content=\"index, follow, max-snippet:-1, max-image-preview:large, max-video-preview:-1\" \/>\n<link rel=\"canonical\" href=\"https:\/\/espiritodacomporta.com\/es\/la-historia\/\" \/>\n<meta property=\"og:locale\" content=\"es_ES\" \/>\n<meta property=\"og:type\" content=\"article\" \/>\n<meta property=\"og:title\" content=\"La historia\" \/>\n<meta property=\"og:description\" content=\"Una naturaleza protegida, campos de arroz y pinos hasta donde llega la vista... En este para\u00edso es donde decidimos construir nuestras caba\u00f1as t\u00edpicas de Comporta.\" \/>\n<meta property=\"og:url\" content=\"https:\/\/espiritodacomporta.com\/es\/la-historia\/\" \/>\n<meta property=\"og:site_name\" content=\"Live &amp; Feel Comporta Portugal\" \/>\n<meta property=\"article:modified_time\" content=\"2024-08-01T14:49:59+00:00\" \/>\n<meta property=\"og:image\" content=\"https:\/\/espiritodacomporta.com\/app\/uploads\/2023\/10\/page-the-story.png\" \/>\n\t<meta property=\"og:image:width\" content=\"1440\" \/>\n\t<meta property=\"og:image:height\" content=\"664\" \/>\n\t<meta property=\"og:image:type\" content=\"image\/png\" \/>\n<meta name=\"twitter:card\" content=\"summary_large_image\" \/>\n<meta name=\"twitter:label1\" content=\"Tiempo de lectura\" \/>\n\t<meta name=\"twitter:data1\" content=\"1 minuto\" \/>\n<script type=\"application\/ld+json\" class=\"yoast-schema-graph\">{\"@context\":\"https:\/\/schema.org\",\"@graph\":[{\"@type\":\"WebPage\",\"@id\":\"https:\/\/espiritodacomporta.com\/es\/la-historia\/\",\"url\":\"https:\/\/espiritodacomporta.com\/es\/la-historia\/\",\"name\":\"Comporta Portugal - Creaci\u00f3n de Casas T\u00edpicas - El Proyecto\",\"isPartOf\":{\"@id\":\"https:\/\/espiritodacomporta.com\/es\/#website\"},\"primaryImageOfPage\":{\"@id\":\"https:\/\/espiritodacomporta.com\/es\/la-historia\/#primaryimage\"},\"image\":{\"@id\":\"https:\/\/espiritodacomporta.com\/es\/la-historia\/#primaryimage\"},\"thumbnailUrl\":\"https:\/\/espiritodacomporta.com\/app\/uploads\/2023\/10\/page-the-story.png\",\"datePublished\":\"2019-09-02T07:51:04+00:00\",\"dateModified\":\"2024-08-01T14:49:59+00:00\",\"description\":\"Una naturaleza protegida, campos de arroz y pinos hasta donde llega la vista... En este para\u00edso es donde decidimos construir nuestras caba\u00f1as t\u00edpicas de Comporta.\",\"breadcrumb\":{\"@id\":\"https:\/\/espiritodacomporta.com\/es\/la-historia\/#breadcrumb\"},\"inLanguage\":\"es\",\"potentialAction\":[{\"@type\":\"ReadAction\",\"target\":[\"https:\/\/espiritodacomporta.com\/es\/la-historia\/\"]}]},{\"@type\":\"ImageObject\",\"inLanguage\":\"es\",\"@id\":\"https:\/\/espiritodacomporta.com\/es\/la-historia\/#primaryimage\",\"url\":\"https:\/\/espiritodacomporta.com\/app\/uploads\/2023\/10\/page-the-story.png\",\"contentUrl\":\"https:\/\/espiritodacomporta.com\/app\/uploads\/2023\/10\/page-the-story.png\",\"width\":1440,\"height\":664},{\"@type\":\"BreadcrumbList\",\"@id\":\"https:\/\/espiritodacomporta.com\/es\/la-historia\/#breadcrumb\",\"itemListElement\":[{\"@type\":\"ListItem\",\"position\":1,\"name\":\"Home\",\"item\":\"https:\/\/espiritodacomporta.com\/es\/\"},{\"@type\":\"ListItem\",\"position\":2,\"name\":\"La historia\"}]},{\"@type\":\"WebSite\",\"@id\":\"https:\/\/espiritodacomporta.com\/es\/#website\",\"url\":\"https:\/\/espiritodacomporta.com\/es\/\",\"name\":\"Live & Feel Comporta Portugal\",\"description\":\"\",\"publisher\":{\"@id\":\"https:\/\/espiritodacomporta.com\/es\/#organization\"},\"potentialAction\":[{\"@type\":\"SearchAction\",\"target\":{\"@type\":\"EntryPoint\",\"urlTemplate\":\"https:\/\/espiritodacomporta.com\/es\/?s={search_term_string}\"},\"query-input\":{\"@type\":\"PropertyValueSpecification\",\"valueRequired\":true,\"valueName\":\"search_term_string\"}}],\"inLanguage\":\"es\"},{\"@type\":\"Organization\",\"@id\":\"https:\/\/espiritodacomporta.com\/es\/#organization\",\"name\":\"Espirito da Comporta\",\"url\":\"https:\/\/espiritodacomporta.com\/es\/\",\"logo\":{\"@type\":\"ImageObject\",\"inLanguage\":\"es\",\"@id\":\"https:\/\/espiritodacomporta.com\/es\/#\/schema\/logo\/image\/\",\"url\":\"https:\/\/espiritodacomporta.com\/app\/uploads\/2023\/09\/LOGO-SIGNATURE@4x.png\",\"contentUrl\":\"https:\/\/espiritodacomporta.com\/app\/uploads\/2023\/09\/LOGO-SIGNATURE@4x.png\",\"width\":321,\"height\":385,\"caption\":\"Espirito da Comporta\"},\"image\":{\"@id\":\"https:\/\/espiritodacomporta.com\/es\/#\/schema\/logo\/image\/\"},\"sameAs\":[\"https:\/\/www.instagram.com\/almadacomporta\/\"]}]}<\/script>\n<!-- \/ Yoast SEO Premium plugin. -->","yoast_head_json":{"title":"Comporta Portugal - Creaci\u00f3n de Casas T\u00edpicas - El Proyecto","description":"Una naturaleza protegida, campos de arroz y pinos hasta donde llega la vista... En este para\u00edso es donde decidimos construir nuestras caba\u00f1as t\u00edpicas de Comporta.","robots":{"index":"index","follow":"follow","max-snippet":"max-snippet:-1","max-image-preview":"max-image-preview:large","max-video-preview":"max-video-preview:-1"},"canonical":"https:\/\/espiritodacomporta.com\/es\/la-historia\/","og_locale":"es_ES","og_type":"article","og_title":"La historia","og_description":"Una naturaleza protegida, campos de arroz y pinos hasta donde llega la vista... En este para\u00edso es donde decidimos construir nuestras caba\u00f1as t\u00edpicas de Comporta.","og_url":"https:\/\/espiritodacomporta.com\/es\/la-historia\/","og_site_name":"Live &amp; Feel Comporta Portugal","article_modified_time":"2024-08-01T14:49:59+00:00","og_image":[{"width":1440,"height":664,"url":"https:\/\/espiritodacomporta.com\/app\/uploads\/2023\/10\/page-the-story.png","type":"image\/png"}],"twitter_card":"summary_large_image","twitter_misc":{"Tiempo de lectura":"1 minuto"},"schema":{"@context":"https:\/\/schema.org","@graph":[{"@type":"WebPage","@id":"https:\/\/espiritodacomporta.com\/es\/la-historia\/","url":"https:\/\/espiritodacomporta.com\/es\/la-historia\/","name":"Comporta Portugal - Creaci\u00f3n de Casas T\u00edpicas - El Proyecto","isPartOf":{"@id":"https:\/\/espiritodacomporta.com\/es\/#website"},"primaryImageOfPage":{"@id":"https:\/\/espiritodacomporta.com\/es\/la-historia\/#primaryimage"},"image":{"@id":"https:\/\/espiritodacomporta.com\/es\/la-historia\/#primaryimage"},"thumbnailUrl":"https:\/\/espiritodacomporta.com\/app\/uploads\/2023\/10\/page-the-story.png","datePublished":"2019-09-02T07:51:04+00:00","dateModified":"2024-08-01T14:49:59+00:00","description":"Una naturaleza protegida, campos de arroz y pinos hasta donde llega la vista... En este para\u00edso es donde decidimos construir nuestras caba\u00f1as t\u00edpicas de Comporta.","breadcrumb":{"@id":"https:\/\/espiritodacomporta.com\/es\/la-historia\/#breadcrumb"},"inLanguage":"es","potentialAction":[{"@type":"ReadAction","target":["https:\/\/espiritodacomporta.com\/es\/la-historia\/"]}]},{"@type":"ImageObject","inLanguage":"es","@id":"https:\/\/espiritodacomporta.com\/es\/la-historia\/#primaryimage","url":"https:\/\/espiritodacomporta.com\/app\/uploads\/2023\/10\/page-the-story.png","contentUrl":"https:\/\/espiritodacomporta.com\/app\/uploads\/2023\/10\/page-the-story.png","width":1440,"height":664},{"@type":"BreadcrumbList","@id":"https:\/\/espiritodacomporta.com\/es\/la-historia\/#breadcrumb","itemListElement":[{"@type":"ListItem","position":1,"name":"Home","item":"https:\/\/espiritodacomporta.com\/es\/"},{"@type":"ListItem","position":2,"name":"La historia"}]},{"@type":"WebSite","@id":"https:\/\/espiritodacomporta.com\/es\/#website","url":"https:\/\/espiritodacomporta.com\/es\/","name":"Live & Feel Comporta Portugal","description":"","publisher":{"@id":"https:\/\/espiritodacomporta.com\/es\/#organization"},"potentialAction":[{"@type":"SearchAction","target":{"@type":"EntryPoint","urlTemplate":"https:\/\/espiritodacomporta.com\/es\/?s={search_term_string}"},"query-input":{"@type":"PropertyValueSpecification","valueRequired":true,"valueName":"search_term_string"}}],"inLanguage":"es"},{"@type":"Organization","@id":"https:\/\/espiritodacomporta.com\/es\/#organization","name":"Espirito da Comporta","url":"https:\/\/espiritodacomporta.com\/es\/","logo":{"@type":"ImageObject","inLanguage":"es","@id":"https:\/\/espiritodacomporta.com\/es\/#\/schema\/logo\/image\/","url":"https:\/\/espiritodacomporta.com\/app\/uploads\/2023\/09\/LOGO-SIGNATURE@4x.png","contentUrl":"https:\/\/espiritodacomporta.com\/app\/uploads\/2023\/09\/LOGO-SIGNATURE@4x.png","width":321,"height":385,"caption":"Espirito da Comporta"},"image":{"@id":"https:\/\/espiritodacomporta.com\/es\/#\/schema\/logo\/image\/"},"sameAs":["https:\/\/www.instagram.com\/almadacomporta\/"]}]}},"_links":{"self":[{"href":"https:\/\/espiritodacomporta.com\/es\/wp-json\/wp\/v2\/pages\/4122","targetHints":{"allow":["GET"]}}],"collection":[{"href":"https:\/\/espiritodacomporta.com\/es\/wp-json\/wp\/v2\/pages"}],"about":[{"href":"https:\/\/espiritodacomporta.com\/es\/wp-json\/wp\/v2\/types\/page"}],"author":[{"embeddable":true,"href":"https:\/\/espiritodacomporta.com\/es\/wp-json\/wp\/v2\/users\/1"}],"replies":[{"embeddable":true,"href":"https:\/\/espiritodacomporta.com\/es\/wp-json\/wp\/v2\/comments?post=4122"}],"version-history":[{"count":0,"href":"https:\/\/espiritodacomporta.com\/es\/wp-json\/wp\/v2\/pages\/4122\/revisions"}],"wp:featuredmedia":[{"embeddable":true,"href":"https:\/\/espiritodacomporta.com\/es\/wp-json\/wp\/v2\/media\/54643"}],"wp:attachment":[{"href":"https:\/\/espiritodacomporta.com\/es\/wp-json\/wp\/v2\/media?parent=4122"}],"curies":[{"name":"wp","href":"https:\/\/api.w.org\/{rel}","templated":true}]}}