{"id":295,"date":"2019-02-06T16:26:06","date_gmt":"2019-02-06T16:26:06","guid":{"rendered":"https:\/\/espiritodacomporta.com\/?page_id=295"},"modified":"2024-03-01T13:07:37","modified_gmt":"2024-03-01T11:07:37","slug":"credits","status":"publish","type":"page","link":"https:\/\/espiritodacomporta.com\/fr\/credits\/","title":{"rendered":"Cr\u00e9dits"},"content":{"rendered":"\n<div class=\"wp-block-columns is-layout-flex wp-container-core-columns-is-layout-9d6595d7 wp-block-columns-is-layout-flex\">\n<div class=\"wp-block-column is-layout-flow wp-block-column-is-layout-flow\">\n<p class=\"has-text-align-center\">Le graphisme 2024 du site a \u00e9t\u00e9 r\u00e9alis\u00e9 par Alice Morpurgo.<br>Contact : <a href=\"https:\/\/alicemorpurgo.com\/\">https:\/\/alicemorpurgo.com\/<\/a><\/p>\n\n\n\n<p class=\"has-text-align-center\">Le graphisme original du site a \u00e9t\u00e9 r\u00e9alis\u00e9 par OOII.<br>Contact :\u00a0<a href=\"https:\/\/ooii.eu\/\">https:\/\/ooii.eu\/<\/a><\/p>\n\n\n\n<p class=\"has-text-align-center\">Le d\u00e9veloppement, programmation et int\u00e9gration du site ont \u00e9t\u00e9 r\u00e9alis\u00e9s par Negative Network.<br>Contact :&nbsp;<a href=\"https:\/\/negative-network.com\/\">https:\/\/negative-network.com\/<\/a><\/p>\n<\/div>\n<\/div>\n","protected":false},"excerpt":{"rendered":"<p>Le graphisme 2024 du site a \u00e9t\u00e9 r\u00e9alis\u00e9 par Alice Morpurgo.Contact : https:\/\/alicemorpurgo.com\/ Le graphisme original du site a \u00e9t\u00e9 r\u00e9alis\u00e9 par OOII.Contact :\u00a0https:\/\/ooii.eu\/ Le d\u00e9veloppement, programmation et int\u00e9gration du site ont \u00e9t\u00e9 r\u00e9alis\u00e9s par Negative Network.Contact :&nbsp;https:\/\/negative-network.com\/<\/p>\n","protected":false},"author":1,"featured_media":54635,"parent":0,"menu_order":0,"comment_status":"closed","ping_status":"closed","template":"","meta":{"_acf_changed":false,"inline_featured_image":false,"footnotes":""},"class_list":["post-295","page","type-page","status-publish","has-post-thumbnail","hentry"],"acf":[],"yoast_head":"<!-- This site is optimized with the Yoast SEO Premium plugin v27.2 (Yoast SEO v27.2) - https:\/\/yoast.com\/product\/yoast-seo-premium-wordpress\/ -->\n<title>Cr\u00e9dits - Espirito da Comporta - Maisons Comporta Portugal<\/title>\n<meta name=\"description\" content=\"Cr\u00e9dits - Espirito da Comporta - Maisons Comporta Portugal\" \/>\n<meta name=\"robots\" content=\"index, follow, max-snippet:-1, max-image-preview:large, max-video-preview:-1\" \/>\n<link rel=\"canonical\" href=\"https:\/\/espiritodacomporta.com\/fr\/credits\/\" \/>\n<meta property=\"og:locale\" content=\"fr_FR\" \/>\n<meta property=\"og:type\" content=\"article\" \/>\n<meta property=\"og:title\" content=\"Cr\u00e9dits\" \/>\n<meta property=\"og:description\" content=\"Cr\u00e9dits - Espirito da Comporta - Maisons Comporta Portugal\" \/>\n<meta property=\"og:url\" content=\"https:\/\/espiritodacomporta.com\/fr\/credits\/\" \/>\n<meta property=\"og:site_name\" content=\"Live &amp; Feel Comporta Portugal\" \/>\n<meta property=\"article:modified_time\" content=\"2024-03-01T11:07:37+00:00\" \/>\n<meta property=\"og:image\" content=\"https:\/\/espiritodacomporta.com\/app\/uploads\/2023\/10\/page-contact.png\" \/>\n\t<meta property=\"og:image:width\" content=\"1440\" \/>\n\t<meta property=\"og:image:height\" content=\"661\" \/>\n\t<meta property=\"og:image:type\" content=\"image\/png\" \/>\n<meta name=\"twitter:card\" content=\"summary_large_image\" \/>\n<meta name=\"twitter:label1\" content=\"Dur\u00e9e de lecture estim\u00e9e\" \/>\n\t<meta name=\"twitter:data1\" content=\"1 minute\" \/>\n<script type=\"application\/ld+json\" class=\"yoast-schema-graph\">{\"@context\":\"https:\/\/schema.org\",\"@graph\":[{\"@type\":\"WebPage\",\"@id\":\"https:\/\/espiritodacomporta.com\/fr\/credits\/\",\"url\":\"https:\/\/espiritodacomporta.com\/fr\/credits\/\",\"name\":\"Cr\u00e9dits - Espirito da Comporta - Maisons Comporta Portugal\",\"isPartOf\":{\"@id\":\"https:\/\/espiritodacomporta.com\/fr\/#website\"},\"primaryImageOfPage\":{\"@id\":\"https:\/\/espiritodacomporta.com\/fr\/credits\/#primaryimage\"},\"image\":{\"@id\":\"https:\/\/espiritodacomporta.com\/fr\/credits\/#primaryimage\"},\"thumbnailUrl\":\"https:\/\/espiritodacomporta.com\/app\/uploads\/2023\/10\/page-contact.png\",\"datePublished\":\"2019-02-06T16:26:06+00:00\",\"dateModified\":\"2024-03-01T11:07:37+00:00\",\"description\":\"Cr\u00e9dits - Espirito da Comporta - Maisons Comporta Portugal\",\"breadcrumb\":{\"@id\":\"https:\/\/espiritodacomporta.com\/fr\/credits\/#breadcrumb\"},\"inLanguage\":\"fr-FR\",\"potentialAction\":[{\"@type\":\"ReadAction\",\"target\":[\"https:\/\/espiritodacomporta.com\/fr\/credits\/\"]}]},{\"@type\":\"ImageObject\",\"inLanguage\":\"fr-FR\",\"@id\":\"https:\/\/espiritodacomporta.com\/fr\/credits\/#primaryimage\",\"url\":\"https:\/\/espiritodacomporta.com\/app\/uploads\/2023\/10\/page-contact.png\",\"contentUrl\":\"https:\/\/espiritodacomporta.com\/app\/uploads\/2023\/10\/page-contact.png\",\"width\":1440,\"height\":661},{\"@type\":\"BreadcrumbList\",\"@id\":\"https:\/\/espiritodacomporta.com\/fr\/credits\/#breadcrumb\",\"itemListElement\":[{\"@type\":\"ListItem\",\"position\":1,\"name\":\"Home\",\"item\":\"https:\/\/espiritodacomporta.com\/fr\/\"},{\"@type\":\"ListItem\",\"position\":2,\"name\":\"Cr\u00e9dits\"}]},{\"@type\":\"WebSite\",\"@id\":\"https:\/\/espiritodacomporta.com\/fr\/#website\",\"url\":\"https:\/\/espiritodacomporta.com\/fr\/\",\"name\":\"Live & Feel Comporta Portugal\",\"description\":\"\",\"publisher\":{\"@id\":\"https:\/\/espiritodacomporta.com\/fr\/#organization\"},\"potentialAction\":[{\"@type\":\"SearchAction\",\"target\":{\"@type\":\"EntryPoint\",\"urlTemplate\":\"https:\/\/espiritodacomporta.com\/fr\/?s={search_term_string}\"},\"query-input\":{\"@type\":\"PropertyValueSpecification\",\"valueRequired\":true,\"valueName\":\"search_term_string\"}}],\"inLanguage\":\"fr-FR\"},{\"@type\":\"Organization\",\"@id\":\"https:\/\/espiritodacomporta.com\/fr\/#organization\",\"name\":\"Espirito da Comporta\",\"url\":\"https:\/\/espiritodacomporta.com\/fr\/\",\"logo\":{\"@type\":\"ImageObject\",\"inLanguage\":\"fr-FR\",\"@id\":\"https:\/\/espiritodacomporta.com\/fr\/#\/schema\/logo\/image\/\",\"url\":\"https:\/\/espiritodacomporta.com\/app\/uploads\/2023\/09\/LOGO-SIGNATURE@4x.png\",\"contentUrl\":\"https:\/\/espiritodacomporta.com\/app\/uploads\/2023\/09\/LOGO-SIGNATURE@4x.png\",\"width\":321,\"height\":385,\"caption\":\"Espirito da Comporta\"},\"image\":{\"@id\":\"https:\/\/espiritodacomporta.com\/fr\/#\/schema\/logo\/image\/\"},\"sameAs\":[\"https:\/\/www.instagram.com\/almadacomporta\/\"]}]}<\/script>\n<!-- \/ Yoast SEO Premium plugin. -->","yoast_head_json":{"title":"Cr\u00e9dits - Espirito da Comporta - Maisons Comporta Portugal","description":"Cr\u00e9dits - Espirito da Comporta - Maisons Comporta Portugal","robots":{"index":"index","follow":"follow","max-snippet":"max-snippet:-1","max-image-preview":"max-image-preview:large","max-video-preview":"max-video-preview:-1"},"canonical":"https:\/\/espiritodacomporta.com\/fr\/credits\/","og_locale":"fr_FR","og_type":"article","og_title":"Cr\u00e9dits","og_description":"Cr\u00e9dits - Espirito da Comporta - Maisons Comporta Portugal","og_url":"https:\/\/espiritodacomporta.com\/fr\/credits\/","og_site_name":"Live &amp; Feel Comporta Portugal","article_modified_time":"2024-03-01T11:07:37+00:00","og_image":[{"width":1440,"height":661,"url":"https:\/\/espiritodacomporta.com\/app\/uploads\/2023\/10\/page-contact.png","type":"image\/png"}],"twitter_card":"summary_large_image","twitter_misc":{"Dur\u00e9e de lecture estim\u00e9e":"1 minute"},"schema":{"@context":"https:\/\/schema.org","@graph":[{"@type":"WebPage","@id":"https:\/\/espiritodacomporta.com\/fr\/credits\/","url":"https:\/\/espiritodacomporta.com\/fr\/credits\/","name":"Cr\u00e9dits - Espirito da Comporta - Maisons Comporta Portugal","isPartOf":{"@id":"https:\/\/espiritodacomporta.com\/fr\/#website"},"primaryImageOfPage":{"@id":"https:\/\/espiritodacomporta.com\/fr\/credits\/#primaryimage"},"image":{"@id":"https:\/\/espiritodacomporta.com\/fr\/credits\/#primaryimage"},"thumbnailUrl":"https:\/\/espiritodacomporta.com\/app\/uploads\/2023\/10\/page-contact.png","datePublished":"2019-02-06T16:26:06+00:00","dateModified":"2024-03-01T11:07:37+00:00","description":"Cr\u00e9dits - Espirito da Comporta - Maisons Comporta Portugal","breadcrumb":{"@id":"https:\/\/espiritodacomporta.com\/fr\/credits\/#breadcrumb"},"inLanguage":"fr-FR","potentialAction":[{"@type":"ReadAction","target":["https:\/\/espiritodacomporta.com\/fr\/credits\/"]}]},{"@type":"ImageObject","inLanguage":"fr-FR","@id":"https:\/\/espiritodacomporta.com\/fr\/credits\/#primaryimage","url":"https:\/\/espiritodacomporta.com\/app\/uploads\/2023\/10\/page-contact.png","contentUrl":"https:\/\/espiritodacomporta.com\/app\/uploads\/2023\/10\/page-contact.png","width":1440,"height":661},{"@type":"BreadcrumbList","@id":"https:\/\/espiritodacomporta.com\/fr\/credits\/#breadcrumb","itemListElement":[{"@type":"ListItem","position":1,"name":"Home","item":"https:\/\/espiritodacomporta.com\/fr\/"},{"@type":"ListItem","position":2,"name":"Cr\u00e9dits"}]},{"@type":"WebSite","@id":"https:\/\/espiritodacomporta.com\/fr\/#website","url":"https:\/\/espiritodacomporta.com\/fr\/","name":"Live & Feel Comporta Portugal","description":"","publisher":{"@id":"https:\/\/espiritodacomporta.com\/fr\/#organization"},"potentialAction":[{"@type":"SearchAction","target":{"@type":"EntryPoint","urlTemplate":"https:\/\/espiritodacomporta.com\/fr\/?s={search_term_string}"},"query-input":{"@type":"PropertyValueSpecification","valueRequired":true,"valueName":"search_term_string"}}],"inLanguage":"fr-FR"},{"@type":"Organization","@id":"https:\/\/espiritodacomporta.com\/fr\/#organization","name":"Espirito da Comporta","url":"https:\/\/espiritodacomporta.com\/fr\/","logo":{"@type":"ImageObject","inLanguage":"fr-FR","@id":"https:\/\/espiritodacomporta.com\/fr\/#\/schema\/logo\/image\/","url":"https:\/\/espiritodacomporta.com\/app\/uploads\/2023\/09\/LOGO-SIGNATURE@4x.png","contentUrl":"https:\/\/espiritodacomporta.com\/app\/uploads\/2023\/09\/LOGO-SIGNATURE@4x.png","width":321,"height":385,"caption":"Espirito da Comporta"},"image":{"@id":"https:\/\/espiritodacomporta.com\/fr\/#\/schema\/logo\/image\/"},"sameAs":["https:\/\/www.instagram.com\/almadacomporta\/"]}]}},"_links":{"self":[{"href":"https:\/\/espiritodacomporta.com\/fr\/wp-json\/wp\/v2\/pages\/295","targetHints":{"allow":["GET"]}}],"collection":[{"href":"https:\/\/espiritodacomporta.com\/fr\/wp-json\/wp\/v2\/pages"}],"about":[{"href":"https:\/\/espiritodacomporta.com\/fr\/wp-json\/wp\/v2\/types\/page"}],"author":[{"embeddable":true,"href":"https:\/\/espiritodacomporta.com\/fr\/wp-json\/wp\/v2\/users\/1"}],"replies":[{"embeddable":true,"href":"https:\/\/espiritodacomporta.com\/fr\/wp-json\/wp\/v2\/comments?post=295"}],"version-history":[{"count":0,"href":"https:\/\/espiritodacomporta.com\/fr\/wp-json\/wp\/v2\/pages\/295\/revisions"}],"wp:featuredmedia":[{"embeddable":true,"href":"https:\/\/espiritodacomporta.com\/fr\/wp-json\/wp\/v2\/media\/54635"}],"wp:attachment":[{"href":"https:\/\/espiritodacomporta.com\/fr\/wp-json\/wp\/v2\/media?parent=295"}],"curies":[{"name":"wp","href":"https:\/\/api.w.org\/{rel}","templated":true}]}}