{"id":297,"date":"2019-02-06T16:26:37","date_gmt":"2019-02-06T16:26:37","guid":{"rendered":"https:\/\/espiritodacomporta.com\/?page_id=297"},"modified":"2024-12-19T16:38:11","modified_gmt":"2024-12-19T14:38:11","slug":"mentions-legales","status":"publish","type":"page","link":"https:\/\/espiritodacomporta.com\/fr\/mentions-legales\/","title":{"rendered":"<span>Mentions<\/span> l\u00e9gales"},"content":{"rendered":"\n<div class=\"wp-block-columns is-layout-flex wp-container-core-columns-is-layout-9d6595d7 wp-block-columns-is-layout-flex\">\n<div class=\"wp-block-column is-layout-flow wp-block-column-is-layout-flow\">\n<h2 class=\"wp-block-heading has-text-align-center\" id=\"h-ag-property-espirito-da-comporta\">AG Property \/ Espirito da Comporta<\/h2>\n\n\n\n<p class=\"has-text-align-center\">64 Boulevard Beaumarchais75011 Paris<br>FRANCE<\/p>\n\n\n\n<p class=\"has-text-align-center\"> <br>Avenida \u00c1lvares Cabral 27 &#8211; 5<br>1250-015 Lisboa<br>PORTUGAL<\/p>\n\n\n\n<h2 class=\"wp-block-heading has-text-align-center\" id=\"h-l-editeur-du-site-est\">L&rsquo;\u00e9diteur du site est :<\/h2>\n\n\n\n<p class=\"has-text-align-center\">Charline NOBLET <br>Avenida \u00c1lvares Cabral 27 &#8211; 5<br>1250-015 Lisboa<br>PORTUGAL<br><a href=\"mailto:info@espiritodacomporta.com\" target=\"_blank\" rel=\"noreferrer noopener\">info@espiritodacomporta.com<\/a><\/p>\n\n\n\n<p class=\"has-text-align-center\">2 rue Kellermann \u2013 59100 Roubaix<br>T\u00e9l : 0899 701 761 (1.349 \u20ac TTC l\u2019appel, et 0.337 \u20ac TTC\/mn)<\/p>\n\n\n\n<h2 class=\"wp-block-heading has-text-align-center\" id=\"h-l-hebergement-est-assure-par-ovh\">L&rsquo;h\u00e9bergement est assur\u00e9 par OVH<\/h2>\n\n\n\n<p class=\"has-text-align-center\">2 rue Kellermann \u2013 59100 Roubaix France&nbsp;<br>Tel: 0899 701 761 (1.349 \u20ac TTC the call, and 0.337 \u20ac TTC \/ mn)<\/p>\n\n\n\n<h2 class=\"wp-block-heading has-text-align-center\" id=\"h-design-nbsp\">Design:&nbsp;<\/h2>\n\n\n\n<p class=\"has-text-align-center\"><a rel=\"noreferrer noopener\" href=\"https:\/\/ooii.eu\/\" target=\"_blank\">OOII<\/a><strong>&nbsp;<\/strong><\/p>\n\n\n\n<h2 class=\"wp-block-heading has-text-align-center\" id=\"h-developpement-nbsp\">D\u00e9veloppement:&nbsp;<\/h2>\n\n\n\n<p class=\"has-text-align-center\"><a rel=\"noreferrer noopener\" href=\"https:\/\/www.negative-network.com\/en\/\" target=\"_blank\">Negative Network<\/a><\/p>\n\n\n\n<h2 class=\"wp-block-heading has-text-align-center\" id=\"h-captcha\">Captcha<\/h2>\n\n\n\n<p class=\"has-text-align-center\">Ce site est prot\u00e9g\u00e9 par reCAPTCHA et les <a href=\"https:\/\/policies.google.com\/privacy\"> r\u00e8gles de confidentialit\u00e9 <\/a> de Google et <a href=\"https:\/\/policies.google.com\/terms \"> Les conditions d&rsquo;utilisation <\/a> s&rsquo;appliquent.<\/p>\n<\/div>\n<\/div>\n","protected":false},"excerpt":{"rendered":"<p>AG Property \/ Espirito da Comporta 64 Boulevard Beaumarchais75011 ParisFRANCE Avenida \u00c1lvares Cabral 27 &#8211; 51250-015 LisboaPORTUGAL L&rsquo;\u00e9diteur du site est : Charline NOBLET Avenida \u00c1lvares Cabral 27 &#8211; 51250-015 LisboaPORTUGALinfo@espiritodacomporta.com 2 rue Kellermann \u2013 59100 RoubaixT\u00e9l : 0899 701 761 (1.349 \u20ac TTC l\u2019appel, et 0.337 \u20ac TTC\/mn) L&rsquo;h\u00e9bergement est assur\u00e9 par OVH 2 <\/p>\n<div class=\"goto\"><a href=\"https:\/\/espiritodacomporta.com\/fr\/mentions-legales\/\">Lire la suite<\/a><\/div>\n","protected":false},"author":1,"featured_media":54635,"parent":0,"menu_order":0,"comment_status":"closed","ping_status":"closed","template":"","meta":{"_acf_changed":false,"inline_featured_image":false,"footnotes":""},"class_list":["post-297","page","type-page","status-publish","has-post-thumbnail","hentry"],"acf":[],"yoast_head":"<!-- This site is optimized with the Yoast SEO Premium plugin v27.2 (Yoast SEO v27.2) - https:\/\/yoast.com\/product\/yoast-seo-premium-wordpress\/ -->\n<title>Espirito da Comporta - Maisons Comporta Portugal - Mentions l\u00e9gales<\/title>\n<meta name=\"description\" content=\"Comporta Portugal - Location Maisons Comporta - Mentions l\u00e9gales Espirito da Comporta Website\" \/>\n<meta name=\"robots\" content=\"index, follow, max-snippet:-1, max-image-preview:large, max-video-preview:-1\" \/>\n<link rel=\"canonical\" href=\"https:\/\/espiritodacomporta.com\/fr\/mentions-legales\/\" \/>\n<meta property=\"og:locale\" content=\"fr_FR\" \/>\n<meta property=\"og:type\" content=\"article\" \/>\n<meta property=\"og:title\" content=\"Mentions l\u00e9gales\" \/>\n<meta property=\"og:description\" content=\"Comporta Portugal - Location Maisons Comporta - Mentions l\u00e9gales Espirito da Comporta Website\" \/>\n<meta property=\"og:url\" content=\"https:\/\/espiritodacomporta.com\/fr\/mentions-legales\/\" \/>\n<meta property=\"og:site_name\" content=\"Live &amp; Feel Comporta Portugal\" \/>\n<meta property=\"article:modified_time\" content=\"2024-12-19T14:38:11+00:00\" \/>\n<meta property=\"og:image\" content=\"https:\/\/espiritodacomporta.com\/app\/uploads\/2023\/10\/page-contact.png\" \/>\n\t<meta property=\"og:image:width\" content=\"1440\" \/>\n\t<meta property=\"og:image:height\" content=\"661\" \/>\n\t<meta property=\"og:image:type\" content=\"image\/png\" \/>\n<meta name=\"twitter:card\" content=\"summary_large_image\" \/>\n<meta name=\"twitter:label1\" content=\"Dur\u00e9e de lecture estim\u00e9e\" \/>\n\t<meta name=\"twitter:data1\" content=\"1 minute\" \/>\n<script type=\"application\/ld+json\" class=\"yoast-schema-graph\">{\"@context\":\"https:\/\/schema.org\",\"@graph\":[{\"@type\":\"WebPage\",\"@id\":\"https:\/\/espiritodacomporta.com\/fr\/mentions-legales\/\",\"url\":\"https:\/\/espiritodacomporta.com\/fr\/mentions-legales\/\",\"name\":\"Espirito da Comporta - Maisons Comporta Portugal - Mentions l\u00e9gales\",\"isPartOf\":{\"@id\":\"https:\/\/espiritodacomporta.com\/fr\/#website\"},\"primaryImageOfPage\":{\"@id\":\"https:\/\/espiritodacomporta.com\/fr\/mentions-legales\/#primaryimage\"},\"image\":{\"@id\":\"https:\/\/espiritodacomporta.com\/fr\/mentions-legales\/#primaryimage\"},\"thumbnailUrl\":\"https:\/\/espiritodacomporta.com\/app\/uploads\/2023\/10\/page-contact.png\",\"datePublished\":\"2019-02-06T16:26:37+00:00\",\"dateModified\":\"2024-12-19T14:38:11+00:00\",\"description\":\"Comporta Portugal - Location Maisons Comporta - Mentions l\u00e9gales Espirito da Comporta Website\",\"breadcrumb\":{\"@id\":\"https:\/\/espiritodacomporta.com\/fr\/mentions-legales\/#breadcrumb\"},\"inLanguage\":\"fr-FR\",\"potentialAction\":[{\"@type\":\"ReadAction\",\"target\":[\"https:\/\/espiritodacomporta.com\/fr\/mentions-legales\/\"]}]},{\"@type\":\"ImageObject\",\"inLanguage\":\"fr-FR\",\"@id\":\"https:\/\/espiritodacomporta.com\/fr\/mentions-legales\/#primaryimage\",\"url\":\"https:\/\/espiritodacomporta.com\/app\/uploads\/2023\/10\/page-contact.png\",\"contentUrl\":\"https:\/\/espiritodacomporta.com\/app\/uploads\/2023\/10\/page-contact.png\",\"width\":1440,\"height\":661},{\"@type\":\"BreadcrumbList\",\"@id\":\"https:\/\/espiritodacomporta.com\/fr\/mentions-legales\/#breadcrumb\",\"itemListElement\":[{\"@type\":\"ListItem\",\"position\":1,\"name\":\"Home\",\"item\":\"https:\/\/espiritodacomporta.com\/fr\/\"},{\"@type\":\"ListItem\",\"position\":2,\"name\":\"Mentions l\u00e9gales\"}]},{\"@type\":\"WebSite\",\"@id\":\"https:\/\/espiritodacomporta.com\/fr\/#website\",\"url\":\"https:\/\/espiritodacomporta.com\/fr\/\",\"name\":\"Live & Feel Comporta Portugal\",\"description\":\"\",\"publisher\":{\"@id\":\"https:\/\/espiritodacomporta.com\/fr\/#organization\"},\"potentialAction\":[{\"@type\":\"SearchAction\",\"target\":{\"@type\":\"EntryPoint\",\"urlTemplate\":\"https:\/\/espiritodacomporta.com\/fr\/?s={search_term_string}\"},\"query-input\":{\"@type\":\"PropertyValueSpecification\",\"valueRequired\":true,\"valueName\":\"search_term_string\"}}],\"inLanguage\":\"fr-FR\"},{\"@type\":\"Organization\",\"@id\":\"https:\/\/espiritodacomporta.com\/fr\/#organization\",\"name\":\"Espirito da Comporta\",\"url\":\"https:\/\/espiritodacomporta.com\/fr\/\",\"logo\":{\"@type\":\"ImageObject\",\"inLanguage\":\"fr-FR\",\"@id\":\"https:\/\/espiritodacomporta.com\/fr\/#\/schema\/logo\/image\/\",\"url\":\"https:\/\/espiritodacomporta.com\/app\/uploads\/2023\/09\/LOGO-SIGNATURE@4x.png\",\"contentUrl\":\"https:\/\/espiritodacomporta.com\/app\/uploads\/2023\/09\/LOGO-SIGNATURE@4x.png\",\"width\":321,\"height\":385,\"caption\":\"Espirito da Comporta\"},\"image\":{\"@id\":\"https:\/\/espiritodacomporta.com\/fr\/#\/schema\/logo\/image\/\"},\"sameAs\":[\"https:\/\/www.instagram.com\/almadacomporta\/\"]}]}<\/script>\n<!-- \/ Yoast SEO Premium plugin. -->","yoast_head_json":{"title":"Espirito da Comporta - Maisons Comporta Portugal - Mentions l\u00e9gales","description":"Comporta Portugal - Location Maisons Comporta - Mentions l\u00e9gales Espirito da Comporta Website","robots":{"index":"index","follow":"follow","max-snippet":"max-snippet:-1","max-image-preview":"max-image-preview:large","max-video-preview":"max-video-preview:-1"},"canonical":"https:\/\/espiritodacomporta.com\/fr\/mentions-legales\/","og_locale":"fr_FR","og_type":"article","og_title":"Mentions l\u00e9gales","og_description":"Comporta Portugal - Location Maisons Comporta - Mentions l\u00e9gales Espirito da Comporta Website","og_url":"https:\/\/espiritodacomporta.com\/fr\/mentions-legales\/","og_site_name":"Live &amp; Feel Comporta Portugal","article_modified_time":"2024-12-19T14:38:11+00:00","og_image":[{"width":1440,"height":661,"url":"https:\/\/espiritodacomporta.com\/app\/uploads\/2023\/10\/page-contact.png","type":"image\/png"}],"twitter_card":"summary_large_image","twitter_misc":{"Dur\u00e9e de lecture estim\u00e9e":"1 minute"},"schema":{"@context":"https:\/\/schema.org","@graph":[{"@type":"WebPage","@id":"https:\/\/espiritodacomporta.com\/fr\/mentions-legales\/","url":"https:\/\/espiritodacomporta.com\/fr\/mentions-legales\/","name":"Espirito da Comporta - Maisons Comporta Portugal - Mentions l\u00e9gales","isPartOf":{"@id":"https:\/\/espiritodacomporta.com\/fr\/#website"},"primaryImageOfPage":{"@id":"https:\/\/espiritodacomporta.com\/fr\/mentions-legales\/#primaryimage"},"image":{"@id":"https:\/\/espiritodacomporta.com\/fr\/mentions-legales\/#primaryimage"},"thumbnailUrl":"https:\/\/espiritodacomporta.com\/app\/uploads\/2023\/10\/page-contact.png","datePublished":"2019-02-06T16:26:37+00:00","dateModified":"2024-12-19T14:38:11+00:00","description":"Comporta Portugal - Location Maisons Comporta - Mentions l\u00e9gales Espirito da Comporta Website","breadcrumb":{"@id":"https:\/\/espiritodacomporta.com\/fr\/mentions-legales\/#breadcrumb"},"inLanguage":"fr-FR","potentialAction":[{"@type":"ReadAction","target":["https:\/\/espiritodacomporta.com\/fr\/mentions-legales\/"]}]},{"@type":"ImageObject","inLanguage":"fr-FR","@id":"https:\/\/espiritodacomporta.com\/fr\/mentions-legales\/#primaryimage","url":"https:\/\/espiritodacomporta.com\/app\/uploads\/2023\/10\/page-contact.png","contentUrl":"https:\/\/espiritodacomporta.com\/app\/uploads\/2023\/10\/page-contact.png","width":1440,"height":661},{"@type":"BreadcrumbList","@id":"https:\/\/espiritodacomporta.com\/fr\/mentions-legales\/#breadcrumb","itemListElement":[{"@type":"ListItem","position":1,"name":"Home","item":"https:\/\/espiritodacomporta.com\/fr\/"},{"@type":"ListItem","position":2,"name":"Mentions l\u00e9gales"}]},{"@type":"WebSite","@id":"https:\/\/espiritodacomporta.com\/fr\/#website","url":"https:\/\/espiritodacomporta.com\/fr\/","name":"Live & Feel Comporta Portugal","description":"","publisher":{"@id":"https:\/\/espiritodacomporta.com\/fr\/#organization"},"potentialAction":[{"@type":"SearchAction","target":{"@type":"EntryPoint","urlTemplate":"https:\/\/espiritodacomporta.com\/fr\/?s={search_term_string}"},"query-input":{"@type":"PropertyValueSpecification","valueRequired":true,"valueName":"search_term_string"}}],"inLanguage":"fr-FR"},{"@type":"Organization","@id":"https:\/\/espiritodacomporta.com\/fr\/#organization","name":"Espirito da Comporta","url":"https:\/\/espiritodacomporta.com\/fr\/","logo":{"@type":"ImageObject","inLanguage":"fr-FR","@id":"https:\/\/espiritodacomporta.com\/fr\/#\/schema\/logo\/image\/","url":"https:\/\/espiritodacomporta.com\/app\/uploads\/2023\/09\/LOGO-SIGNATURE@4x.png","contentUrl":"https:\/\/espiritodacomporta.com\/app\/uploads\/2023\/09\/LOGO-SIGNATURE@4x.png","width":321,"height":385,"caption":"Espirito da Comporta"},"image":{"@id":"https:\/\/espiritodacomporta.com\/fr\/#\/schema\/logo\/image\/"},"sameAs":["https:\/\/www.instagram.com\/almadacomporta\/"]}]}},"_links":{"self":[{"href":"https:\/\/espiritodacomporta.com\/fr\/wp-json\/wp\/v2\/pages\/297","targetHints":{"allow":["GET"]}}],"collection":[{"href":"https:\/\/espiritodacomporta.com\/fr\/wp-json\/wp\/v2\/pages"}],"about":[{"href":"https:\/\/espiritodacomporta.com\/fr\/wp-json\/wp\/v2\/types\/page"}],"author":[{"embeddable":true,"href":"https:\/\/espiritodacomporta.com\/fr\/wp-json\/wp\/v2\/users\/1"}],"replies":[{"embeddable":true,"href":"https:\/\/espiritodacomporta.com\/fr\/wp-json\/wp\/v2\/comments?post=297"}],"version-history":[{"count":0,"href":"https:\/\/espiritodacomporta.com\/fr\/wp-json\/wp\/v2\/pages\/297\/revisions"}],"wp:featuredmedia":[{"embeddable":true,"href":"https:\/\/espiritodacomporta.com\/fr\/wp-json\/wp\/v2\/media\/54635"}],"wp:attachment":[{"href":"https:\/\/espiritodacomporta.com\/fr\/wp-json\/wp\/v2\/media?parent=297"}],"curies":[{"name":"wp","href":"https:\/\/api.w.org\/{rel}","templated":true}]}}