{"id":68782,"date":"2024-07-31T09:46:19","date_gmt":"2024-07-31T07:46:19","guid":{"rendered":"https:\/\/espiritodacomporta.com\/legal\/"},"modified":"2024-12-19T16:41:06","modified_gmt":"2024-12-19T14:41:06","slug":"legal","status":"publish","type":"page","link":"https:\/\/espiritodacomporta.com\/pt-pt\/legal\/","title":{"rendered":"Legal"},"content":{"rendered":"\n<div class=\"wp-block-columns is-layout-flex wp-container-core-columns-is-layout-9d6595d7 wp-block-columns-is-layout-flex\">\n<div class=\"wp-block-column is-layout-flow wp-block-column-is-layout-flow\">\n<h3 class=\"wp-block-heading has-text-align-center\" id=\"h-ag-property-espirito-da-comporta\">AG Property \/ Espirito da Comporta<\/h3>\n\n\n\n<p class=\"has-text-align-center\">64 Boulevard Beaumarchais<br>75011 Paris<br>FRAN\u00c7A<\/p>\n\n\n\n<p class=\"has-text-align-center\"> <br>Avenida \u00c1lvares Cabral 27 &#8211; 5<br>1250-015 Lisboa<br>PORTUGAL<\/p>\n\n\n\n<h3 class=\"wp-block-heading has-text-align-center\" id=\"h-o-editor-do-site-e\">O editor do site \u00e9:  <\/h3>\n\n\n\n<p class=\"has-text-align-center\">Charline NOBLET <br> <br>Avenida \u00c1lvares Cabral 27 &#8211; 5<br>1250-015 Lisboa<br>PORTUGAL<br><a href=\"mailto:info@espiritodacomporta.com\" target=\"_blank\" rel=\"noreferrer noopener\">info@espiritodacomporta.com<\/a><\/p>\n\n\n\n<h3 class=\"wp-block-heading has-text-align-center\" id=\"h-a-hospedagem-e-fornecida-pela-ovh\">A hospedagem \u00e9 fornecida pela OVH  <\/h3>\n\n\n\n<p class=\"has-text-align-center\">2 rue Kellermann &#8211; 59100 Roubaix, Fran\u00e7a  <br>Tel: 0899 701 761 (1,349 \u20ac TTC a chamada, e 0,337 \u20ac TTC \/ min)  <\/p>\n\n\n\n<h3 class=\"wp-block-heading has-text-align-center\" id=\"h-design\">Design:  <\/h3>\n\n\n\n<p class=\"has-text-align-center\"><a href=\"https:\/\/alicemorpurgo.com\/\">Alice Morpurgo<\/a><\/p>\n\n\n\n<p class=\"has-text-align-center\"><a href=\"https:\/\/ooii.eu\/\" target=\"_blank\" rel=\"noreferrer noopener\">OOII<\/a><strong> <\/strong><\/p>\n\n\n\n<h3 class=\"wp-block-heading has-text-align-center\" id=\"h-desenvolvimento\">Desenvolvimento:  <\/h3>\n\n\n\n<p class=\"has-text-align-center\"><a rel=\"noreferrer noopener\" href=\"https:\/\/www.negative-network.com\/en\/\" target=\"_blank\">Negative Network<\/a><\/p>\n\n\n\n<h3 class=\"wp-block-heading has-text-align-center\" id=\"h-captcha\">Captcha<\/h3>\n\n\n\n<p class=\"has-text-align-center\">Este site \u00e9 protegido pelo reCAPTCHA e a <a href=\"https:\/\/policies.google.com\/privacy\">Pol\u00edtica de Privacidade<\/a> e os <a href=\"https:\/\/policies.google.com\/terms\">Termos de Servi\u00e7o<\/a> do Google se aplicam.<\/p>\n<\/div>\n<\/div>\n","protected":false},"excerpt":{"rendered":"<p>AG Property \/ Espirito da Comporta 64 Boulevard Beaumarchais75011 ParisFRAN\u00c7A Avenida \u00c1lvares Cabral 27 &#8211; 51250-015 LisboaPORTUGAL O editor do site \u00e9: Charline NOBLET Avenida \u00c1lvares Cabral 27 &#8211; 51250-015 LisboaPORTUGALinfo@espiritodacomporta.com A hospedagem \u00e9 fornecida pela OVH 2 rue Kellermann &#8211; 59100 Roubaix, Fran\u00e7a Tel: 0899 701 761 (1,349 \u20ac TTC a chamada, e 0,337 <\/p>\n<div class=\"goto\"><a href=\"https:\/\/espiritodacomporta.com\/pt-pt\/legal\/\">Ler mais<\/a><\/div>\n","protected":false},"author":1,"featured_media":68766,"parent":0,"menu_order":0,"comment_status":"closed","ping_status":"closed","template":"","meta":{"_acf_changed":false,"inline_featured_image":false,"footnotes":""},"class_list":["post-68782","page","type-page","status-publish","has-post-thumbnail","hentry"],"acf":[],"yoast_head":"<!-- This site is optimized with the Yoast SEO Premium plugin v27.2 (Yoast SEO v27.2) - https:\/\/yoast.com\/product\/yoast-seo-premium-wordpress\/ -->\n<title>Espirito da Comporta - Casas Comporta Portugal - Legal<\/title>\n<meta name=\"description\" content=\"Comporta Portugal - Aluguer de Casas Comporta - Informa\u00e7\u00e3o Legal Website Espirito da Comporta\" \/>\n<meta name=\"robots\" content=\"index, follow, max-snippet:-1, max-image-preview:large, max-video-preview:-1\" \/>\n<link rel=\"canonical\" href=\"https:\/\/espiritodacomporta.com\/pt-pt\/legal\/\" \/>\n<meta property=\"og:locale\" content=\"pt_PT\" \/>\n<meta property=\"og:type\" content=\"article\" \/>\n<meta property=\"og:title\" content=\"Legal\" \/>\n<meta property=\"og:description\" content=\"Comporta Portugal - Aluguer de Casas Comporta - Informa\u00e7\u00e3o Legal Website Espirito da Comporta\" \/>\n<meta property=\"og:url\" content=\"https:\/\/espiritodacomporta.com\/pt-pt\/legal\/\" \/>\n<meta property=\"og:site_name\" content=\"Live &amp; Feel Comporta Portugal\" \/>\n<meta property=\"article:modified_time\" content=\"2024-12-19T14:41:06+00:00\" \/>\n<meta property=\"og:image\" content=\"https:\/\/espiritodacomporta.com\/app\/uploads\/2023\/10\/page-contact.png\" \/>\n\t<meta property=\"og:image:width\" content=\"1440\" \/>\n\t<meta property=\"og:image:height\" content=\"661\" \/>\n\t<meta property=\"og:image:type\" content=\"image\/png\" \/>\n<meta name=\"twitter:card\" content=\"summary_large_image\" \/>\n<meta name=\"twitter:label1\" content=\"Est. reading time\" \/>\n\t<meta name=\"twitter:data1\" content=\"1 minute\" \/>\n<script type=\"application\/ld+json\" class=\"yoast-schema-graph\">{\"@context\":\"https:\/\/schema.org\",\"@graph\":[{\"@type\":\"WebPage\",\"@id\":\"https:\/\/espiritodacomporta.com\/pt-pt\/legal\/\",\"url\":\"https:\/\/espiritodacomporta.com\/pt-pt\/legal\/\",\"name\":\"Espirito da Comporta - Casas Comporta Portugal - Legal\",\"isPartOf\":{\"@id\":\"https:\/\/espiritodacomporta.com\/pt-pt\/#website\"},\"primaryImageOfPage\":{\"@id\":\"https:\/\/espiritodacomporta.com\/pt-pt\/legal\/#primaryimage\"},\"image\":{\"@id\":\"https:\/\/espiritodacomporta.com\/pt-pt\/legal\/#primaryimage\"},\"thumbnailUrl\":\"https:\/\/espiritodacomporta.com\/app\/uploads\/2023\/10\/page-contact.png\",\"datePublished\":\"2024-07-31T07:46:19+00:00\",\"dateModified\":\"2024-12-19T14:41:06+00:00\",\"description\":\"Comporta Portugal - Aluguer de Casas Comporta - Informa\u00e7\u00e3o Legal Website Espirito da Comporta\",\"breadcrumb\":{\"@id\":\"https:\/\/espiritodacomporta.com\/pt-pt\/legal\/#breadcrumb\"},\"inLanguage\":\"pt-PT\",\"potentialAction\":[{\"@type\":\"ReadAction\",\"target\":[\"https:\/\/espiritodacomporta.com\/pt-pt\/legal\/\"]}]},{\"@type\":\"ImageObject\",\"inLanguage\":\"pt-PT\",\"@id\":\"https:\/\/espiritodacomporta.com\/pt-pt\/legal\/#primaryimage\",\"url\":\"https:\/\/espiritodacomporta.com\/app\/uploads\/2023\/10\/page-contact.png\",\"contentUrl\":\"https:\/\/espiritodacomporta.com\/app\/uploads\/2023\/10\/page-contact.png\",\"width\":1440,\"height\":661},{\"@type\":\"BreadcrumbList\",\"@id\":\"https:\/\/espiritodacomporta.com\/pt-pt\/legal\/#breadcrumb\",\"itemListElement\":[{\"@type\":\"ListItem\",\"position\":1,\"name\":\"Home\",\"item\":\"https:\/\/espiritodacomporta.com\/pt-pt\/\"},{\"@type\":\"ListItem\",\"position\":2,\"name\":\"Legal\"}]},{\"@type\":\"WebSite\",\"@id\":\"https:\/\/espiritodacomporta.com\/pt-pt\/#website\",\"url\":\"https:\/\/espiritodacomporta.com\/pt-pt\/\",\"name\":\"Live & Feel Comporta Portugal\",\"description\":\"\",\"publisher\":{\"@id\":\"https:\/\/espiritodacomporta.com\/pt-pt\/#organization\"},\"potentialAction\":[{\"@type\":\"SearchAction\",\"target\":{\"@type\":\"EntryPoint\",\"urlTemplate\":\"https:\/\/espiritodacomporta.com\/pt-pt\/?s={search_term_string}\"},\"query-input\":{\"@type\":\"PropertyValueSpecification\",\"valueRequired\":true,\"valueName\":\"search_term_string\"}}],\"inLanguage\":\"pt-PT\"},{\"@type\":\"Organization\",\"@id\":\"https:\/\/espiritodacomporta.com\/pt-pt\/#organization\",\"name\":\"Espirito da Comporta\",\"url\":\"https:\/\/espiritodacomporta.com\/pt-pt\/\",\"logo\":{\"@type\":\"ImageObject\",\"inLanguage\":\"pt-PT\",\"@id\":\"https:\/\/espiritodacomporta.com\/pt-pt\/#\/schema\/logo\/image\/\",\"url\":\"https:\/\/espiritodacomporta.com\/app\/uploads\/2023\/09\/LOGO-SIGNATURE@4x.png\",\"contentUrl\":\"https:\/\/espiritodacomporta.com\/app\/uploads\/2023\/09\/LOGO-SIGNATURE@4x.png\",\"width\":321,\"height\":385,\"caption\":\"Espirito da Comporta\"},\"image\":{\"@id\":\"https:\/\/espiritodacomporta.com\/pt-pt\/#\/schema\/logo\/image\/\"},\"sameAs\":[\"https:\/\/www.instagram.com\/almadacomporta\/\"]}]}<\/script>\n<!-- \/ Yoast SEO Premium plugin. -->","yoast_head_json":{"title":"Espirito da Comporta - Casas Comporta Portugal - Legal","description":"Comporta Portugal - Aluguer de Casas Comporta - Informa\u00e7\u00e3o Legal Website Espirito da Comporta","robots":{"index":"index","follow":"follow","max-snippet":"max-snippet:-1","max-image-preview":"max-image-preview:large","max-video-preview":"max-video-preview:-1"},"canonical":"https:\/\/espiritodacomporta.com\/pt-pt\/legal\/","og_locale":"pt_PT","og_type":"article","og_title":"Legal","og_description":"Comporta Portugal - Aluguer de Casas Comporta - Informa\u00e7\u00e3o Legal Website Espirito da Comporta","og_url":"https:\/\/espiritodacomporta.com\/pt-pt\/legal\/","og_site_name":"Live &amp; Feel Comporta Portugal","article_modified_time":"2024-12-19T14:41:06+00:00","og_image":[{"width":1440,"height":661,"url":"https:\/\/espiritodacomporta.com\/app\/uploads\/2023\/10\/page-contact.png","type":"image\/png"}],"twitter_card":"summary_large_image","twitter_misc":{"Est. reading time":"1 minute"},"schema":{"@context":"https:\/\/schema.org","@graph":[{"@type":"WebPage","@id":"https:\/\/espiritodacomporta.com\/pt-pt\/legal\/","url":"https:\/\/espiritodacomporta.com\/pt-pt\/legal\/","name":"Espirito da Comporta - Casas Comporta Portugal - Legal","isPartOf":{"@id":"https:\/\/espiritodacomporta.com\/pt-pt\/#website"},"primaryImageOfPage":{"@id":"https:\/\/espiritodacomporta.com\/pt-pt\/legal\/#primaryimage"},"image":{"@id":"https:\/\/espiritodacomporta.com\/pt-pt\/legal\/#primaryimage"},"thumbnailUrl":"https:\/\/espiritodacomporta.com\/app\/uploads\/2023\/10\/page-contact.png","datePublished":"2024-07-31T07:46:19+00:00","dateModified":"2024-12-19T14:41:06+00:00","description":"Comporta Portugal - Aluguer de Casas Comporta - Informa\u00e7\u00e3o Legal Website Espirito da Comporta","breadcrumb":{"@id":"https:\/\/espiritodacomporta.com\/pt-pt\/legal\/#breadcrumb"},"inLanguage":"pt-PT","potentialAction":[{"@type":"ReadAction","target":["https:\/\/espiritodacomporta.com\/pt-pt\/legal\/"]}]},{"@type":"ImageObject","inLanguage":"pt-PT","@id":"https:\/\/espiritodacomporta.com\/pt-pt\/legal\/#primaryimage","url":"https:\/\/espiritodacomporta.com\/app\/uploads\/2023\/10\/page-contact.png","contentUrl":"https:\/\/espiritodacomporta.com\/app\/uploads\/2023\/10\/page-contact.png","width":1440,"height":661},{"@type":"BreadcrumbList","@id":"https:\/\/espiritodacomporta.com\/pt-pt\/legal\/#breadcrumb","itemListElement":[{"@type":"ListItem","position":1,"name":"Home","item":"https:\/\/espiritodacomporta.com\/pt-pt\/"},{"@type":"ListItem","position":2,"name":"Legal"}]},{"@type":"WebSite","@id":"https:\/\/espiritodacomporta.com\/pt-pt\/#website","url":"https:\/\/espiritodacomporta.com\/pt-pt\/","name":"Live & Feel Comporta Portugal","description":"","publisher":{"@id":"https:\/\/espiritodacomporta.com\/pt-pt\/#organization"},"potentialAction":[{"@type":"SearchAction","target":{"@type":"EntryPoint","urlTemplate":"https:\/\/espiritodacomporta.com\/pt-pt\/?s={search_term_string}"},"query-input":{"@type":"PropertyValueSpecification","valueRequired":true,"valueName":"search_term_string"}}],"inLanguage":"pt-PT"},{"@type":"Organization","@id":"https:\/\/espiritodacomporta.com\/pt-pt\/#organization","name":"Espirito da Comporta","url":"https:\/\/espiritodacomporta.com\/pt-pt\/","logo":{"@type":"ImageObject","inLanguage":"pt-PT","@id":"https:\/\/espiritodacomporta.com\/pt-pt\/#\/schema\/logo\/image\/","url":"https:\/\/espiritodacomporta.com\/app\/uploads\/2023\/09\/LOGO-SIGNATURE@4x.png","contentUrl":"https:\/\/espiritodacomporta.com\/app\/uploads\/2023\/09\/LOGO-SIGNATURE@4x.png","width":321,"height":385,"caption":"Espirito da Comporta"},"image":{"@id":"https:\/\/espiritodacomporta.com\/pt-pt\/#\/schema\/logo\/image\/"},"sameAs":["https:\/\/www.instagram.com\/almadacomporta\/"]}]}},"_links":{"self":[{"href":"https:\/\/espiritodacomporta.com\/pt-pt\/wp-json\/wp\/v2\/pages\/68782","targetHints":{"allow":["GET"]}}],"collection":[{"href":"https:\/\/espiritodacomporta.com\/pt-pt\/wp-json\/wp\/v2\/pages"}],"about":[{"href":"https:\/\/espiritodacomporta.com\/pt-pt\/wp-json\/wp\/v2\/types\/page"}],"author":[{"embeddable":true,"href":"https:\/\/espiritodacomporta.com\/pt-pt\/wp-json\/wp\/v2\/users\/1"}],"replies":[{"embeddable":true,"href":"https:\/\/espiritodacomporta.com\/pt-pt\/wp-json\/wp\/v2\/comments?post=68782"}],"version-history":[{"count":0,"href":"https:\/\/espiritodacomporta.com\/pt-pt\/wp-json\/wp\/v2\/pages\/68782\/revisions"}],"wp:featuredmedia":[{"embeddable":true,"href":"https:\/\/espiritodacomporta.com\/pt-pt\/wp-json\/wp\/v2\/media\/68766"}],"wp:attachment":[{"href":"https:\/\/espiritodacomporta.com\/pt-pt\/wp-json\/wp\/v2\/media?parent=68782"}],"curies":[{"name":"wp","href":"https:\/\/api.w.org\/{rel}","templated":true}]}}