{"id":71530,"date":"2024-07-31T09:48:22","date_gmt":"2024-07-31T07:48:22","guid":{"rendered":"https:\/\/espiritodacomporta.com\/politica-de-privacidade\/"},"modified":"2024-07-31T09:48:30","modified_gmt":"2024-07-31T07:48:30","slug":"politica-de-privacidade","status":"publish","type":"page","link":"https:\/\/espiritodacomporta.com\/pt-pt\/politica-de-privacidade\/","title":{"rendered":"Pol\u00edtica de Privacidade"},"content":{"rendered":"\n<h2 class=\"wp-block-heading\">Quem somos<\/h2>\n\n<p>O endere\u00e7o do nosso site \u00e9: http:\/\/example.com.<\/p>\n\n<h2 class=\"wp-block-heading\">Quais dados pessoais recolhemos e por que motivo os recolhemos<\/h2>\n\n<h3 class=\"wp-block-heading\">Coment\u00e1rios<\/h3>\n\n<p>Quando os visitantes deixam coment\u00e1rios no site, recolhemos os dados mostrados no formul\u00e1rio de coment\u00e1rios, bem como o endere\u00e7o IP do visitante e a string do agente do navegador para ajudar na dete\u00e7\u00e3o de spam.<\/p>\n\n<p>Uma string anonimizada criada a partir do seu endere\u00e7o de e-mail (tamb\u00e9m chamada de hash) pode ser fornecida ao servi\u00e7o Gravatar para verificar se est\u00e1 a utiliz\u00e1-lo. A pol\u00edtica de privacidade do servi\u00e7o Gravatar est\u00e1 dispon\u00edvel aqui: https:\/\/automattic.com\/privacy\/. Ap\u00f3s a aprova\u00e7\u00e3o do seu coment\u00e1rio, a sua foto de perfil fica vis\u00edvel ao p\u00fablico no contexto do seu coment\u00e1rio.<\/p>\n\n<h3 class=\"wp-block-heading\">M\u00eddia<\/h3>\n\n<p>Se carregar imagens para o site, deve evitar carregar imagens com dados de localiza\u00e7\u00e3o incorporados (EXIF GPS). Os visitantes do site podem descarregar e extrair quaisquer dados de localiza\u00e7\u00e3o das imagens no site.<\/p>\n\n<h3 class=\"wp-block-heading\">Formul\u00e1rios de contato<\/h3>\n\n<h3 class=\"wp-block-heading\">Cookies<\/h3>\n\n<p>Se deixar um coment\u00e1rio no nosso site, pode optar por guardar o seu nome, endere\u00e7o de e-mail e site em cookies. Estes cookies s\u00e3o para sua conveni\u00eancia, para que n\u00e3o tenha que preencher os seus dados novamente quando deixar outro coment\u00e1rio. Esses cookies durar\u00e3o um ano.<\/p>\n\n<p>Se tiver uma conta e fizer login neste site, definiremos um cookie tempor\u00e1rio para determinar se o seu navegador aceita cookies. Este cookie n\u00e3o cont\u00e9m dados pessoais e \u00e9 descartado quando fechar o navegador.<\/p>\n\n<p>Quando fizer login, tamb\u00e9m configuraremos v\u00e1rios cookies para guardar as suas informa\u00e7\u00f5es de login e as suas prefer\u00eancias de exibi\u00e7\u00e3o de ecr\u00e3. Os cookies de login duram dois dias e os cookies de op\u00e7\u00f5es de ecr\u00e3 duram um ano. Se selecionar &#8220;Lembrar-me&#8221;, o seu login persistir\u00e1 por duas semanas. Se sair da sua conta, os cookies de login ser\u00e3o removidos.<\/p>\n\n<p>Se editar ou publicar um artigo, um cookie adicional ser\u00e1 guardado no seu navegador. Este cookie n\u00e3o inclui dados pessoais e simplesmente indica o ID do post do artigo que acabou de editar. Ele expira ap\u00f3s 1 dia.<\/p>\n\n<h3 class=\"wp-block-heading\">Conte\u00fado incorporado de outros sites<\/h3>\n\n<p>Os artigos neste site podem incluir conte\u00fado incorporado (por exemplo, v\u00eddeos, imagens, artigos, etc.). O conte\u00fado incorporado de outros sites comporta-se exatamente da mesma forma como se o visitante tivesse visitado o outro site.<\/p>\n\n<p>Esses sites podem recolher dados sobre si, utilizar cookies, incorporar rastreamento adicional de terceiros e monitorizar a sua intera\u00e7\u00e3o com esse conte\u00fado incorporado, incluindo rastrear a sua intera\u00e7\u00e3o com o conte\u00fado incorporado se tiver uma conta e estiver logado nesse site.<\/p>\n\n<h3 class=\"wp-block-heading\">An\u00e1lise<\/h3>\n\n<h2 class=\"wp-block-heading\">Com quem partilhamos os seus dados<\/h2>\n\n<h2 class=\"wp-block-heading\">Por quanto tempo retemos os seus dados<\/h2>\n\n<p>Se deixar um coment\u00e1rio, o coment\u00e1rio e os seus metadados s\u00e3o retidos indefinidamente. Isso \u00e9 para que possamos reconhecer e aprovar automaticamente quaisquer coment\u00e1rios de acompanhamento em vez de mant\u00ea-los numa fila de modera\u00e7\u00e3o.<\/p>\n\n<p>Para os utilizadores que se registam no nosso site (se houver), tamb\u00e9m armazenamos as informa\u00e7\u00f5es pessoais que fornecem no seu perfil de utilizador. Todos os utilizadores podem ver, editar ou eliminar as suas informa\u00e7\u00f5es pessoais a qualquer momento (exceto que n\u00e3o podem mudar o seu nome de utilizador). Os administradores do site tamb\u00e9m podem ver e editar essas informa\u00e7\u00f5es.<\/p>\n\n<h2 class=\"wp-block-heading\">Quais os direitos que tem sobre os seus dados<\/h2>\n\n<p>Se tem uma conta neste site, ou deixou coment\u00e1rios, pode solicitar um ficheiro exportado dos dados pessoais que temos sobre si, incluindo quaisquer dados que nos tenha fornecido. Tamb\u00e9m pode solicitar que apaguemos quaisquer dados pessoais que tenhamos sobre si. Isso n\u00e3o inclui quaisquer dados que sejamos obrigados a manter para fins administrativos, legais ou de seguran\u00e7a.<\/p>\n\n<h2 class=\"wp-block-heading\">Para onde enviamos os seus dados<\/h2>\n\n<p>Os coment\u00e1rios dos visitantes podem ser verificados atrav\u00e9s de um servi\u00e7o automatizado de dete\u00e7\u00e3o de spam.<\/p>\n\n<h2 class=\"wp-block-heading\">As suas informa\u00e7\u00f5es de contato<\/h2>\n\n<h2 class=\"wp-block-heading\">Informa\u00e7\u00f5es adicionais<\/h2>\n\n<h3 class=\"wp-block-heading\">Como protegemos os seus dados<\/h3>\n\n<h3 class=\"wp-block-heading\">Quais procedimentos de viola\u00e7\u00e3o de dados temos implementados<\/h3>\n\n<h3 class=\"wp-block-heading\">De quais terceiros recebemos dados<\/h3>\n\n<h3 class=\"wp-block-heading\">Que tomada de decis\u00e3o automatizada e\/ou perfilamento fazemos com os dados dos utilizadores<\/h3>\n\n<h3 class=\"wp-block-heading\">Requisitos de divulga\u00e7\u00e3o regulamentar da ind\u00fastria<\/h3>\n","protected":false},"excerpt":{"rendered":"<p>Quem somos O endere\u00e7o do nosso site \u00e9: http:\/\/example.com. Quais dados pessoais recolhemos e por que motivo os recolhemos Coment\u00e1rios Quando os visitantes deixam coment\u00e1rios no site, recolhemos os dados mostrados no formul\u00e1rio de coment\u00e1rios, bem como o endere\u00e7o IP do visitante e a string do agente do navegador para ajudar na dete\u00e7\u00e3o de spam. <\/p>\n<div class=\"goto\"><a href=\"https:\/\/espiritodacomporta.com\/pt-pt\/politica-de-privacidade\/\">Ler mais<\/a><\/div>\n","protected":false},"author":1,"featured_media":0,"parent":0,"menu_order":0,"comment_status":"closed","ping_status":"open","template":"","meta":{"_acf_changed":false,"inline_featured_image":false,"footnotes":""},"class_list":["post-71530","page","type-page","status-publish","hentry"],"acf":[],"yoast_head":"<!-- This site is optimized with the Yoast SEO Premium plugin v27.2 (Yoast SEO v27.2) - https:\/\/yoast.com\/product\/yoast-seo-premium-wordpress\/ -->\n<title>Espirito da Comporta - Casas Comporta Portugal - Pol\u00edtica de Privacidade<\/title>\n<meta name=\"description\" content=\"Espirito da Comporta - Casas Comporta Portugal - Pol\u00edtica de Privacidade\" \/>\n<meta name=\"robots\" content=\"index, follow, max-snippet:-1, max-image-preview:large, max-video-preview:-1\" \/>\n<link rel=\"canonical\" href=\"https:\/\/espiritodacomporta.com\/pt-pt\/politica-de-privacidade\/\" \/>\n<meta property=\"og:locale\" content=\"pt_PT\" \/>\n<meta property=\"og:type\" content=\"article\" \/>\n<meta property=\"og:title\" content=\"Pol\u00edtica de Privacidade\" \/>\n<meta property=\"og:description\" content=\"Espirito da Comporta - Casas Comporta Portugal - Pol\u00edtica de Privacidade\" \/>\n<meta property=\"og:url\" content=\"https:\/\/espiritodacomporta.com\/pt-pt\/politica-de-privacidade\/\" \/>\n<meta property=\"og:site_name\" content=\"Live &amp; Feel Comporta Portugal\" \/>\n<meta property=\"article:modified_time\" content=\"2024-07-31T07:48:30+00:00\" \/>\n<meta name=\"twitter:card\" content=\"summary_large_image\" \/>\n<meta name=\"twitter:label1\" content=\"Est. reading time\" \/>\n\t<meta name=\"twitter:data1\" content=\"4 minutes\" \/>\n<script type=\"application\/ld+json\" class=\"yoast-schema-graph\">{\"@context\":\"https:\/\/schema.org\",\"@graph\":[{\"@type\":\"WebPage\",\"@id\":\"https:\/\/espiritodacomporta.com\/pt-pt\/politica-de-privacidade\/\",\"url\":\"https:\/\/espiritodacomporta.com\/pt-pt\/politica-de-privacidade\/\",\"name\":\"Espirito da Comporta - Casas Comporta Portugal - Pol\u00edtica de Privacidade\",\"isPartOf\":{\"@id\":\"https:\/\/espiritodacomporta.com\/pt-pt\/#website\"},\"datePublished\":\"2024-07-31T07:48:22+00:00\",\"dateModified\":\"2024-07-31T07:48:30+00:00\",\"description\":\"Espirito da Comporta - Casas Comporta Portugal - Pol\u00edtica de Privacidade\",\"breadcrumb\":{\"@id\":\"https:\/\/espiritodacomporta.com\/pt-pt\/politica-de-privacidade\/#breadcrumb\"},\"inLanguage\":\"pt-PT\",\"potentialAction\":[{\"@type\":\"ReadAction\",\"target\":[\"https:\/\/espiritodacomporta.com\/pt-pt\/politica-de-privacidade\/\"]}]},{\"@type\":\"BreadcrumbList\",\"@id\":\"https:\/\/espiritodacomporta.com\/pt-pt\/politica-de-privacidade\/#breadcrumb\",\"itemListElement\":[{\"@type\":\"ListItem\",\"position\":1,\"name\":\"Home\",\"item\":\"https:\/\/espiritodacomporta.com\/pt-pt\/\"},{\"@type\":\"ListItem\",\"position\":2,\"name\":\"Pol\u00edtica de Privacidade\"}]},{\"@type\":\"WebSite\",\"@id\":\"https:\/\/espiritodacomporta.com\/pt-pt\/#website\",\"url\":\"https:\/\/espiritodacomporta.com\/pt-pt\/\",\"name\":\"Live & Feel Comporta Portugal\",\"description\":\"\",\"publisher\":{\"@id\":\"https:\/\/espiritodacomporta.com\/pt-pt\/#organization\"},\"potentialAction\":[{\"@type\":\"SearchAction\",\"target\":{\"@type\":\"EntryPoint\",\"urlTemplate\":\"https:\/\/espiritodacomporta.com\/pt-pt\/?s={search_term_string}\"},\"query-input\":{\"@type\":\"PropertyValueSpecification\",\"valueRequired\":true,\"valueName\":\"search_term_string\"}}],\"inLanguage\":\"pt-PT\"},{\"@type\":\"Organization\",\"@id\":\"https:\/\/espiritodacomporta.com\/pt-pt\/#organization\",\"name\":\"Espirito da Comporta\",\"url\":\"https:\/\/espiritodacomporta.com\/pt-pt\/\",\"logo\":{\"@type\":\"ImageObject\",\"inLanguage\":\"pt-PT\",\"@id\":\"https:\/\/espiritodacomporta.com\/pt-pt\/#\/schema\/logo\/image\/\",\"url\":\"https:\/\/espiritodacomporta.com\/app\/uploads\/2023\/09\/LOGO-SIGNATURE@4x.png\",\"contentUrl\":\"https:\/\/espiritodacomporta.com\/app\/uploads\/2023\/09\/LOGO-SIGNATURE@4x.png\",\"width\":321,\"height\":385,\"caption\":\"Espirito da Comporta\"},\"image\":{\"@id\":\"https:\/\/espiritodacomporta.com\/pt-pt\/#\/schema\/logo\/image\/\"},\"sameAs\":[\"https:\/\/www.instagram.com\/almadacomporta\/\"]}]}<\/script>\n<!-- \/ Yoast SEO Premium plugin. -->","yoast_head_json":{"title":"Espirito da Comporta - Casas Comporta Portugal - Pol\u00edtica de Privacidade","description":"Espirito da Comporta - Casas Comporta Portugal - Pol\u00edtica de Privacidade","robots":{"index":"index","follow":"follow","max-snippet":"max-snippet:-1","max-image-preview":"max-image-preview:large","max-video-preview":"max-video-preview:-1"},"canonical":"https:\/\/espiritodacomporta.com\/pt-pt\/politica-de-privacidade\/","og_locale":"pt_PT","og_type":"article","og_title":"Pol\u00edtica de Privacidade","og_description":"Espirito da Comporta - Casas Comporta Portugal - Pol\u00edtica de Privacidade","og_url":"https:\/\/espiritodacomporta.com\/pt-pt\/politica-de-privacidade\/","og_site_name":"Live &amp; Feel Comporta Portugal","article_modified_time":"2024-07-31T07:48:30+00:00","twitter_card":"summary_large_image","twitter_misc":{"Est. reading time":"4 minutes"},"schema":{"@context":"https:\/\/schema.org","@graph":[{"@type":"WebPage","@id":"https:\/\/espiritodacomporta.com\/pt-pt\/politica-de-privacidade\/","url":"https:\/\/espiritodacomporta.com\/pt-pt\/politica-de-privacidade\/","name":"Espirito da Comporta - Casas Comporta Portugal - Pol\u00edtica de Privacidade","isPartOf":{"@id":"https:\/\/espiritodacomporta.com\/pt-pt\/#website"},"datePublished":"2024-07-31T07:48:22+00:00","dateModified":"2024-07-31T07:48:30+00:00","description":"Espirito da Comporta - Casas Comporta Portugal - Pol\u00edtica de Privacidade","breadcrumb":{"@id":"https:\/\/espiritodacomporta.com\/pt-pt\/politica-de-privacidade\/#breadcrumb"},"inLanguage":"pt-PT","potentialAction":[{"@type":"ReadAction","target":["https:\/\/espiritodacomporta.com\/pt-pt\/politica-de-privacidade\/"]}]},{"@type":"BreadcrumbList","@id":"https:\/\/espiritodacomporta.com\/pt-pt\/politica-de-privacidade\/#breadcrumb","itemListElement":[{"@type":"ListItem","position":1,"name":"Home","item":"https:\/\/espiritodacomporta.com\/pt-pt\/"},{"@type":"ListItem","position":2,"name":"Pol\u00edtica de Privacidade"}]},{"@type":"WebSite","@id":"https:\/\/espiritodacomporta.com\/pt-pt\/#website","url":"https:\/\/espiritodacomporta.com\/pt-pt\/","name":"Live & Feel Comporta Portugal","description":"","publisher":{"@id":"https:\/\/espiritodacomporta.com\/pt-pt\/#organization"},"potentialAction":[{"@type":"SearchAction","target":{"@type":"EntryPoint","urlTemplate":"https:\/\/espiritodacomporta.com\/pt-pt\/?s={search_term_string}"},"query-input":{"@type":"PropertyValueSpecification","valueRequired":true,"valueName":"search_term_string"}}],"inLanguage":"pt-PT"},{"@type":"Organization","@id":"https:\/\/espiritodacomporta.com\/pt-pt\/#organization","name":"Espirito da Comporta","url":"https:\/\/espiritodacomporta.com\/pt-pt\/","logo":{"@type":"ImageObject","inLanguage":"pt-PT","@id":"https:\/\/espiritodacomporta.com\/pt-pt\/#\/schema\/logo\/image\/","url":"https:\/\/espiritodacomporta.com\/app\/uploads\/2023\/09\/LOGO-SIGNATURE@4x.png","contentUrl":"https:\/\/espiritodacomporta.com\/app\/uploads\/2023\/09\/LOGO-SIGNATURE@4x.png","width":321,"height":385,"caption":"Espirito da Comporta"},"image":{"@id":"https:\/\/espiritodacomporta.com\/pt-pt\/#\/schema\/logo\/image\/"},"sameAs":["https:\/\/www.instagram.com\/almadacomporta\/"]}]}},"_links":{"self":[{"href":"https:\/\/espiritodacomporta.com\/pt-pt\/wp-json\/wp\/v2\/pages\/71530","targetHints":{"allow":["GET"]}}],"collection":[{"href":"https:\/\/espiritodacomporta.com\/pt-pt\/wp-json\/wp\/v2\/pages"}],"about":[{"href":"https:\/\/espiritodacomporta.com\/pt-pt\/wp-json\/wp\/v2\/types\/page"}],"author":[{"embeddable":true,"href":"https:\/\/espiritodacomporta.com\/pt-pt\/wp-json\/wp\/v2\/users\/1"}],"replies":[{"embeddable":true,"href":"https:\/\/espiritodacomporta.com\/pt-pt\/wp-json\/wp\/v2\/comments?post=71530"}],"version-history":[{"count":0,"href":"https:\/\/espiritodacomporta.com\/pt-pt\/wp-json\/wp\/v2\/pages\/71530\/revisions"}],"wp:attachment":[{"href":"https:\/\/espiritodacomporta.com\/pt-pt\/wp-json\/wp\/v2\/media?parent=71530"}],"curies":[{"name":"wp","href":"https:\/\/api.w.org\/{rel}","templated":true}]}}