{"id":71688,"date":"2024-07-31T09:48:28","date_gmt":"2024-07-31T07:48:28","guid":{"rendered":"https:\/\/espiritodacomporta.com\/a-historia\/"},"modified":"2024-08-01T17:49:47","modified_gmt":"2024-08-01T15:49:47","slug":"a-historia","status":"publish","type":"page","link":"https:\/\/espiritodacomporta.com\/pt-pt\/a-historia\/","title":{"rendered":"A Hist\u00f3ria"},"content":{"rendered":"\n<p class=\"is-style-text-intro\">Casas aut\u00eanticas, aninhadas no cora\u00e7\u00e3o da natureza, com servi\u00e7o e experi\u00eancias personalizadas para voc\u00ea passar momentos inesquec\u00edveis.<\/p>\n\n\n\n<div class=\"wp-block-columns is-layout-flex wp-container-core-columns-is-layout-9d6595d7 wp-block-columns-is-layout-flex\">\n<div class=\"wp-block-column is-layout-flow wp-block-column-is-layout-flow\"><section class=\"homeblocks   \">\n    <section class=\"homeblocks-image \">\n                  <!-- <img decoding=\"async\" src=\"https:\/\/espiritodacomporta.com\/app\/uploads\/2023\/11\/page-the-story-image-1.png\" alt=\"\"> -->\n          <img decoding=\"async\" width=\"594\" height=\"732\" src=\"https:\/\/espiritodacomporta.com\/app\/uploads\/2023\/11\/page-the-story-image-1.png\" class=\"attachment-full size-full\" alt=\"\" loading=\"lazy\" srcset=\"https:\/\/espiritodacomporta.com\/app\/uploads\/2023\/11\/page-the-story-image-1.png 594w, https:\/\/espiritodacomporta.com\/app\/uploads\/2023\/11\/page-the-story-image-1-243x300.png 243w\" sizes=\"auto, (max-width: 594px) 100vw, 594px\" data-attachment-id=\"71727\" data-permalink=\"https:\/\/espiritodacomporta.com\/pt-pt\/a-historia\/page-the-story-image-1-2\/\" data-orig-file=\"https:\/\/espiritodacomporta.com\/app\/uploads\/2023\/11\/page-the-story-image-1.png\" data-orig-size=\"594,732\" data-comments-opened=\"0\" data-image-meta=\"{&quot;aperture&quot;:&quot;0&quot;,&quot;credit&quot;:&quot;&quot;,&quot;camera&quot;:&quot;&quot;,&quot;caption&quot;:&quot;&quot;,&quot;created_timestamp&quot;:&quot;0&quot;,&quot;copyright&quot;:&quot;&quot;,&quot;focal_length&quot;:&quot;0&quot;,&quot;iso&quot;:&quot;0&quot;,&quot;shutter_speed&quot;:&quot;0&quot;,&quot;title&quot;:&quot;&quot;,&quot;orientation&quot;:&quot;0&quot;}\" data-image-title=\"pagina-imagem-historia-1\" data-image-description=\"\" data-image-caption=\"\" data-medium-file=\"https:\/\/espiritodacomporta.com\/app\/uploads\/2023\/11\/page-the-story-image-1-243x300.png\" data-large-file=\"https:\/\/espiritodacomporta.com\/app\/uploads\/2023\/11\/page-the-story-image-1.png\" \/>\n            <\/section>\n    <section class=\"homeblocks-content\">\n        <div class=\"homeblocks-content-inside\">\n            <h2 class=\"titre1\">Espirito da Comporta<\/h2>\n<p class=\"sous-titre1\">No in\u00edcio<\/p>\n<p>Espirito da Comporta nasceu de uma hist\u00f3ria de amor, a de Charline e Antoine Gurwitch por Portugal e, mais precisamente, Comporta. Amantes deste destino com o seu charme preservado, mergulharam na sua hist\u00f3ria, cultura e arte de viver. Come\u00e7aram por criar um blog para partilhar todos os seus encantos. Depois come\u00e7aram a sonhar mais alto e a imaginar a sua casa de f\u00e9rias ideal. Outras casas vieram enriquecer a cole\u00e7\u00e3o sempre com o mesmo desejo: respeitar o esp\u00edrito do lugar e criar casas prop\u00edcias a momentos reais.<\/p>\n<p>Hoje, o esp\u00edrito de Espirito da Comporta estende-se por uma cole\u00e7\u00e3o inteira de casas e cabanas, aninhadas no cora\u00e7\u00e3o da natureza, nutridas pela cultura e enriquecidas com servi\u00e7os. Propriedades para descobrir e viver.<\/p>\n\n\n            \n                    <\/div>\n    <\/section>\n<\/section>\n\n\n<section class=\"homeblocks   \">\n    <section class=\"homeblocks-image  homeblocks-right \">\n                  <!-- <img decoding=\"async\" src=\"https:\/\/espiritodacomporta.com\/app\/uploads\/2023\/12\/story-section-2-nature.png\" alt=\"\"> -->\n          <img decoding=\"async\" width=\"594\" height=\"803\" src=\"https:\/\/espiritodacomporta.com\/app\/uploads\/2023\/12\/story-section-2-nature.png\" class=\"attachment-full size-full\" alt=\"\" loading=\"lazy\" srcset=\"https:\/\/espiritodacomporta.com\/app\/uploads\/2023\/12\/story-section-2-nature.png 594w, https:\/\/espiritodacomporta.com\/app\/uploads\/2023\/12\/story-section-2-nature-222x300.png 222w\" sizes=\"auto, (max-width: 594px) 100vw, 594px\" data-attachment-id=\"71731\" data-permalink=\"https:\/\/espiritodacomporta.com\/pt-pt\/a-historia\/story-section-2-nature-2\/\" data-orig-file=\"https:\/\/espiritodacomporta.com\/app\/uploads\/2023\/12\/story-section-2-nature.png\" data-orig-size=\"594,803\" data-comments-opened=\"0\" data-image-meta=\"{&quot;aperture&quot;:&quot;0&quot;,&quot;credit&quot;:&quot;&quot;,&quot;camera&quot;:&quot;&quot;,&quot;caption&quot;:&quot;&quot;,&quot;created_timestamp&quot;:&quot;0&quot;,&quot;copyright&quot;:&quot;&quot;,&quot;focal_length&quot;:&quot;0&quot;,&quot;iso&quot;:&quot;0&quot;,&quot;shutter_speed&quot;:&quot;0&quot;,&quot;title&quot;:&quot;&quot;,&quot;orientation&quot;:&quot;0&quot;}\" data-image-title=\"historia-secao-2-natureza\" data-image-description=\"\" data-image-caption=\"\" data-medium-file=\"https:\/\/espiritodacomporta.com\/app\/uploads\/2023\/12\/story-section-2-nature-222x300.png\" data-large-file=\"https:\/\/espiritodacomporta.com\/app\/uploads\/2023\/12\/story-section-2-nature.png\" \/>\n            <\/section>\n    <section class=\"homeblocks-content\">\n        <div class=\"homeblocks-content-inside\">\n            <h3>Natureza no cora\u00e7\u00e3o<\/h3>\n<p>Um tesouro escondido, longamente mantido em segredo pelos habitu\u00e9s, Comporta desenvolveu-se fora do mundo e da sua fren\u00e9tica. Os arrozais, a mata de pinheiros, as praias selvagens que margeiam o Oceano Atl\u00e2ntico constituem agora os seus ativos essenciais. Da mesma forma, o respeito pela natureza est\u00e1 no cora\u00e7\u00e3o de todo o nosso pensamento arquitet\u00f3nico. Constru\u00eddas por arquitetos portugueses e com materiais locais, as nossas propriedades integram-se perfeitamente na paisagem, esbatendo as linhas entre o interior e o exterior. Os nossos h\u00f3spedes podem ent\u00e3o viver imersos na natureza circundante, sem nunca comprometer o conforto ou a privacidade.<\/p>\n<h3>A arte de Viver<\/h3>\n<p>Para al\u00e9m da natureza, Comporta \u00e9 tamb\u00e9m um destino conhecido pela sua arquitetura, artesanato e arte de viver. Muitos decoradores encontraram inspira\u00e7\u00e3o aqui e deixaram a sua marca. N\u00e3o \u00e9 necess\u00e1rio ostentar aqui. O luxo dispensa a opul\u00eancia. A eleg\u00e2ncia \u00e9 descontra\u00edda, sem artif\u00edcios. Amantes desta arte de viver, concebemos todas as nossas propriedades com uma forma de evid\u00eancia, focando no belo artesanato local, materiais de qualidade e algumas escolhas audaciosas, mas nunca desmedidas. Permanecer numa casa Espirito da Comporta significa ficar numa casa que j\u00e1 faz parte das suas mem\u00f3rias.<\/p>\n\n\n            \n                    <\/div>\n    <\/section>\n<\/section>\n\n\n<section class=\"homeblocks   \">\n    <section class=\"homeblocks-image \">\n                  <!-- <img decoding=\"async\" src=\"https:\/\/espiritodacomporta.com\/app\/uploads\/2023\/11\/page-the-story-image-2.png\" alt=\"\"> -->\n          <img decoding=\"async\" width=\"594\" height=\"803\" src=\"https:\/\/espiritodacomporta.com\/app\/uploads\/2023\/11\/page-the-story-image-2.png\" class=\"attachment-full size-full\" alt=\"\" loading=\"lazy\" srcset=\"https:\/\/espiritodacomporta.com\/app\/uploads\/2023\/11\/page-the-story-image-2.png 594w, https:\/\/espiritodacomporta.com\/app\/uploads\/2023\/11\/page-the-story-image-2-222x300.png 222w\" sizes=\"auto, (max-width: 594px) 100vw, 594px\" data-attachment-id=\"71729\" data-permalink=\"https:\/\/espiritodacomporta.com\/pt-pt\/a-historia\/page-the-story-image-2-2\/\" data-orig-file=\"https:\/\/espiritodacomporta.com\/app\/uploads\/2023\/11\/page-the-story-image-2.png\" data-orig-size=\"594,803\" data-comments-opened=\"0\" data-image-meta=\"{&quot;aperture&quot;:&quot;0&quot;,&quot;credit&quot;:&quot;&quot;,&quot;camera&quot;:&quot;&quot;,&quot;caption&quot;:&quot;&quot;,&quot;created_timestamp&quot;:&quot;0&quot;,&quot;copyright&quot;:&quot;&quot;,&quot;focal_length&quot;:&quot;0&quot;,&quot;iso&quot;:&quot;0&quot;,&quot;shutter_speed&quot;:&quot;0&quot;,&quot;title&quot;:&quot;&quot;,&quot;orientation&quot;:&quot;0&quot;}\" data-image-title=\"pagina-imagem-historia-2\" data-image-description=\"\" data-image-caption=\"\" data-medium-file=\"https:\/\/espiritodacomporta.com\/app\/uploads\/2023\/11\/page-the-story-image-2-222x300.png\" data-large-file=\"https:\/\/espiritodacomporta.com\/app\/uploads\/2023\/11\/page-the-story-image-2.png\" \/>\n            <\/section>\n    <section class=\"homeblocks-content\">\n        <div class=\"homeblocks-content-inside\">\n            <h3>Nossa filosofia<\/h3>\n<p>A nossa filosofia \u00e9 reconciliar a privacidade e o conforto das propriedades privadas com servi\u00e7os de hotel reais, ajustados conforme as suas necessidades. Desde a sua reserva at\u00e9 ao dia da sua partida, apoiamo-lo para tornar a sua estadia uma experi\u00eancia inesquec\u00edvel.<\/p>\n<h3>Rumo a um novo tipo de hospitalidade<\/h3>\n<p>Espirito da Comporta \u00e9 a promessa de sentir-se bem, em casa, de forma \u00f3bvia e espont\u00e2nea, enquanto beneficia de servi\u00e7os personalizados. \u00c9 querer desacelerar, conectar-se consigo mesmo, com os seus entes queridos, com a natureza e sair transformado. \u00c9 uma vis\u00e3o moderna da hospitalidade, adaptada aos valores do nosso tempo, para as tribos de hoje, onde a autenticidade \u00e9 melhor que o artif\u00edcio, onde ser prevalece sobre parecer, onde o conforto dispensa a opul\u00eancia.<\/p>\n\n\n            \n                    <\/div>\n    <\/section>\n<\/section>\n<\/div>\n<\/div>\n","protected":false},"excerpt":{"rendered":"<p>Casas aut\u00eanticas, aninhadas no cora\u00e7\u00e3o da natureza, com servi\u00e7o e experi\u00eancias personalizadas para voc\u00ea passar momentos inesquec\u00edveis.<\/p>\n","protected":false},"author":1,"featured_media":71724,"parent":0,"menu_order":0,"comment_status":"closed","ping_status":"closed","template":"","meta":{"_acf_changed":false,"inline_featured_image":false,"footnotes":""},"class_list":["post-71688","page","type-page","status-publish","has-post-thumbnail","hentry"],"acf":[],"yoast_head":"<!-- This site is optimized with the Yoast SEO Premium plugin v27.2 (Yoast SEO v27.2) - https:\/\/yoast.com\/product\/yoast-seo-premium-wordpress\/ -->\n<title>Comporta Portugal - Cria\u00e7\u00e3o de Casas T\u00edpicas - O Projeto<\/title>\n<meta name=\"description\" content=\"Uma natureza preservada, arrozais e pinheiros at\u00e9 onde a vista alcan\u00e7a... \u00c9 neste para\u00edso que decidimos construir as nossas t\u00edpicas cabanas de Comporta.\" \/>\n<meta name=\"robots\" content=\"index, follow, max-snippet:-1, max-image-preview:large, max-video-preview:-1\" \/>\n<link rel=\"canonical\" href=\"https:\/\/espiritodacomporta.com\/pt-pt\/a-historia\/\" \/>\n<meta property=\"og:locale\" content=\"pt_PT\" \/>\n<meta property=\"og:type\" content=\"article\" \/>\n<meta property=\"og:title\" content=\"A Hist\u00f3ria\" \/>\n<meta property=\"og:description\" content=\"Uma natureza preservada, arrozais e pinheiros at\u00e9 onde a vista alcan\u00e7a... \u00c9 neste para\u00edso que decidimos construir as nossas t\u00edpicas cabanas de Comporta.\" \/>\n<meta property=\"og:url\" content=\"https:\/\/espiritodacomporta.com\/pt-pt\/a-historia\/\" \/>\n<meta property=\"og:site_name\" content=\"Live &amp; Feel Comporta Portugal\" \/>\n<meta property=\"article:modified_time\" content=\"2024-08-01T15:49:47+00:00\" \/>\n<meta property=\"og:image\" content=\"https:\/\/espiritodacomporta.com\/app\/uploads\/2023\/10\/page-the-story.png\" \/>\n\t<meta property=\"og:image:width\" content=\"1440\" \/>\n\t<meta property=\"og:image:height\" content=\"664\" \/>\n\t<meta property=\"og:image:type\" content=\"image\/png\" \/>\n<meta name=\"twitter:card\" content=\"summary_large_image\" \/>\n<meta name=\"twitter:label1\" content=\"Est. reading time\" \/>\n\t<meta name=\"twitter:data1\" content=\"1 minute\" \/>\n<script type=\"application\/ld+json\" class=\"yoast-schema-graph\">{\"@context\":\"https:\/\/schema.org\",\"@graph\":[{\"@type\":\"WebPage\",\"@id\":\"https:\/\/espiritodacomporta.com\/pt-pt\/a-historia\/\",\"url\":\"https:\/\/espiritodacomporta.com\/pt-pt\/a-historia\/\",\"name\":\"Comporta Portugal - Cria\u00e7\u00e3o de Casas T\u00edpicas - O Projeto\",\"isPartOf\":{\"@id\":\"https:\/\/espiritodacomporta.com\/pt-pt\/#website\"},\"primaryImageOfPage\":{\"@id\":\"https:\/\/espiritodacomporta.com\/pt-pt\/a-historia\/#primaryimage\"},\"image\":{\"@id\":\"https:\/\/espiritodacomporta.com\/pt-pt\/a-historia\/#primaryimage\"},\"thumbnailUrl\":\"https:\/\/espiritodacomporta.com\/app\/uploads\/2023\/10\/page-the-story.png\",\"datePublished\":\"2024-07-31T07:48:28+00:00\",\"dateModified\":\"2024-08-01T15:49:47+00:00\",\"description\":\"Uma natureza preservada, arrozais e pinheiros at\u00e9 onde a vista alcan\u00e7a... \u00c9 neste para\u00edso que decidimos construir as nossas t\u00edpicas cabanas de Comporta.\",\"breadcrumb\":{\"@id\":\"https:\/\/espiritodacomporta.com\/pt-pt\/a-historia\/#breadcrumb\"},\"inLanguage\":\"pt-PT\",\"potentialAction\":[{\"@type\":\"ReadAction\",\"target\":[\"https:\/\/espiritodacomporta.com\/pt-pt\/a-historia\/\"]}]},{\"@type\":\"ImageObject\",\"inLanguage\":\"pt-PT\",\"@id\":\"https:\/\/espiritodacomporta.com\/pt-pt\/a-historia\/#primaryimage\",\"url\":\"https:\/\/espiritodacomporta.com\/app\/uploads\/2023\/10\/page-the-story.png\",\"contentUrl\":\"https:\/\/espiritodacomporta.com\/app\/uploads\/2023\/10\/page-the-story.png\",\"width\":1440,\"height\":664},{\"@type\":\"BreadcrumbList\",\"@id\":\"https:\/\/espiritodacomporta.com\/pt-pt\/a-historia\/#breadcrumb\",\"itemListElement\":[{\"@type\":\"ListItem\",\"position\":1,\"name\":\"Home\",\"item\":\"https:\/\/espiritodacomporta.com\/pt-pt\/\"},{\"@type\":\"ListItem\",\"position\":2,\"name\":\"A Hist\u00f3ria\"}]},{\"@type\":\"WebSite\",\"@id\":\"https:\/\/espiritodacomporta.com\/pt-pt\/#website\",\"url\":\"https:\/\/espiritodacomporta.com\/pt-pt\/\",\"name\":\"Live & Feel Comporta Portugal\",\"description\":\"\",\"publisher\":{\"@id\":\"https:\/\/espiritodacomporta.com\/pt-pt\/#organization\"},\"potentialAction\":[{\"@type\":\"SearchAction\",\"target\":{\"@type\":\"EntryPoint\",\"urlTemplate\":\"https:\/\/espiritodacomporta.com\/pt-pt\/?s={search_term_string}\"},\"query-input\":{\"@type\":\"PropertyValueSpecification\",\"valueRequired\":true,\"valueName\":\"search_term_string\"}}],\"inLanguage\":\"pt-PT\"},{\"@type\":\"Organization\",\"@id\":\"https:\/\/espiritodacomporta.com\/pt-pt\/#organization\",\"name\":\"Espirito da Comporta\",\"url\":\"https:\/\/espiritodacomporta.com\/pt-pt\/\",\"logo\":{\"@type\":\"ImageObject\",\"inLanguage\":\"pt-PT\",\"@id\":\"https:\/\/espiritodacomporta.com\/pt-pt\/#\/schema\/logo\/image\/\",\"url\":\"https:\/\/espiritodacomporta.com\/app\/uploads\/2023\/09\/LOGO-SIGNATURE@4x.png\",\"contentUrl\":\"https:\/\/espiritodacomporta.com\/app\/uploads\/2023\/09\/LOGO-SIGNATURE@4x.png\",\"width\":321,\"height\":385,\"caption\":\"Espirito da Comporta\"},\"image\":{\"@id\":\"https:\/\/espiritodacomporta.com\/pt-pt\/#\/schema\/logo\/image\/\"},\"sameAs\":[\"https:\/\/www.instagram.com\/almadacomporta\/\"]}]}<\/script>\n<!-- \/ Yoast SEO Premium plugin. -->","yoast_head_json":{"title":"Comporta Portugal - Cria\u00e7\u00e3o de Casas T\u00edpicas - O Projeto","description":"Uma natureza preservada, arrozais e pinheiros at\u00e9 onde a vista alcan\u00e7a... \u00c9 neste para\u00edso que decidimos construir as nossas t\u00edpicas cabanas de Comporta.","robots":{"index":"index","follow":"follow","max-snippet":"max-snippet:-1","max-image-preview":"max-image-preview:large","max-video-preview":"max-video-preview:-1"},"canonical":"https:\/\/espiritodacomporta.com\/pt-pt\/a-historia\/","og_locale":"pt_PT","og_type":"article","og_title":"A Hist\u00f3ria","og_description":"Uma natureza preservada, arrozais e pinheiros at\u00e9 onde a vista alcan\u00e7a... \u00c9 neste para\u00edso que decidimos construir as nossas t\u00edpicas cabanas de Comporta.","og_url":"https:\/\/espiritodacomporta.com\/pt-pt\/a-historia\/","og_site_name":"Live &amp; Feel Comporta Portugal","article_modified_time":"2024-08-01T15:49:47+00:00","og_image":[{"width":1440,"height":664,"url":"https:\/\/espiritodacomporta.com\/app\/uploads\/2023\/10\/page-the-story.png","type":"image\/png"}],"twitter_card":"summary_large_image","twitter_misc":{"Est. reading time":"1 minute"},"schema":{"@context":"https:\/\/schema.org","@graph":[{"@type":"WebPage","@id":"https:\/\/espiritodacomporta.com\/pt-pt\/a-historia\/","url":"https:\/\/espiritodacomporta.com\/pt-pt\/a-historia\/","name":"Comporta Portugal - Cria\u00e7\u00e3o de Casas T\u00edpicas - O Projeto","isPartOf":{"@id":"https:\/\/espiritodacomporta.com\/pt-pt\/#website"},"primaryImageOfPage":{"@id":"https:\/\/espiritodacomporta.com\/pt-pt\/a-historia\/#primaryimage"},"image":{"@id":"https:\/\/espiritodacomporta.com\/pt-pt\/a-historia\/#primaryimage"},"thumbnailUrl":"https:\/\/espiritodacomporta.com\/app\/uploads\/2023\/10\/page-the-story.png","datePublished":"2024-07-31T07:48:28+00:00","dateModified":"2024-08-01T15:49:47+00:00","description":"Uma natureza preservada, arrozais e pinheiros at\u00e9 onde a vista alcan\u00e7a... \u00c9 neste para\u00edso que decidimos construir as nossas t\u00edpicas cabanas de Comporta.","breadcrumb":{"@id":"https:\/\/espiritodacomporta.com\/pt-pt\/a-historia\/#breadcrumb"},"inLanguage":"pt-PT","potentialAction":[{"@type":"ReadAction","target":["https:\/\/espiritodacomporta.com\/pt-pt\/a-historia\/"]}]},{"@type":"ImageObject","inLanguage":"pt-PT","@id":"https:\/\/espiritodacomporta.com\/pt-pt\/a-historia\/#primaryimage","url":"https:\/\/espiritodacomporta.com\/app\/uploads\/2023\/10\/page-the-story.png","contentUrl":"https:\/\/espiritodacomporta.com\/app\/uploads\/2023\/10\/page-the-story.png","width":1440,"height":664},{"@type":"BreadcrumbList","@id":"https:\/\/espiritodacomporta.com\/pt-pt\/a-historia\/#breadcrumb","itemListElement":[{"@type":"ListItem","position":1,"name":"Home","item":"https:\/\/espiritodacomporta.com\/pt-pt\/"},{"@type":"ListItem","position":2,"name":"A Hist\u00f3ria"}]},{"@type":"WebSite","@id":"https:\/\/espiritodacomporta.com\/pt-pt\/#website","url":"https:\/\/espiritodacomporta.com\/pt-pt\/","name":"Live & Feel Comporta Portugal","description":"","publisher":{"@id":"https:\/\/espiritodacomporta.com\/pt-pt\/#organization"},"potentialAction":[{"@type":"SearchAction","target":{"@type":"EntryPoint","urlTemplate":"https:\/\/espiritodacomporta.com\/pt-pt\/?s={search_term_string}"},"query-input":{"@type":"PropertyValueSpecification","valueRequired":true,"valueName":"search_term_string"}}],"inLanguage":"pt-PT"},{"@type":"Organization","@id":"https:\/\/espiritodacomporta.com\/pt-pt\/#organization","name":"Espirito da Comporta","url":"https:\/\/espiritodacomporta.com\/pt-pt\/","logo":{"@type":"ImageObject","inLanguage":"pt-PT","@id":"https:\/\/espiritodacomporta.com\/pt-pt\/#\/schema\/logo\/image\/","url":"https:\/\/espiritodacomporta.com\/app\/uploads\/2023\/09\/LOGO-SIGNATURE@4x.png","contentUrl":"https:\/\/espiritodacomporta.com\/app\/uploads\/2023\/09\/LOGO-SIGNATURE@4x.png","width":321,"height":385,"caption":"Espirito da Comporta"},"image":{"@id":"https:\/\/espiritodacomporta.com\/pt-pt\/#\/schema\/logo\/image\/"},"sameAs":["https:\/\/www.instagram.com\/almadacomporta\/"]}]}},"_links":{"self":[{"href":"https:\/\/espiritodacomporta.com\/pt-pt\/wp-json\/wp\/v2\/pages\/71688","targetHints":{"allow":["GET"]}}],"collection":[{"href":"https:\/\/espiritodacomporta.com\/pt-pt\/wp-json\/wp\/v2\/pages"}],"about":[{"href":"https:\/\/espiritodacomporta.com\/pt-pt\/wp-json\/wp\/v2\/types\/page"}],"author":[{"embeddable":true,"href":"https:\/\/espiritodacomporta.com\/pt-pt\/wp-json\/wp\/v2\/users\/1"}],"replies":[{"embeddable":true,"href":"https:\/\/espiritodacomporta.com\/pt-pt\/wp-json\/wp\/v2\/comments?post=71688"}],"version-history":[{"count":0,"href":"https:\/\/espiritodacomporta.com\/pt-pt\/wp-json\/wp\/v2\/pages\/71688\/revisions"}],"wp:featuredmedia":[{"embeddable":true,"href":"https:\/\/espiritodacomporta.com\/pt-pt\/wp-json\/wp\/v2\/media\/71724"}],"wp:attachment":[{"href":"https:\/\/espiritodacomporta.com\/pt-pt\/wp-json\/wp\/v2\/media?parent=71688"}],"curies":[{"name":"wp","href":"https:\/\/api.w.org\/{rel}","templated":true}]}}